{"id":5115,"date":"2023-04-25T12:33:18","date_gmt":"2023-04-25T10:33:18","guid":{"rendered":"https:\/\/adocia.s18854168.onlinehome-server.info\/a-propos\/"},"modified":"2023-09-28T12:02:23","modified_gmt":"2023-09-28T10:02:23","slug":"a-propos","status":"publish","type":"page","link":"https:\/\/adocia.s18854168.onlinehome-server.info\/fr\/adocia\/a-propos\/","title":{"rendered":"\u00c0 propos"},"content":{"rendered":"<section class=\"wpb-content-wrapper\"><p>[vc_row content_placement=\u00a0\u00bbmiddle\u00a0\u00bb el_id=\u00a0\u00bbfirstimg\u00a0\u00bb css=\u00a0\u00bb.vc_custom_1686318612338{background-image: url(https:\/\/adocia.s18854168.onlinehome-server.info\/composants\/uploads\/2023\/04\/firstimg-adocia.jpg?id=98) !important;background-position: center !important;background-repeat: no-repeat !important;background-size: cover !important;}\u00a0\u00bb][vc_column][vc_row_inner el_class=\u00a0\u00bbcontainer\u00a0\u00bb][vc_column_inner el_class=\u00a0\u00bbfadeInLeft\u00a0\u00bb width=\u00a0\u00bb3\/4&Prime; offset=\u00a0\u00bbvc_col-md-5&Prime;][vc_column_text el_class=\u00a0\u00bbmw-300&Prime;]<\/p>\n<h1>\u00c0 propos<\/h1>\n<p>[\/vc_column_text][vc_column_text]<\/p>\n<p class=\"p1\">Adocia est une soci\u00e9t\u00e9 de biotechnologie innovante sp\u00e9cialis\u00e9e dans l\u2019innovation et le d\u00e9veloppement de solutions th\u00e9rapeutiques pour les maladies m\u00e9taboliques.<\/p>\n<p>[\/vc_column_text]\n        <a class=\"theme-btn\" href=\"https:\/\/adocia.s18854168.onlinehome-server.info\/contact\/\" target=\"\" rel=\"\">\n        Contact us                    <img decoding=\"async\" src=\"https:\/\/adocia.s18854168.onlinehome-server.info\/composants\/themes\/adocia\/inc\/assets\/img\/icon-arrow_right.svg\" alt=\"Arrow right\">\n            <\/a>\n    \n    [\/vc_column_inner][\/vc_row_inner][\/vc_column][\/vc_row][vc_row content_placement=\u00a0\u00bbmiddle\u00a0\u00bb el_class=\u00a0\u00bbcontainer block-separator\u00a0\u00bb][vc_column][vc_column_text][\/vc_column_text][\/vc_column][\/vc_row][vc_row el_class=\u00a0\u00bbcontainer mt-5&Prime;][vc_column][vc_column_text]\t\t\t<!-- Flexy Breadcrumb -->\r\n\t\t\t<div class=\"fbc fbc-page\">\r\n\r\n\t\t\t\t<!-- Breadcrumb wrapper -->\r\n\t\t\t\t<div class=\"fbc-wrap\">\r\n\r\n\t\t\t\t\t<!-- Ordered list-->\r\n\t\t\t\t\t<ol class=\"fbc-items\" itemscope itemtype=\"https:\/\/schema.org\/BreadcrumbList\">\r\n\t\t\t\t\t\t            <li itemprop=\"itemListElement\" itemscope itemtype=\"https:\/\/schema.org\/ListItem\">\r\n                <span itemprop=\"name\">\r\n                    <!-- Home Link -->\r\n                    <a itemprop=\"item\" href=\"https:\/\/adocia.s18854168.onlinehome-server.info\">\r\n                    \r\n                                                    <i class=\"fa fa-home\" aria-hidden=\"true\"><\/i>Home                    <\/a>\r\n                <\/span>\r\n                <meta itemprop=\"position\" content=\"1\" \/><!-- Meta Position-->\r\n             <\/li><li><span class=\"fbc-separator\">\/<\/span><\/li><li class=\"active\" itemprop=\"itemListElement\" itemscope itemtype=\"https:\/\/schema.org\/ListItem\"><span itemprop=\"name\" title=\"\u00c0 propos\">\u00c0 propos<\/span><meta itemprop=\"position\" content=\"2\" \/><\/li>\t\t\t\t\t<\/ol>\r\n\t\t\t\t\t<div class=\"clearfix\"><\/div>\r\n\t\t\t\t<\/div>\r\n\t\t\t<\/div>\r\n\t\t\t[\/vc_column_text][\/vc_column][\/vc_row][vc_row el_class=\u00a0\u00bbcontainer cstm-block\u00a0\u00bb][vc_column offset=\u00a0\u00bbvc_col-lg-8&Prime; el_class=\u00a0\u00bbfadeInLeft\u00a0\u00bb][vc_column_text el_class=\u00a0\u00bbcstm-block-txt\u00a0\u00bb]<\/p>\n<h2>Adocia est une soci\u00e9t\u00e9 fran\u00e7aise de biotechnologie au stade clinique<\/h2>\n<p>Les principales activit\u00e9s de la soci\u00e9t\u00e9 sont l&rsquo;innovation, la recherche et le d\u00e9veloppement de nouvelles solutions th\u00e9rapeutiques pour am\u00e9liorer la vie des personnes souffrant de maladies m\u00e9taboliques chroniques, telles que le diab\u00e8te et l&rsquo;ob\u00e9sit\u00e9. Les innovations d&rsquo;Adocia ont un objectif commun : am\u00e9liorer les traitements, apporter de nouveaux b\u00e9n\u00e9fices m\u00e9dicaux aux patients et couvrir des besoins m\u00e9dicaux non satisfaits. S&rsquo;appuyant sur des plateformes technologiques de rupture, les solutions d&rsquo;Adocia vont des formulations innovantes de peptides et de prot\u00e9ines d\u00e9j\u00e0 approuv\u00e9es \u00e0 la th\u00e9rapie cellulaire.<\/p>\n<p>Depuis sa <a href=\"https:\/\/adocia.s18854168.onlinehome-server.info\/fr\/adocia\/histoire\/\">cr\u00e9ation<\/a>, Adocia a construit une expertise unique dans le diab\u00e8te et l&rsquo;ob\u00e9sit\u00e9, ces deux maladies \u00e9tant \u00e9troitement li\u00e9es. Les formulations innovantes d&rsquo;insulines et d&rsquo;autres hormones m\u00e9taboliques &#8211; hormones jouant un r\u00f4le central dans le diab\u00e8te et l&rsquo;ob\u00e9sit\u00e9 &#8211; sont au c\u0153ur des pr\u00e9occupations d&rsquo;Adocia. Au fil des ann\u00e9es, Adocia a constitu\u00e9 un riche portefeuille de produits de sp\u00e9cialit\u00e9 qui est l&rsquo;un des plus larges et des plus diff\u00e9renci\u00e9s pour le traitement du diab\u00e8te de type 1, du diab\u00e8te de type 2 et de l&rsquo;ob\u00e9sit\u00e9.[\/vc_column_text][\/vc_column][vc_column width=\u00a0\u00bb1\/3&Prime; el_class=\u00a0\u00bbcstm-block-img\u00a0\u00bb][vc_single_image image=\u00a0\u00bb122&Prime; img_size=\u00a0\u00bbfull\u00a0\u00bb][\/vc_column][\/vc_row][vc_row][vc_column]\n    <div class=\"line_separator `{`object Object`}`\">\n        <svg version=\"1.1\" xmlns=\"http:\/\/www.w3.org\/2000\/svg\" xmlns:xlink=\"http:\/\/www.w3.org\/1999\/xlink\" x=\"0px\" y=\"0px\"\n             viewBox=\"0 0 1920 165\" style=\"enable-background:new 0 0 1920 165;\" xml:space=\"preserve\">\n            <linearGradient id=\"svg_gradient\" gradientUnits=\"userSpaceOnUse\" x1=\"0.995\" y1=\"1082.1384\" x2=\"1.9486\" y2=\"1082.1384\" gradientTransform=\"matrix(2013.24 0 0 -2013.24 -2003.0748 2178686.75)\">\n                <stop  offset=\"0\" style=\"stop-color:#009AA8\"\/>\n                <stop  offset=\"4.545450e-03\" style=\"stop-color:#009AA8\"\/>\n                <stop  offset=\"0.9955\" style=\"stop-color:#9EC41A\"\/>\n                <stop  offset=\"1\" style=\"stop-color:#9EC41A\"\/>\n            <\/linearGradient>\n            <path d=\"M1919.7,104.3c-247.7,37.4-498.5,56.4-745.4,56.4c-164,0-327.7-8.4-486.7-24.9\n        C560.5,122.6,436.1,104.2,317.9,81C116.3,41.6,1.8,1.8,0.6,1.4L0,1.1v3.1c8.1,2.8,119.7,41,317.7,79.7\n        c118.3,23.1,242.7,41.6,369.9,54.8c159,16.5,322.7,24.9,486.7,24.9c247,0,497.9-19,745.7-56.4v-3L1919.7,104.3z\"\/>\n        <\/svg>\n    <\/div>\n\n    [\/vc_column][\/vc_row][vc_row rtl_reverse=\u00a0\u00bbyes\u00a0\u00bb el_class=\u00a0\u00bbcontainer cstm-block img-to-left\u00a0\u00bb][vc_column width=\u00a0\u00bb2\/3&Prime; el_class=\u00a0\u00bbmt-4 fadeInRight\u00a0\u00bb][vc_column_text el_class=\u00a0\u00bbcstm-block-txt\u00a0\u00bb]<\/p>\n<h2>Un portefeuille diversifi\u00e9 de produits de sp\u00e9cialit\u00e9<\/h2>\n<p>Le <a href=\"https:\/\/adocia.s18854168.onlinehome-server.info\/products-and-plateform\/pipeline\/\">portefeuille<\/a> d&rsquo;Adocia repose sur 4 <a href=\"https:\/\/adocia.s18854168.onlinehome-server.info\/products-and-plateform\/technology-platform\/\">plateformes technologiques<\/a> brevet\u00e9es, <a href=\"https:\/\/adocia.s18854168.onlinehome-server.info\/fr\/technology-platform\/biochaperone\/\">BioChaperone<sup>\u00ae<\/sup><\/a>, <a href=\"https:\/\/adocia.s18854168.onlinehome-server.info\/fr\/technology-platform\/adoshell\/\">AdoShell<sup>\u00ae<\/sup><\/a>, <a href=\"https:\/\/adocia.s18854168.onlinehome-server.info\/fr\/technology-platform\/adoral\/\">AdOral<sup>\u00ae<\/sup><\/a> et <a href=\"https:\/\/adocia.s18854168.onlinehome-server.info\/fr\/technology-platform\/adogel\/\">AdoGel<\/a><sup>\u00ae<\/sup>, avec des produits de sp\u00e9cialit\u00e9 propri\u00e9taires en essais cliniques allant de la Phase 1 \u00e0 la Phase 3.[\/vc_column_text][\/vc_column][vc_column width=\u00a0\u00bb1\/3&Prime; el_class=\u00a0\u00bbcstm-block-img\u00a0\u00bb][vc_single_image image=\u00a0\u00bb131&Prime; img_size=\u00a0\u00bbfull\u00a0\u00bb][\/vc_column][\/vc_row][vc_row][vc_column]\n    <div class=\"line_separator `{`object Object`}`\">\n        <svg version=\"1.1\" xmlns=\"http:\/\/www.w3.org\/2000\/svg\" xmlns:xlink=\"http:\/\/www.w3.org\/1999\/xlink\" x=\"0px\" y=\"0px\"\n             viewBox=\"0 0 1920 165\" style=\"enable-background:new 0 0 1920 165;\" xml:space=\"preserve\">\n            <linearGradient id=\"svg_gradient\" gradientUnits=\"userSpaceOnUse\" x1=\"0.995\" y1=\"1082.1384\" x2=\"1.9486\" y2=\"1082.1384\" gradientTransform=\"matrix(2013.24 0 0 -2013.24 -2003.0748 2178686.75)\">\n                <stop  offset=\"0\" style=\"stop-color:#009AA8\"\/>\n                <stop  offset=\"4.545450e-03\" style=\"stop-color:#009AA8\"\/>\n                <stop  offset=\"0.9955\" style=\"stop-color:#9EC41A\"\/>\n                <stop  offset=\"1\" style=\"stop-color:#9EC41A\"\/>\n            <\/linearGradient>\n            <path d=\"M1919.7,104.3c-247.7,37.4-498.5,56.4-745.4,56.4c-164,0-327.7-8.4-486.7-24.9\n        C560.5,122.6,436.1,104.2,317.9,81C116.3,41.6,1.8,1.8,0.6,1.4L0,1.1v3.1c8.1,2.8,119.7,41,317.7,79.7\n        c118.3,23.1,242.7,41.6,369.9,54.8c159,16.5,322.7,24.9,486.7,24.9c247,0,497.9-19,745.7-56.4v-3L1919.7,104.3z\"\/>\n        <\/svg>\n    <\/div>\n\n    [\/vc_column][\/vc_row][vc_row el_class=\u00a0\u00bbcontainer cstm-block\u00a0\u00bb][vc_column css_animation=\u00a0\u00bbnone\u00a0\u00bb offset=\u00a0\u00bbvc_col-lg-8&Prime; el_class=\u00a0\u00bbmt-4 fadeInLeft\u00a0\u00bb][vc_column_text el_class=\u00a0\u00bbcstm-block-txt\u00a0\u00bb]Avec le d\u00e9veloppement de la technologie phare <a href=\"https:\/\/adocia.s18854168.onlinehome-server.info\/fr\/technology-platform\/biochaperone\/\">BioChaperone<\/a><sup>\u00ae<\/sup> (BC) visant \u00e0 optimiser la performance des prot\u00e9ines th\u00e9rapeutiques tout en am\u00e9liorant la facilit\u00e9 d&rsquo;utilisation par les patients, Adocia a \u00e9t\u00e9 reconnue comme un leader dans la formulation de produits injectables. Ainsi, <a href=\"https:\/\/adocia.s18854168.onlinehome-server.info\/fr\/products\/biochaperone-lispro\/\">BioChaperone<sup>\u00ae<\/sup> Lispro<\/a> et <a href=\"https:\/\/adocia.s18854168.onlinehome-server.info\/fr\/products\/biochaperone-combo\/\">BioChaperone<sup>\u00ae<\/sup> Combo,<\/a> deux produits \u00e0 base d&rsquo;insuline formul\u00e9s avec BioChaperone<sup>\u00ae<\/sup> pour un contr\u00f4le glyc\u00e9mique plus pr\u00e9cis, ont fait l&rsquo;objet de partenariats en Asie. En 2018, Adocia a accord\u00e9 \u00e0 Tonghua Dongbao des licences de d\u00e9veloppement et de commercialisation de ces deux produits en Chine et dans d&rsquo;autres territoires d&rsquo;Asie et du Moyen-Orient.<\/p>\n<p>L&rsquo;accord de licence comprenait 50 millions de dollars de paiement initial et jusqu&rsquo;\u00e0 85 millions de dollars d&rsquo;\u00e9tapes de d\u00e9veloppement, plus des redevances \u00e0 deux chiffres sur les ventes.<\/p>\n<p>Le mod\u00e8le \u00e9conomique d&rsquo;Adocia est de licencier ses produits de sp\u00e9cialit\u00e9 propri\u00e9taires \u00e0 des soci\u00e9t\u00e9s pharmaceutiques, apr\u00e8s la d\u00e9monstration de la preuve du concept, ainsi que d&rsquo;\u00e9tablir des partenariats sur ses plateformes technologiques.<span class=\"Apple-converted-space\">\u00a0<\/span><\/p>\n<p>.[\/vc_column_text][\/vc_column][vc_column width=\u00a0\u00bb1\/3&Prime; el_class=\u00a0\u00bbcstm-block-img\u00a0\u00bb][vc_single_image image=\u00a0\u00bb133&Prime; img_size=\u00a0\u00bbfull\u00a0\u00bb][\/vc_column][\/vc_row][vc_row][vc_column]\n    <div class=\"line_separator st2\">\n        <svg version=\"1.1\" xmlns=\"http:\/\/www.w3.org\/2000\/svg\" xmlns:xlink=\"http:\/\/www.w3.org\/1999\/xlink\" x=\"0px\" y=\"0px\"\n             viewBox=\"0 0 1920 165\" style=\"enable-background:new 0 0 1920 165;\" xml:space=\"preserve\">\n            <linearGradient id=\"svg_gradient\" gradientUnits=\"userSpaceOnUse\" x1=\"0.995\" y1=\"1082.1384\" x2=\"1.9486\" y2=\"1082.1384\" gradientTransform=\"matrix(2013.24 0 0 -2013.24 -2003.0748 2178686.75)\">\n                <stop  offset=\"0\" style=\"stop-color:#009AA8\"\/>\n                <stop  offset=\"4.545450e-03\" style=\"stop-color:#009AA8\"\/>\n                <stop  offset=\"0.9955\" style=\"stop-color:#9EC41A\"\/>\n                <stop  offset=\"1\" style=\"stop-color:#9EC41A\"\/>\n            <\/linearGradient>\n            <path d=\"M1919.7,104.3c-247.7,37.4-498.5,56.4-745.4,56.4c-164,0-327.7-8.4-486.7-24.9\n        C560.5,122.6,436.1,104.2,317.9,81C116.3,41.6,1.8,1.8,0.6,1.4L0,1.1v3.1c8.1,2.8,119.7,41,317.7,79.7\n        c118.3,23.1,242.7,41.6,369.9,54.8c159,16.5,322.7,24.9,486.7,24.9c247,0,497.9-19,745.7-56.4v-3L1919.7,104.3z\"\/>\n        <\/svg>\n    <\/div>\n\n    [\/vc_column][\/vc_row][vc_row][vc_column]\n    <div class=\"cstm-block t2\">\n        <div class=\"cstm-block-img\">\n            <img loading=\"lazy\" decoding=\"async\" width=\"1157\" height=\"772\" src=\"https:\/\/adocia.s18854168.onlinehome-server.info\/composants\/uploads\/2023\/04\/adocia-picture-6.jpg\" class=\"attachment-full size-full\" alt=\"\" srcset=\"https:\/\/adocia.s18854168.onlinehome-server.info\/composants\/uploads\/2023\/04\/adocia-picture-6.jpg 1157w, https:\/\/adocia.s18854168.onlinehome-server.info\/composants\/uploads\/2023\/04\/adocia-picture-6-300x200.jpg 300w, https:\/\/adocia.s18854168.onlinehome-server.info\/composants\/uploads\/2023\/04\/adocia-picture-6-1024x683.jpg 1024w, https:\/\/adocia.s18854168.onlinehome-server.info\/composants\/uploads\/2023\/04\/adocia-picture-6-768x512.jpg 768w\" sizes=\"auto, (max-width: 1157px) 100vw, 1157px\" \/>        <\/div>\n        <div class=\"content\">\n            <h2 class=\"title fadeInRight\">\u201c Innovative Medicine for Everyone, Everywhere \u201d<\/h2>\n        <div class=\"cstm-block-txt fadeInRight\">\n            Cette devise repr\u00e9sente les valeurs auxquelles nous croyons. Elle est au c\u0153ur de notre communication et souligne la vision humaniste de notre mission. Le diab\u00e8te et l&rsquo;ob\u00e9sit\u00e9 sont des pand\u00e9mies mondiales. L&rsquo;innovation nous pousse \u00e0 obtenir le meilleur pour les patients, avec l&rsquo;objectif ultime d&rsquo;assurer l&rsquo;acc\u00e8s aux m\u00e9dicaments pour tous, partout dans le monde. C&rsquo;est un appel \u00e0 l&rsquo;action simple et ambitieux qui nous inspire et donne du sens \u00e0 notre travail au quotidien.                            <a href=\"\"><\/a>\n                    <\/div>\n    <\/div>\n    <\/div>\n\n    [\/vc_column][\/vc_row][vc_row][vc_column]\n    <div class=\"line_separator st3\">\n        <svg version=\"1.1\" xmlns=\"http:\/\/www.w3.org\/2000\/svg\" xmlns:xlink=\"http:\/\/www.w3.org\/1999\/xlink\" x=\"0px\" y=\"0px\"\n             viewBox=\"0 0 1920 165\" style=\"enable-background:new 0 0 1920 165;\" xml:space=\"preserve\">\n            <linearGradient id=\"svg_gradient\" gradientUnits=\"userSpaceOnUse\" x1=\"0.995\" y1=\"1082.1384\" x2=\"1.9486\" y2=\"1082.1384\" gradientTransform=\"matrix(2013.24 0 0 -2013.24 -2003.0748 2178686.75)\">\n                <stop  offset=\"0\" style=\"stop-color:#009AA8\"\/>\n                <stop  offset=\"4.545450e-03\" style=\"stop-color:#009AA8\"\/>\n                <stop  offset=\"0.9955\" style=\"stop-color:#9EC41A\"\/>\n                <stop  offset=\"1\" style=\"stop-color:#9EC41A\"\/>\n            <\/linearGradient>\n            <path d=\"M1919.7,104.3c-247.7,37.4-498.5,56.4-745.4,56.4c-164,0-327.7-8.4-486.7-24.9\n        C560.5,122.6,436.1,104.2,317.9,81C116.3,41.6,1.8,1.8,0.6,1.4L0,1.1v3.1c8.1,2.8,119.7,41,317.7,79.7\n        c118.3,23.1,242.7,41.6,369.9,54.8c159,16.5,322.7,24.9,486.7,24.9c247,0,497.9-19,745.7-56.4v-3L1919.7,104.3z\"\/>\n        <\/svg>\n    <\/div>\n\n    [\/vc_column][\/vc_row][vc_row content_placement=\u00a0\u00bbmiddle\u00a0\u00bb el_class=\u00a0\u00bbcontainer mt-5&Prime;][vc_column][vc_column_text][\/vc_column_text][\/vc_column][\/vc_row]<\/p>\n<\/section>","protected":false},"excerpt":{"rendered":"<p>[vc_row content_placement=\u00a0\u00bbmiddle\u00a0\u00bb el_id=\u00a0\u00bbfirstimg\u00a0\u00bb css=\u00a0\u00bb.vc_custom_1686318612338{background-image: url(https:\/\/adocia.s18854168.onlinehome-server.info\/composants\/uploads\/2023\/04\/firstimg-adocia.jpg?id=98) !important;background-position: center !important;background-repeat: no-repeat !important;background-size: cover !important;}\u00a0\u00bb][vc_column][vc_row_inner el_class=\u00a0\u00bbcontainer\u00a0\u00bb][vc_column_inner el_class=\u00a0\u00bbfadeInLeft\u00a0\u00bb width=\u00a0\u00bb3\/4&Prime; offset=\u00a0\u00bbvc_col-md-5&Prime;][vc_column_text el_class=\u00a0\u00bbmw-300&Prime;] \u00c0 propos [\/vc_column_text][vc_column_text] Adocia est une soci\u00e9t\u00e9 de [&hellip;]<\/p>\n","protected":false},"author":1,"featured_media":0,"parent":5128,"menu_order":0,"comment_status":"closed","ping_status":"closed","template":"","meta":{"_mi_skip_tracking":false,"_monsterinsights_sitenote_active":false,"_monsterinsights_sitenote_note":"","_monsterinsights_sitenote_category":0,"footnotes":""},"class_list":["post-5115","page","type-page","status-publish","hentry"],"acf":[],"aioseo_notices":[],"_links":{"self":[{"href":"https:\/\/adocia.s18854168.onlinehome-server.info\/fr\/wp-json\/wp\/v2\/pages\/5115","targetHints":{"allow":["GET"]}}],"collection":[{"href":"https:\/\/adocia.s18854168.onlinehome-server.info\/fr\/wp-json\/wp\/v2\/pages"}],"about":[{"href":"https:\/\/adocia.s18854168.onlinehome-server.info\/fr\/wp-json\/wp\/v2\/types\/page"}],"author":[{"embeddable":true,"href":"https:\/\/adocia.s18854168.onlinehome-server.info\/fr\/wp-json\/wp\/v2\/users\/1"}],"replies":[{"embeddable":true,"href":"https:\/\/adocia.s18854168.onlinehome-server.info\/fr\/wp-json\/wp\/v2\/comments?post=5115"}],"version-history":[{"count":23,"href":"https:\/\/adocia.s18854168.onlinehome-server.info\/fr\/wp-json\/wp\/v2\/pages\/5115\/revisions"}],"predecessor-version":[{"id":7561,"href":"https:\/\/adocia.s18854168.onlinehome-server.info\/fr\/wp-json\/wp\/v2\/pages\/5115\/revisions\/7561"}],"up":[{"embeddable":true,"href":"https:\/\/adocia.s18854168.onlinehome-server.info\/fr\/wp-json\/wp\/v2\/pages\/5128"}],"wp:attachment":[{"href":"https:\/\/adocia.s18854168.onlinehome-server.info\/fr\/wp-json\/wp\/v2\/media?parent=5115"}],"curies":[{"name":"wp","href":"https:\/\/api.w.org\/{rel}","templated":true}]}}