{"id":5128,"date":"2023-04-20T18:39:18","date_gmt":"2023-04-20T16:39:18","guid":{"rendered":"https:\/\/adocia.s18854168.onlinehome-server.info\/adocia\/"},"modified":"2023-09-21T11:16:28","modified_gmt":"2023-09-21T09:16:28","slug":"adocia","status":"publish","type":"page","link":"https:\/\/adocia.s18854168.onlinehome-server.info\/fr\/adocia\/","title":{"rendered":"Adocia"},"content":{"rendered":"<section class=\"wpb-content-wrapper\"><p>[vc_row content_placement=\u00a0\u00bbmiddle\u00a0\u00bb el_id=\u00a0\u00bbfirstimg\u00a0\u00bb css=\u00a0\u00bb.vc_custom_1682441333134{background-image: url(https:\/\/adocia.s18854168.onlinehome-server.info\/composants\/uploads\/2023\/04\/firstimg-adocia.jpg?id=98) !important;background-position: center !important;background-repeat: no-repeat !important;background-size: cover !important;}\u00a0\u00bb][vc_column][vc_row_inner el_class=\u00a0\u00bbcontainer\u00a0\u00bb][vc_column_inner el_class=\u00a0\u00bbfadeInLeft\u00a0\u00bb width=\u00a0\u00bb3\/4&Prime; offset=\u00a0\u00bbvc_col-md-5&Prime;][vc_column_text el_class=\u00a0\u00bbmw-300&Prime;]<\/p>\n<h1>Adocia<\/h1>\n<p>[\/vc_column_text][vc_column_text]Adocia a construit une expertise unique dans le diab\u00e8te et l&rsquo;ob\u00e9sit\u00e9. Au fil des ann\u00e9es, Adocia a consolid\u00e9 un riche portefeuille de produits de sp\u00e9cialit\u00e9 qui est l&rsquo;un des plus larges et des plus diff\u00e9renci\u00e9s pour le traitement des maladies m\u00e9taboliques.[\/vc_column_text]\n        <a class=\"theme-btn\" href=\"https:\/\/adocia.s18854168.onlinehome-server.info\/fr\/adocia\/a-propos\/\" target=\"\" rel=\"\">\n        Nous contacter                    <img decoding=\"async\" src=\"https:\/\/adocia.s18854168.onlinehome-server.info\/composants\/themes\/adocia\/inc\/assets\/img\/icon-arrow_right.svg\" alt=\"Arrow right\">\n            <\/a>\n    \n    [\/vc_column_inner][\/vc_row_inner][\/vc_column][\/vc_row][vc_row content_placement=\u00a0\u00bbmiddle\u00a0\u00bb el_class=\u00a0\u00bbcontainer block-separator\u00a0\u00bb][vc_column][vc_column_text]<ul class=\"wpb_page_list owl-carousel\"><li class='page_item page-item-5128 current_page_item'><a href='https:\/\/adocia.s18854168.onlinehome-server.info\/fr\/adocia\/'><span>Adocia<\/span><\/a><\/li><li class=\"page_item page-item-5115\"><a href=\"https:\/\/adocia.s18854168.onlinehome-server.info\/fr\/adocia\/a-propos\/\"><span>\u00c0 propos<\/a><\/li>\n<li class=\"page_item page-item-5142\"><a href=\"https:\/\/adocia.s18854168.onlinehome-server.info\/fr\/adocia\/histoire\/\"><span>Histoire<\/a><\/li>\n<li class=\"page_item page-item-5151\"><a href=\"https:\/\/adocia.s18854168.onlinehome-server.info\/fr\/adocia\/management\/\"><span>Management<\/a><\/li>\n<li class=\"page_item page-item-5166\"><a href=\"https:\/\/adocia.s18854168.onlinehome-server.info\/fr\/adocia\/conseil-dadministration\/\"><span>Conseil d&rsquo;administration<\/a><\/li>\n<li class=\"page_item page-item-5174\"><a href=\"https:\/\/adocia.s18854168.onlinehome-server.info\/fr\/adocia\/comite-consultatif\/\"><span>Comit\u00e9 consultatif<\/a><\/li>\n<\/ul>[\/vc_column_text][\/vc_column][\/vc_row][vc_row el_class=\u00a0\u00bbcontainer mt-5&Prime;][vc_column][vc_column_text]\t\t\t<!-- Flexy Breadcrumb -->\r\n\t\t\t<div class=\"fbc fbc-page\">\r\n\r\n\t\t\t\t<!-- Breadcrumb wrapper -->\r\n\t\t\t\t<div class=\"fbc-wrap\">\r\n\r\n\t\t\t\t\t<!-- Ordered list-->\r\n\t\t\t\t\t<ol class=\"fbc-items\" itemscope itemtype=\"https:\/\/schema.org\/BreadcrumbList\">\r\n\t\t\t\t\t\t            <li itemprop=\"itemListElement\" itemscope itemtype=\"https:\/\/schema.org\/ListItem\">\r\n                <span itemprop=\"name\">\r\n                    <!-- Home Link -->\r\n                    <a itemprop=\"item\" href=\"https:\/\/adocia.s18854168.onlinehome-server.info\">\r\n                    \r\n                                                    <i class=\"fa fa-home\" aria-hidden=\"true\"><\/i>Home                    <\/a>\r\n                <\/span>\r\n                <meta itemprop=\"position\" content=\"1\" \/><!-- Meta Position-->\r\n             <\/li><li><span class=\"fbc-separator\">\/<\/span><\/li><li class=\"active\" itemprop=\"itemListElement\" itemscope itemtype=\"https:\/\/schema.org\/ListItem\"><span itemprop=\"name\" title=\"Adocia\">Adocia<\/span><meta itemprop=\"position\" content=\"2\" \/><\/li>\t\t\t\t\t<\/ol>\r\n\t\t\t\t\t<div class=\"clearfix\"><\/div>\r\n\t\t\t\t<\/div>\r\n\t\t\t<\/div>\r\n\t\t\t[\/vc_column_text][\/vc_column][\/vc_row][vc_row el_class=\u00a0\u00bbcontainer cstm-block\u00a0\u00bb][vc_column offset=\u00a0\u00bbvc_col-lg-8 vc_col-md-10&Prime; el_class=\u00a0\u00bbfadeInLeft\u00a0\u00bb][vc_column_text]<\/p>\n<h2>\u00c0 propos<\/h2>\n<p>[\/vc_column_text][vc_column_text el_class=\u00a0\u00bbcstm-block-txt\u00a0\u00bb]<\/p>\n<h3>Adocia est une soci\u00e9t\u00e9 fran\u00e7aise<br \/>\nde biotechnologie au stade clinique.<\/h3>\n<p>Les principales activit\u00e9s de la soci\u00e9t\u00e9 sont l&rsquo;innovation, la recherche et le d\u00e9veloppement de nouvelles solutions th\u00e9rapeutiques pour am\u00e9liorer la vie des personnes souffrant de maladies m\u00e9taboliques chroniques, telles que le diab\u00e8te et l&rsquo;ob\u00e9sit\u00e9. Les innovations d&rsquo;Adocia ont un objectif commun : am\u00e9liorer les traitements, apporter de nouveaux b\u00e9n\u00e9fices m\u00e9dicaux aux patients et couvrir des besoins m\u00e9dicaux non satisfaits. S&rsquo;appuyant sur des plateformes technologiques de rupture, les solutions d&rsquo;Adocia vont de la formulation innovante de peptides et de prot\u00e9ines d\u00e9j\u00e0 approuv\u00e9es \u00e0 de nouvelles approches de th\u00e9rapie cellulaire.[\/vc_column_text]\n        <a class=\"theme-btn mb-5\" href=\"https:\/\/adocia.s18854168.onlinehome-server.info\/fr\/adocia\/a-propos\/\" target=\"\" rel=\"\">\n        Voir plus                    <img decoding=\"async\" src=\"https:\/\/adocia.s18854168.onlinehome-server.info\/composants\/themes\/adocia\/inc\/assets\/img\/icon-arrow_right.svg\" alt=\"Arrow right\">\n            <\/a>\n    \n    [\/vc_column][vc_column width=\u00a0\u00bb1\/3&Prime; el_class=\u00a0\u00bbcstm-block-img\u00a0\u00bb][vc_single_image image=\u00a0\u00bb2771&Prime; img_size=\u00a0\u00bbfull\u00a0\u00bb][\/vc_column][\/vc_row][vc_row el_class=\u00a0\u00bbcontainer cstm-block img-to-left\u00a0\u00bb][vc_column offset=\u00a0\u00bbvc_col-lg-8 vc_col-md-10&Prime; el_class=\u00a0\u00bbfadeInRight\u00a0\u00bb][vc_column_text el_class=\u00a0\u00bbtext-lg-right\u00a0\u00bb]<\/p>\n<h2>Histoire<\/h2>\n<p>[\/vc_column_text][vc_column_text el_class=\u00a0\u00bbcstm-block-txt\u00a0\u00bb]<\/p>\n<h3>L&rsquo;histoire d&rsquo;une famille d&rsquo;entrepreneurs<\/h3>\n<p>Adocia a \u00e9t\u00e9 fond\u00e9e en 2005 par G\u00e9rard Soula et ses deux fils, Olivier et R\u00e9mi.<\/p>\n<p>Ces trois scientifiques de haut niveau sont tous trois titulaires d&rsquo;un doctorat en sciences des polym\u00e8res et ont une grande exp\u00e9rience dans le domaine de la formulation de prot\u00e9ines. Ils avaient aussi une id\u00e9e en t\u00eate : relever le d\u00e9fi d&rsquo;un m\u00e9dicament innovant et accessible \u00e0 tous les patients dans le monde. Pour cela, ils se sont entour\u00e9s d&rsquo;une \u00e9quipe de chercheurs hautement qualifi\u00e9s et ont con\u00e7u la technologie BioChaperone<sup>\u00ae<\/sup>.[\/vc_column_text][vc_row_inner][vc_column_inner el_class=\u00a0\u00bbtext-lg-right\u00a0\u00bb]\n        <a class=\"theme-btn mb-5\" href=\"https:\/\/adocia.s18854168.onlinehome-server.info\/fr\/adocia\/histoire\/\" target=\"\" rel=\"\">\n        Voir plus                    <img decoding=\"async\" src=\"https:\/\/adocia.s18854168.onlinehome-server.info\/composants\/themes\/adocia\/inc\/assets\/img\/icon-arrow_right.svg\" alt=\"Arrow right\">\n            <\/a>\n    \n    [\/vc_column_inner][\/vc_row_inner][\/vc_column][vc_column width=\u00a0\u00bb1\/3&Prime; el_class=\u00a0\u00bbcstm-block-img\u00a0\u00bb][vc_single_image image=\u00a0\u00bb5111&Prime; img_size=\u00a0\u00bbfull\u00a0\u00bb][\/vc_column][\/vc_row][vc_section content_placement=\u00a0\u00bbmiddle\u00a0\u00bb css=\u00a0\u00bb.vc_custom_1695287619047{background-image: url(https:\/\/adocia.s18854168.onlinehome-server.info\/composants\/uploads\/2023\/04\/bg-related_point-2.jpg?id=103) !important;background-position: center !important;background-repeat: no-repeat !important;background-size: cover !important;}\u00a0\u00bb el_class=\u00a0\u00bbmh-500 mh-xl-700 \u00ab\u00a0][vc_row content_placement=\u00a0\u00bbbottom\u00a0\u00bb el_class=\u00a0\u00bbcontainer\u00a0\u00bb][vc_column offset=\u00a0\u00bbvc_col-lg-4&Prime;][vc_column_text el_class=\u00a0\u00bbmw-xl-300&Prime;]<\/p>\n<h2>Management &amp; Conseil d&rsquo;administration<\/h2>\n<p>[\/vc_column_text][\/vc_column][vc_column el_class=\u00a0\u00bbblock_link_container three-column fadeInRight\u00a0\u00bb offset=\u00a0\u00bbvc_col-lg-8&Prime;]\n    <div class=\"block_link white\">\n        <a href=\"https:\/\/adocia.s18854168.onlinehome-server.info\/fr\/adocia\/management\/\" target=\"\">\n            <img loading=\"lazy\" decoding=\"async\" width=\"110\" height=\"110\" src=\"https:\/\/adocia.s18854168.onlinehome-server.info\/composants\/uploads\/2023\/04\/icon-management.png\" class=\"attachment-full size-full\" alt=\"\" \/>            <div class=\"content\">\n                <span class=\"title\">Management<\/span>\n                                    <span class=\"seemore\">voir plus<\/span>\n                            <\/div>\n        <\/a>\n    <\/div>\n\n    \n    <div class=\"block_link cstm-img-width white\">\n        <a href=\"https:\/\/adocia.s18854168.onlinehome-server.info\/fr\/adocia\/conseil-dadministration\/\" target=\"\">\n            <img loading=\"lazy\" decoding=\"async\" width=\"110\" height=\"110\" src=\"https:\/\/adocia.s18854168.onlinehome-server.info\/composants\/uploads\/2023\/04\/icon-directors.png\" class=\"attachment-full size-full\" alt=\"\" \/>            <div class=\"content\">\n                <span class=\"title\">Conseil d'administration<\/span>\n                                    <span class=\"seemore\">voir plus<\/span>\n                            <\/div>\n        <\/a>\n    <\/div>\n\n    \n    <div class=\"block_link white\">\n        <a href=\"https:\/\/adocia.s18854168.onlinehome-server.info\/fr\/adocia\/comites-consultatifs\/\" target=\"\">\n            <img loading=\"lazy\" decoding=\"async\" width=\"110\" height=\"110\" src=\"https:\/\/adocia.s18854168.onlinehome-server.info\/composants\/uploads\/2023\/04\/icon-advisory.png\" class=\"attachment-full size-full\" alt=\"\" \/>            <div class=\"content\">\n                <span class=\"title\">Comit\u00e9s consultatifs<\/span>\n                                    <span class=\"seemore\">voir plus<\/span>\n                            <\/div>\n        <\/a>\n    <\/div>\n\n    [\/vc_column][\/vc_row][\/vc_section]<\/p>\n<\/section>","protected":false},"excerpt":{"rendered":"<p>[vc_row content_placement=\u00a0\u00bbmiddle\u00a0\u00bb el_id=\u00a0\u00bbfirstimg\u00a0\u00bb css=\u00a0\u00bb.vc_custom_1682441333134{background-image: url(https:\/\/adocia.s18854168.onlinehome-server.info\/composants\/uploads\/2023\/04\/firstimg-adocia.jpg?id=98) !important;background-position: center !important;background-repeat: no-repeat !important;background-size: cover !important;}\u00a0\u00bb][vc_column][vc_row_inner el_class=\u00a0\u00bbcontainer\u00a0\u00bb][vc_column_inner el_class=\u00a0\u00bbfadeInLeft\u00a0\u00bb width=\u00a0\u00bb3\/4&Prime; offset=\u00a0\u00bbvc_col-md-5&Prime;][vc_column_text el_class=\u00a0\u00bbmw-300&Prime;] Adocia [\/vc_column_text][vc_column_text]Adocia a construit une expertise unique dans [&hellip;]<\/p>\n","protected":false},"author":1,"featured_media":0,"parent":0,"menu_order":1,"comment_status":"closed","ping_status":"closed","template":"","meta":{"_mi_skip_tracking":false,"_monsterinsights_sitenote_active":false,"_monsterinsights_sitenote_note":"","_monsterinsights_sitenote_category":0,"footnotes":""},"class_list":["post-5128","page","type-page","status-publish","hentry"],"acf":[],"aioseo_notices":[],"_links":{"self":[{"href":"https:\/\/adocia.s18854168.onlinehome-server.info\/fr\/wp-json\/wp\/v2\/pages\/5128","targetHints":{"allow":["GET"]}}],"collection":[{"href":"https:\/\/adocia.s18854168.onlinehome-server.info\/fr\/wp-json\/wp\/v2\/pages"}],"about":[{"href":"https:\/\/adocia.s18854168.onlinehome-server.info\/fr\/wp-json\/wp\/v2\/types\/page"}],"author":[{"embeddable":true,"href":"https:\/\/adocia.s18854168.onlinehome-server.info\/fr\/wp-json\/wp\/v2\/users\/1"}],"replies":[{"embeddable":true,"href":"https:\/\/adocia.s18854168.onlinehome-server.info\/fr\/wp-json\/wp\/v2\/comments?post=5128"}],"version-history":[{"count":17,"href":"https:\/\/adocia.s18854168.onlinehome-server.info\/fr\/wp-json\/wp\/v2\/pages\/5128\/revisions"}],"predecessor-version":[{"id":7227,"href":"https:\/\/adocia.s18854168.onlinehome-server.info\/fr\/wp-json\/wp\/v2\/pages\/5128\/revisions\/7227"}],"wp:attachment":[{"href":"https:\/\/adocia.s18854168.onlinehome-server.info\/fr\/wp-json\/wp\/v2\/media?parent=5128"}],"curies":[{"name":"wp","href":"https:\/\/api.w.org\/{rel}","templated":true}]}}