{"id":5142,"date":"2023-04-25T12:34:42","date_gmt":"2023-04-25T10:34:42","guid":{"rendered":"https:\/\/adocia.s18854168.onlinehome-server.info\/adocia\/histoire\/"},"modified":"2023-10-06T15:11:41","modified_gmt":"2023-10-06T13:11:41","slug":"histoire","status":"publish","type":"page","link":"https:\/\/adocia.s18854168.onlinehome-server.info\/fr\/adocia\/histoire\/","title":{"rendered":"Histoire"},"content":{"rendered":"<section class=\"wpb-content-wrapper\"><p>[vc_row content_placement=\u00a0\u00bbmiddle\u00a0\u00bb el_id=\u00a0\u00bbfirstimg\u00a0\u00bb css=\u00a0\u00bb.vc_custom_1682608103824{background-image: url(https:\/\/adocia.s18854168.onlinehome-server.info\/composants\/uploads\/2023\/04\/firstimg-adocia.jpg?id=98) !important;background-position: center !important;background-repeat: no-repeat !important;background-size: cover !important;}\u00a0\u00bb][vc_column][vc_row_inner el_class=\u00a0\u00bbcontainer\u00a0\u00bb][vc_column_inner el_class=\u00a0\u00bbfadeInLeft\u00a0\u00bb width=\u00a0\u00bb3\/4&Prime; offset=\u00a0\u00bbvc_col-md-5&Prime;][vc_column_text el_class=\u00a0\u00bbmw-300&Prime;]<\/p>\n<h1>Histoire<\/h1>\n<p>[\/vc_column_text][vc_column_text]<\/p>\n<p class=\"p1\">Adocia est une soci\u00e9t\u00e9 fran\u00e7aise de biotechnologie fond\u00e9e en 2005 par G\u00e9rard, Olivier et R\u00e9mi Soula avec l&rsquo;objectif de d\u00e9velopper des \u00ab\u00a0m\u00e9dicaments innovants pour tous, partout\u00a0\u00bb.<\/p>\n<p>[\/vc_column_text]\n        <a class=\"theme-btn\" href=\"https:\/\/adocia.s18854168.onlinehome-server.info\/contact\/\" target=\"\" rel=\"\">\n        Contact us                    <img decoding=\"async\" src=\"https:\/\/adocia.s18854168.onlinehome-server.info\/composants\/themes\/adocia\/inc\/assets\/img\/icon-arrow_right.svg\" alt=\"Arrow right\">\n            <\/a>\n    \n    [\/vc_column_inner][\/vc_row_inner][\/vc_column][\/vc_row][vc_row content_placement=\u00a0\u00bbmiddle\u00a0\u00bb el_class=\u00a0\u00bbcontainer block-separator\u00a0\u00bb][vc_column][vc_column_text][\/vc_column_text][\/vc_column][\/vc_row][vc_row el_class=\u00a0\u00bbcontainer mt-5&Prime;][vc_column][vc_column_text]\t\t\t<!-- Flexy Breadcrumb -->\r\n\t\t\t<div class=\"fbc fbc-page\">\r\n\r\n\t\t\t\t<!-- Breadcrumb wrapper -->\r\n\t\t\t\t<div class=\"fbc-wrap\">\r\n\r\n\t\t\t\t\t<!-- Ordered list-->\r\n\t\t\t\t\t<ol class=\"fbc-items\" itemscope itemtype=\"https:\/\/schema.org\/BreadcrumbList\">\r\n\t\t\t\t\t\t            <li itemprop=\"itemListElement\" itemscope itemtype=\"https:\/\/schema.org\/ListItem\">\r\n                <span itemprop=\"name\">\r\n                    <!-- Home Link -->\r\n                    <a itemprop=\"item\" href=\"https:\/\/adocia.s18854168.onlinehome-server.info\">\r\n                    \r\n                                                    <i class=\"fa fa-home\" aria-hidden=\"true\"><\/i>Home                    <\/a>\r\n                <\/span>\r\n                <meta itemprop=\"position\" content=\"1\" \/><!-- Meta Position-->\r\n             <\/li><li><span class=\"fbc-separator\">\/<\/span><\/li><li class=\"active\" itemprop=\"itemListElement\" itemscope itemtype=\"https:\/\/schema.org\/ListItem\"><span itemprop=\"name\" title=\"Histoire\">Histoire<\/span><meta itemprop=\"position\" content=\"2\" \/><\/li>\t\t\t\t\t<\/ol>\r\n\t\t\t\t\t<div class=\"clearfix\"><\/div>\r\n\t\t\t\t<\/div>\r\n\t\t\t<\/div>\r\n\t\t\t[\/vc_column_text][\/vc_column][\/vc_row][vc_row el_class=\u00a0\u00bbcontainer cstm-block\u00a0\u00bb][vc_column offset=\u00a0\u00bbvc_col-lg-8 vc_col-md-10&Prime;][vc_column_text]<\/p>\n<h2>Histoire<\/h2>\n<p>[\/vc_column_text][vc_column_text el_class=\u00a0\u00bbcstm-block-txt\u00a0\u00bb]<\/p>\n<h3>L&rsquo;histoire d&rsquo;une famille d&rsquo;entrepreneurs<\/h3>\n<p>Adocia a \u00e9t\u00e9 fond\u00e9e en 2005 par <a href=\"https:\/\/adocia.s18854168.onlinehome-server.info\/fr\/adocia\/conseil-dadministration\/\">G\u00e9rard Soula<\/a> et ses deux fils, <a href=\"https:\/\/adocia.s18854168.onlinehome-server.info\/adocia\/governance\/\">Olivier<\/a> et R\u00e9mi.<\/p>\n<p>Ces trois scientifiques de haut niveau sont tous trois titulaires d&rsquo;un doctorat en sciences des polym\u00e8res et ont une grande exp\u00e9rience dans le domaine de la formulation de prot\u00e9ines. Ils avaient aussi une seule id\u00e9e en t\u00eate : relever le d\u00e9fi d&rsquo;un m\u00e9dicament innovant et accessible \u00e0 tous les patients dans le monde. Ils se sont entour\u00e9s d&rsquo;une \u00e9quipe de chercheurs hautement qualifi\u00e9s et ont con\u00e7u la <a href=\"https:\/\/adocia.s18854168.onlinehome-server.info\/fr\/technology-platform\/biochaperone\/\">technologie BioChaperone<sup>\u00ae<\/sup>.<\/a><\/p>\n<p>Depuis sa cr\u00e9ation, Adocia a innov\u00e9 dans plusieurs domaines th\u00e9rapeutiques gr\u00e2ce \u00e0 sa technologie <a href=\"https:\/\/adocia.s18854168.onlinehome-server.info\/fr\/technology-platform\/biochaperone\/\">BioChaperone<\/a><sup>\u00ae<\/sup>, comme la cicatrisation des plaies chroniques ou le traitement du diab\u00e8te par insulinoth\u00e9rapie.[\/vc_column_text][\/vc_column][vc_column width=\u00a0\u00bb1\/3&Prime; el_class=\u00a0\u00bbcstm-block-img\u00a0\u00bb][vc_single_image image=\u00a0\u00bb5111&Prime; img_size=\u00a0\u00bbfull\u00a0\u00bb el_class=\u00a0\u00bbtransformY180&Prime;][\/vc_column][\/vc_row][vc_row][vc_column]\n    <div class=\"line_separator st1\">\n        <svg version=\"1.1\" xmlns=\"http:\/\/www.w3.org\/2000\/svg\" xmlns:xlink=\"http:\/\/www.w3.org\/1999\/xlink\" x=\"0px\" y=\"0px\"\n             viewBox=\"0 0 1920 165\" style=\"enable-background:new 0 0 1920 165;\" xml:space=\"preserve\">\n            <linearGradient id=\"svg_gradient\" gradientUnits=\"userSpaceOnUse\" x1=\"0.995\" y1=\"1082.1384\" x2=\"1.9486\" y2=\"1082.1384\" gradientTransform=\"matrix(2013.24 0 0 -2013.24 -2003.0748 2178686.75)\">\n                <stop  offset=\"0\" style=\"stop-color:#009AA8\"\/>\n                <stop  offset=\"4.545450e-03\" style=\"stop-color:#009AA8\"\/>\n                <stop  offset=\"0.9955\" style=\"stop-color:#9EC41A\"\/>\n                <stop  offset=\"1\" style=\"stop-color:#9EC41A\"\/>\n            <\/linearGradient>\n            <path d=\"M1919.7,104.3c-247.7,37.4-498.5,56.4-745.4,56.4c-164,0-327.7-8.4-486.7-24.9\n        C560.5,122.6,436.1,104.2,317.9,81C116.3,41.6,1.8,1.8,0.6,1.4L0,1.1v3.1c8.1,2.8,119.7,41,317.7,79.7\n        c118.3,23.1,242.7,41.6,369.9,54.8c159,16.5,322.7,24.9,486.7,24.9c247,0,497.9-19,745.7-56.4v-3L1919.7,104.3z\"\/>\n        <\/svg>\n    <\/div>\n\n    [\/vc_column][\/vc_row][vc_row][vc_column]\n    <div class=\"cstm-block t2\">\n        <div class=\"cstm-block-img\">\n            <img loading=\"lazy\" decoding=\"async\" width=\"2000\" height=\"1340\" src=\"https:\/\/adocia.s18854168.onlinehome-server.info\/composants\/uploads\/2023\/05\/adocia-transformed.jpeg\" class=\"attachment-full size-full\" alt=\"Adocia signification\" srcset=\"https:\/\/adocia.s18854168.onlinehome-server.info\/composants\/uploads\/2023\/05\/adocia-transformed.jpeg 2000w, https:\/\/adocia.s18854168.onlinehome-server.info\/composants\/uploads\/2023\/05\/adocia-transformed-300x201.jpeg 300w, https:\/\/adocia.s18854168.onlinehome-server.info\/composants\/uploads\/2023\/05\/adocia-transformed-1024x686.jpeg 1024w, https:\/\/adocia.s18854168.onlinehome-server.info\/composants\/uploads\/2023\/05\/adocia-transformed-768x515.jpeg 768w, https:\/\/adocia.s18854168.onlinehome-server.info\/composants\/uploads\/2023\/05\/adocia-transformed-1536x1029.jpeg 1536w\" sizes=\"auto, (max-width: 2000px) 100vw, 2000px\" \/>        <\/div>\n        <div class=\"content\">\n            <h2 class=\"title fadeInRight\">Adocia, une \u00e9ponge aux propri\u00e9t\u00e9s r\u00e9g\u00e9n\u00e9ratrices<\/h2>\n        <div class=\"cstm-block-txt fadeInRight\">\n            <strong>Adocia tire son nom d&rsquo;une vari\u00e9t\u00e9 d&rsquo;\u00e9ponge de mer.<\/strong><\/p>\n<p>Parmi les esp\u00e8ces animales, l&rsquo;\u00e9ponge de mer poss\u00e8de la capacit\u00e9 spectaculaire de r\u00e9g\u00e9n\u00e9rer ses tissus \u00e0 la suite d&rsquo;une blessure.<\/p>\n<p>Cette propri\u00e9t\u00e9 lui permet de survivre aux attaques incessantes des poissons.<br \/>\nAdocia repr\u00e9sente donc un symbole fort pour l&rsquo;entreprise, qui s&rsquo;est \u00e0 ses d\u00e9buts consacr\u00e9e \u00e0 la r\u00e9g\u00e9n\u00e9ration des tissus gravement endommag\u00e9s et de fa\u00e7on chronique, l&rsquo;une des principales comorbidit\u00e9s chez les patients souffrant de diab\u00e8te.                            <a href=\"\"><\/a>\n                    <\/div>\n    <\/div>\n    <\/div>\n\n    [\/vc_column][\/vc_row][vc_row][vc_column]\n    <div class=\"line_separator st3\">\n        <svg version=\"1.1\" xmlns=\"http:\/\/www.w3.org\/2000\/svg\" xmlns:xlink=\"http:\/\/www.w3.org\/1999\/xlink\" x=\"0px\" y=\"0px\"\n             viewBox=\"0 0 1920 165\" style=\"enable-background:new 0 0 1920 165;\" xml:space=\"preserve\">\n            <linearGradient id=\"svg_gradient\" gradientUnits=\"userSpaceOnUse\" x1=\"0.995\" y1=\"1082.1384\" x2=\"1.9486\" y2=\"1082.1384\" gradientTransform=\"matrix(2013.24 0 0 -2013.24 -2003.0748 2178686.75)\">\n                <stop  offset=\"0\" style=\"stop-color:#009AA8\"\/>\n                <stop  offset=\"4.545450e-03\" style=\"stop-color:#009AA8\"\/>\n                <stop  offset=\"0.9955\" style=\"stop-color:#9EC41A\"\/>\n                <stop  offset=\"1\" style=\"stop-color:#9EC41A\"\/>\n            <\/linearGradient>\n            <path d=\"M1919.7,104.3c-247.7,37.4-498.5,56.4-745.4,56.4c-164,0-327.7-8.4-486.7-24.9\n        C560.5,122.6,436.1,104.2,317.9,81C116.3,41.6,1.8,1.8,0.6,1.4L0,1.1v3.1c8.1,2.8,119.7,41,317.7,79.7\n        c118.3,23.1,242.7,41.6,369.9,54.8c159,16.5,322.7,24.9,486.7,24.9c247,0,497.9-19,745.7-56.4v-3L1919.7,104.3z\"\/>\n        <\/svg>\n    <\/div>\n\n    [\/vc_column][\/vc_row][vc_section parallax=\u00a0\u00bbcontent-moving\u00a0\u00bb parallax_image=\u00a0\u00bb155&Prime;][vc_row el_class=\u00a0\u00bbcontainer\u00a0\u00bb][vc_column][vc_column_text el_class=\u00a0\u00bbmw-900&Prime;]<\/p>\n<h2>Forte de ses ann\u00e9es d&rsquo;exp\u00e9rience dans les maladies m\u00e9taboliques, Adocia s&rsquo;approche de son but ultime : d\u00e9livrer \u00ab\u00a0Des M\u00e9dicaments Innovants, pour Tous, Partout\u00a0\u00bb<\/h2>\n<p>[\/vc_column_text]    <div id=\"history_tl\">\n\n                    <div class=\"history_tl\">\n                <div class=\"h-line\"><\/div>\n                                                        <div class=\"item fadeInRight\">\n                        Adocia a r\u00e9alis\u00e9 deux lev\u00e9es de fonds aupr\u00e8s d'investisseurs institutionnels et priv\u00e9s fran\u00e7ais, l'une en 2007 pour un montant de 12 millions d'euros, l'autre en 2009 pour un montant de 14 millions d'euros. \n<br><br>\nEn f\u00e9vrier 2012, Adocia a \u00e9t\u00e9 introduite sur le march\u00e9 Euronext Paris et a lev\u00e9 27 millions d'euros.                    <\/div>\n                                                        <div class=\"item fadeInLeft\">\n                        Des accords de licence ont \u00e9t\u00e9 sign\u00e9s avec Eli Lilly & Company pour le d\u00e9veloppement de BioChaperone\u00ae Lispro, potentielle future leader des insulines ultra-rapides, permettant un contr\u00f4le glyc\u00e9mique plus pr\u00e9cis.\n<br><br>\nQuelques ann\u00e9es plus tard, en 2017, Eli Lilly a d\u00e9cid\u00e9 de mettre fin \u00e0 la collaboration.\n\nAdocia a r\u00e9cup\u00e9r\u00e9 sans frais la pleine propri\u00e9t\u00e9 des droits qui avaient \u00e9t\u00e9 licenci\u00e9s.                    <\/div>\n                                                        <div class=\"item fadeInRight\">\n                        En 2018, Adocia a sign\u00e9 un partenariat sur deux projets majeurs, BioChaperone\u00ae Lispro et BioChaperone\u00ae Combo, avec la soci\u00e9t\u00e9 chinoise Tonghua Dongbao.\n<br><br>\nCela permettrait \u00e0 ce leader de la fabrication d'insuline en Chine de faire b\u00e9n\u00e9ficier les patients chinois de la quatri\u00e8me g\u00e9n\u00e9ration d'insuline.                    <\/div>\n                                                        <div class=\"item fadeInLeft\">\n                        Peu apr\u00e8s, Adocia a annonc\u00e9 deux accords suppl\u00e9mentaires avec Tonghua Dongbao selon lesquels Tonghua Dongbao approvisionnerait Adocia en insulines lispro et glargine pour le monde entier (\u00e0 l'exclusion de la Chine).\n<br><br>\nCe partenariat \u00e9largit le panel de partenaires potentiels pour ces m\u00eames produits sur des march\u00e9s cl\u00e9s tels que les Etats-Unis, l'Europe ou le Japon.                    <\/div>\n                                                        <div class=\"item fadeInRight\">\n                        Adocia poursuit actuellement sa strat\u00e9gie de d\u00e9veloppement de produits innovants \u00e0 forte valeur ajout\u00e9e, tout en adaptant les traitements aux nouveaux dispositifs m\u00e9dicaux, pompes et stylos injecteurs connect\u00e9s. \n<br><br>\nDepuis 2019, la soci\u00e9t\u00e9 combine des hormones pour traiter le diab\u00e8te et l'ob\u00e9sit\u00e9 (\" diab\u00e9sit\u00e9 \"). \n<br><br>\nPlus r\u00e9cemment, trois nouvelles plateformes technologiques ont \u00e9galement \u00e9t\u00e9 ajout\u00e9es au portefeuille de brevets d'Adocia: pour la th\u00e9rapie cellulaire, la d\u00e9livrance orale de peptides et la formulation injectable \u00e0 action prolong\u00e9e.                    <\/div>\n                            <\/div>\n        \n    <\/div>\n    [\/vc_column][\/vc_row][\/vc_section][vc_row][vc_column]\n    <div class=\"line_separator st2\">\n        <svg version=\"1.1\" xmlns=\"http:\/\/www.w3.org\/2000\/svg\" xmlns:xlink=\"http:\/\/www.w3.org\/1999\/xlink\" x=\"0px\" y=\"0px\"\n             viewBox=\"0 0 1920 165\" style=\"enable-background:new 0 0 1920 165;\" xml:space=\"preserve\">\n            <linearGradient id=\"svg_gradient\" gradientUnits=\"userSpaceOnUse\" x1=\"0.995\" y1=\"1082.1384\" x2=\"1.9486\" y2=\"1082.1384\" gradientTransform=\"matrix(2013.24 0 0 -2013.24 -2003.0748 2178686.75)\">\n                <stop  offset=\"0\" style=\"stop-color:#009AA8\"\/>\n                <stop  offset=\"4.545450e-03\" style=\"stop-color:#009AA8\"\/>\n                <stop  offset=\"0.9955\" style=\"stop-color:#9EC41A\"\/>\n                <stop  offset=\"1\" style=\"stop-color:#9EC41A\"\/>\n            <\/linearGradient>\n            <path d=\"M1919.7,104.3c-247.7,37.4-498.5,56.4-745.4,56.4c-164,0-327.7-8.4-486.7-24.9\n        C560.5,122.6,436.1,104.2,317.9,81C116.3,41.6,1.8,1.8,0.6,1.4L0,1.1v3.1c8.1,2.8,119.7,41,317.7,79.7\n        c118.3,23.1,242.7,41.6,369.9,54.8c159,16.5,322.7,24.9,486.7,24.9c247,0,497.9-19,745.7-56.4v-3L1919.7,104.3z\"\/>\n        <\/svg>\n    <\/div>\n\n    [\/vc_column][\/vc_row][vc_row el_class=\u00a0\u00bbcontainer\u00a0\u00bb][vc_column][vc_row_inner][vc_column_inner offset=\u00a0\u00bbvc_col-lg-6&Prime;]\n    <div class=\"cstm-blockquote fadeInLeft `{`object Object`}`\">\n        <span>Le patient sur la voie de la gu\u00e9rison<\/span>\n    <\/div>\n\n    [\/vc_column_inner][\/vc_row_inner][vc_row_inner el_class=\u00a0\u00bbmb-5&Prime;][vc_column_inner width=\u00a0\u00bb1\/2&Prime;][vc_single_image image=\u00a0\u00bb159&Prime; img_size=\u00a0\u00bbfull\u00a0\u00bb el_class=\u00a0\u00bbfadeInLeft\u00a0\u00bb][\/vc_column_inner][vc_column_inner width=\u00a0\u00bb1\/2&Prime;][vc_column_text el_class=\u00a0\u00bbfadeInLeft mb-0&Prime;]<strong>La vocation d&rsquo;Adocia est d&rsquo;accompagner et de soulager les patients tout au long de leur vie et de les aider \u00e0 mieux g\u00e9rer leur maladie.<\/strong><\/p>\n<p>La silhouette stylis\u00e9e de l&rsquo;artiste Giacometti nous a inspir\u00e9 car elle repr\u00e9sente le patient sur le chemin de la gu\u00e9rison.<\/p>\n<p>La devise d&rsquo;Adocia \u00ab\u00a0Des m\u00e9dicaments innovants pour tous, partout \u00a0\u00bb sert de socle et soutient ces hommes et ces femmes dans leur qu\u00eate de gu\u00e9rison.[\/vc_column_text][\/vc_column_inner][\/vc_row_inner][\/vc_column][\/vc_row][vc_row][vc_column]\n    <div class=\"line_separator st4\">\n        <svg version=\"1.1\" xmlns=\"http:\/\/www.w3.org\/2000\/svg\" xmlns:xlink=\"http:\/\/www.w3.org\/1999\/xlink\" x=\"0px\" y=\"0px\"\n             viewBox=\"0 0 1920 165\" style=\"enable-background:new 0 0 1920 165;\" xml:space=\"preserve\">\n            <linearGradient id=\"svg_gradient\" gradientUnits=\"userSpaceOnUse\" x1=\"0.995\" y1=\"1082.1384\" x2=\"1.9486\" y2=\"1082.1384\" gradientTransform=\"matrix(2013.24 0 0 -2013.24 -2003.0748 2178686.75)\">\n                <stop  offset=\"0\" style=\"stop-color:#009AA8\"\/>\n                <stop  offset=\"4.545450e-03\" style=\"stop-color:#009AA8\"\/>\n                <stop  offset=\"0.9955\" style=\"stop-color:#9EC41A\"\/>\n                <stop  offset=\"1\" style=\"stop-color:#9EC41A\"\/>\n            <\/linearGradient>\n            <path d=\"M1919.7,104.3c-247.7,37.4-498.5,56.4-745.4,56.4c-164,0-327.7-8.4-486.7-24.9\n        C560.5,122.6,436.1,104.2,317.9,81C116.3,41.6,1.8,1.8,0.6,1.4L0,1.1v3.1c8.1,2.8,119.7,41,317.7,79.7\n        c118.3,23.1,242.7,41.6,369.9,54.8c159,16.5,322.7,24.9,486.7,24.9c247,0,497.9-19,745.7-56.4v-3L1919.7,104.3z\"\/>\n        <\/svg>\n    <\/div>\n\n    [\/vc_column][\/vc_row][vc_row content_placement=\u00a0\u00bbmiddle\u00a0\u00bb el_class=\u00a0\u00bbcontainer mt-5&Prime;][vc_column][vc_column_text][\/vc_column_text][\/vc_column][\/vc_row]<\/p>\n<\/section>","protected":false},"excerpt":{"rendered":"<p>[vc_row content_placement=\u00a0\u00bbmiddle\u00a0\u00bb el_id=\u00a0\u00bbfirstimg\u00a0\u00bb css=\u00a0\u00bb.vc_custom_1682608103824{background-image: url(https:\/\/adocia.s18854168.onlinehome-server.info\/composants\/uploads\/2023\/04\/firstimg-adocia.jpg?id=98) !important;background-position: center !important;background-repeat: no-repeat !important;background-size: cover !important;}\u00a0\u00bb][vc_column][vc_row_inner el_class=\u00a0\u00bbcontainer\u00a0\u00bb][vc_column_inner el_class=\u00a0\u00bbfadeInLeft\u00a0\u00bb width=\u00a0\u00bb3\/4&Prime; offset=\u00a0\u00bbvc_col-md-5&Prime;][vc_column_text el_class=\u00a0\u00bbmw-300&Prime;] Histoire [\/vc_column_text][vc_column_text] Adocia est une soci\u00e9t\u00e9 fran\u00e7aise de [&hellip;]<\/p>\n","protected":false},"author":1,"featured_media":0,"parent":5128,"menu_order":1,"comment_status":"closed","ping_status":"closed","template":"","meta":{"_mi_skip_tracking":false,"_monsterinsights_sitenote_active":false,"_monsterinsights_sitenote_note":"","_monsterinsights_sitenote_category":0,"footnotes":""},"class_list":["post-5142","page","type-page","status-publish","hentry"],"acf":[],"aioseo_notices":[],"_links":{"self":[{"href":"https:\/\/adocia.s18854168.onlinehome-server.info\/fr\/wp-json\/wp\/v2\/pages\/5142","targetHints":{"allow":["GET"]}}],"collection":[{"href":"https:\/\/adocia.s18854168.onlinehome-server.info\/fr\/wp-json\/wp\/v2\/pages"}],"about":[{"href":"https:\/\/adocia.s18854168.onlinehome-server.info\/fr\/wp-json\/wp\/v2\/types\/page"}],"author":[{"embeddable":true,"href":"https:\/\/adocia.s18854168.onlinehome-server.info\/fr\/wp-json\/wp\/v2\/users\/1"}],"replies":[{"embeddable":true,"href":"https:\/\/adocia.s18854168.onlinehome-server.info\/fr\/wp-json\/wp\/v2\/comments?post=5142"}],"version-history":[{"count":28,"href":"https:\/\/adocia.s18854168.onlinehome-server.info\/fr\/wp-json\/wp\/v2\/pages\/5142\/revisions"}],"predecessor-version":[{"id":7622,"href":"https:\/\/adocia.s18854168.onlinehome-server.info\/fr\/wp-json\/wp\/v2\/pages\/5142\/revisions\/7622"}],"up":[{"embeddable":true,"href":"https:\/\/adocia.s18854168.onlinehome-server.info\/fr\/wp-json\/wp\/v2\/pages\/5128"}],"wp:attachment":[{"href":"https:\/\/adocia.s18854168.onlinehome-server.info\/fr\/wp-json\/wp\/v2\/media?parent=5142"}],"curies":[{"name":"wp","href":"https:\/\/api.w.org\/{rel}","templated":true}]}}