{"id":5166,"date":"2023-04-25T12:34:42","date_gmt":"2023-04-25T10:34:42","guid":{"rendered":"https:\/\/adocia.s18854168.onlinehome-server.info\/adocia\/conseil-dadministration\/"},"modified":"2023-09-28T18:04:04","modified_gmt":"2023-09-28T16:04:04","slug":"conseil-dadministration","status":"publish","type":"page","link":"https:\/\/adocia.s18854168.onlinehome-server.info\/fr\/adocia\/conseil-dadministration\/","title":{"rendered":"Conseil d&rsquo;administration"},"content":{"rendered":"<section class=\"wpb-content-wrapper\"><p>[vc_row content_placement=\u00a0\u00bbmiddle\u00a0\u00bb el_id=\u00a0\u00bbfirstimg\u00a0\u00bb css=\u00a0\u00bb.vc_custom_1682608103824{background-image: url(https:\/\/adocia.s18854168.onlinehome-server.info\/composants\/uploads\/2023\/04\/firstimg-adocia.jpg?id=98) !important;background-position: center !important;background-repeat: no-repeat !important;background-size: cover !important;}\u00a0\u00bb][vc_column][vc_row_inner el_class=\u00a0\u00bbcontainer\u00a0\u00bb][vc_column_inner el_class=\u00a0\u00bbfadeInLeft\u00a0\u00bb width=\u00a0\u00bb3\/4&Prime; offset=\u00a0\u00bbvc_col-md-5&Prime;][vc_column_text]<\/p>\n<h1>Conseil d&rsquo;administration<\/h1>\n<p>[\/vc_column_text][vc_column_text][\/vc_column_text]\n        <a class=\"theme-btn\" href=\"https:\/\/adocia.s18854168.onlinehome-server.info\/contact\/\" target=\"\" rel=\"\">\n        Nous contacter                    <img decoding=\"async\" src=\"https:\/\/adocia.s18854168.onlinehome-server.info\/composants\/themes\/adocia\/inc\/assets\/img\/icon-arrow_right.svg\" alt=\"Arrow right\">\n            <\/a>\n    \n    [\/vc_column_inner][\/vc_row_inner][\/vc_column][\/vc_row][vc_row content_placement=\u00a0\u00bbmiddle\u00a0\u00bb el_class=\u00a0\u00bbcontainer block-separator\u00a0\u00bb][vc_column][vc_column_text][\/vc_column_text][\/vc_column][\/vc_row][vc_row el_class=\u00a0\u00bbcontainer mt-5&Prime;][vc_column][vc_column_text]\t\t\t<!-- Flexy Breadcrumb -->\r\n\t\t\t<div class=\"fbc fbc-page\">\r\n\r\n\t\t\t\t<!-- Breadcrumb wrapper -->\r\n\t\t\t\t<div class=\"fbc-wrap\">\r\n\r\n\t\t\t\t\t<!-- Ordered list-->\r\n\t\t\t\t\t<ol class=\"fbc-items\" itemscope itemtype=\"https:\/\/schema.org\/BreadcrumbList\">\r\n\t\t\t\t\t\t            <li itemprop=\"itemListElement\" itemscope itemtype=\"https:\/\/schema.org\/ListItem\">\r\n                <span itemprop=\"name\">\r\n                    <!-- Home Link -->\r\n                    <a itemprop=\"item\" href=\"https:\/\/adocia.s18854168.onlinehome-server.info\">\r\n                    \r\n                                                    <i class=\"fa fa-home\" aria-hidden=\"true\"><\/i>Home                    <\/a>\r\n                <\/span>\r\n                <meta itemprop=\"position\" content=\"1\" \/><!-- Meta Position-->\r\n             <\/li><li><span class=\"fbc-separator\">\/<\/span><\/li><li class=\"active\" itemprop=\"itemListElement\" itemscope itemtype=\"https:\/\/schema.org\/ListItem\"><span itemprop=\"name\" title=\"Conseil d&rsquo;administration\">Conseil d&rsquo;administration<\/span><meta itemprop=\"position\" content=\"2\" \/><\/li>\t\t\t\t\t<\/ol>\r\n\t\t\t\t\t<div class=\"clearfix\"><\/div>\r\n\t\t\t\t<\/div>\r\n\t\t\t<\/div>\r\n\t\t\t[\/vc_column_text][\/vc_column][\/vc_row][vc_row el_class=\u00a0\u00bbcontainer\u00a0\u00bb][vc_column][vc_row_inner el_class=\u00a0\u00bbd-flex flex-wrap\u00a0\u00bb][vc_column_inner width=\u00a0\u00bb1\/2&Prime; offset=\u00a0\u00bbvc_col-md-4&Prime;]\n    <div class=\"cstm-team\">\n                    <div class=\"img\">\n                <img loading=\"lazy\" decoding=\"async\" width=\"400\" height=\"400\" src=\"https:\/\/adocia.s18854168.onlinehome-server.info\/composants\/uploads\/2023\/05\/gerard-soula.jpg\" class=\"attachment-full size-full\" alt=\"\" srcset=\"https:\/\/adocia.s18854168.onlinehome-server.info\/composants\/uploads\/2023\/05\/gerard-soula.jpg 400w, https:\/\/adocia.s18854168.onlinehome-server.info\/composants\/uploads\/2023\/05\/gerard-soula-300x300.jpg 300w, https:\/\/adocia.s18854168.onlinehome-server.info\/composants\/uploads\/2023\/05\/gerard-soula-150x150.jpg 150w\" sizes=\"auto, (max-width: 400px) 100vw, 400px\" \/>            <\/div>\n                <div class=\"name\">\n            G\u00e9rard Soula, PhD, MBA                            <span>Pr\u00e9sident du conseil d'administration<\/span>\n                    <\/div>\n                    <div class=\"content\">\n                <div class=\"description\">\n                    G\u00e9rard Soula est titulaire d&rsquo;un doctorat en chimie organique et d&rsquo;un MBA. En 1990, il a fond\u00e9 Flamel Technologies, une soci\u00e9t\u00e9 de biotechnologie c\u00f4t\u00e9e au Nasdaq, sp\u00e9cialis\u00e9e dans l&rsquo;administration de m\u00e9dicaments. Il a occup\u00e9 les postes de directeur de la recherche et du d\u00e9veloppement et de pr\u00e9sident directeur g\u00e9n\u00e9ral jusqu&rsquo;en 2005. Il a conduit la soci\u00e9t\u00e9 jusqu&rsquo;au succ\u00e8s avec 100 millions de dollars de tr\u00e9sorerie et une capitalisation boursi\u00e8re de 500 millions de dollars. En 2005, G\u00e9rard Soula a fond\u00e9 Adocia avec ses deux fils, R\u00e9mi Soula et Olivier Soula. Sa contribution exceptionnelle en tant que pr\u00e9sident et directeur g\u00e9n\u00e9ral de la soci\u00e9t\u00e9 pendant 17 ans a d\u00e9montr\u00e9 sa capacit\u00e9 \u00e0 d\u00e9velopper et licencier des produits innovants pour de grands march\u00e9s. En 2023, G\u00e9rard Soula a \u00e9t\u00e9 reconduit dans ses fonctions de pr\u00e9sident du conseil d&rsquo;administration d&rsquo;Adocia.<\/p>\n<p>G\u00e9rard Soula est co-auteur de plus de 120 brevets. Il a une solide exp\u00e9rience dans la n\u00e9gociation d&rsquo;accords de licence avec de grandes soci\u00e9t\u00e9s pharmaceutiques telles que Novo Nordisk, Bristol Myers Squibb, GlaxoSmithKline, etc.                <\/div>\n                                    <button>\n                        <img decoding=\"async\" src=\"https:\/\/adocia.s18854168.onlinehome-server.info\/composants\/themes\/adocia\/inc\/assets\/img\/icon-plus.png\" alt=\"Icone plus\">\n                        <img decoding=\"async\" src=\"https:\/\/adocia.s18854168.onlinehome-server.info\/composants\/themes\/adocia\/inc\/assets\/img\/icon-moins.png\" alt=\"Icone moins\">\n                    <\/button>\n                            <\/div>\n            <\/div>\n\n    \n    <div class=\"cstm-team\">\n                    <div class=\"img\">\n                <img loading=\"lazy\" decoding=\"async\" width=\"400\" height=\"400\" src=\"https:\/\/adocia.s18854168.onlinehome-server.info\/composants\/uploads\/2023\/05\/katherine-Bowdish-photo-e1684858614178.jpg\" class=\"attachment-full size-full\" alt=\"Katerine Bowdish Adocia\" srcset=\"https:\/\/adocia.s18854168.onlinehome-server.info\/composants\/uploads\/2023\/05\/katherine-Bowdish-photo-e1684858614178.jpg 400w, https:\/\/adocia.s18854168.onlinehome-server.info\/composants\/uploads\/2023\/05\/katherine-Bowdish-photo-e1684858614178-300x300.jpg 300w, https:\/\/adocia.s18854168.onlinehome-server.info\/composants\/uploads\/2023\/05\/katherine-Bowdish-photo-e1684858614178-150x150.jpg 150w\" sizes=\"auto, (max-width: 400px) 100vw, 400px\" \/>            <\/div>\n                <div class=\"name\">\n            Katherine Bowdish, PhD                            <span>Administrateur<\/span>\n                    <\/div>\n                    <div class=\"content\">\n                <div class=\"description\">\n                    Katherine Bowdish est pr\u00e9sidente-directrice g\u00e9n\u00e9rale de PIC Therapeutics, une soci\u00e9t\u00e9 de m\u00e9decine de pr\u00e9cision, financ\u00e9e par du capital-risque et sp\u00e9cialis\u00e9e dans l&rsquo;oncologie. De 2013 \u00e0 2020, Kathy a travaill\u00e9 pour Sanofi afin de mettre en place et de diriger Sanofi Sunrise, un fonds d&rsquo;investissement en capital-risque, visant la co-cr\u00e9ation d&rsquo;entreprises et l&rsquo;\u00e9tablissement de partenariats afin de faire progresser la science de pointe pr\u00e9sentant un int\u00e9r\u00eat strat\u00e9gique pour Sanofi.<\/p>\n<p>Apr\u00e8s avoir dirig\u00e9 Sunrise pendant cinq ans, Kathy a accept\u00e9 le r\u00f4le de vice-pr\u00e9sidente et de responsable de la strat\u00e9gie R&amp;D. Elle a ensuite \u00e9t\u00e9 nomm\u00e9e vice-pr\u00e9sidente de Sanofi. Avant de rejoindre Sanofi, Kathy a cofond\u00e9 et dirig\u00e9 plusieurs entreprises des sciences de la vie, ax\u00e9es sur la recherche de nouveaux traitements biologiques.<\/p>\n<p>Elle a notamment \u00e9t\u00e9 cofondatrice, pr\u00e9sidente et directrice g\u00e9n\u00e9rale d&rsquo;Anaphore, pr\u00e9sidente d&rsquo;Alexion Antibody Technologies et premi\u00e8re vice-pr\u00e9sidente d&rsquo;Alexion Pharmaceuticals, ainsi que fondatrice, directrice g\u00e9n\u00e9rale et directrice scientifique de Prolifaron, avant son acquisition par Alexion. Kathy est titulaire d&rsquo;un doctorat en g\u00e9n\u00e9tique mol\u00e9culaire de Columbia University College of Physicians and Surgeons \u00e0 New York, et d&rsquo;une licence en biologie du College of William and Mary.                <\/div>\n                                    <button>\n                        <img decoding=\"async\" src=\"https:\/\/adocia.s18854168.onlinehome-server.info\/composants\/themes\/adocia\/inc\/assets\/img\/icon-plus.png\" alt=\"Icone plus\">\n                        <img decoding=\"async\" src=\"https:\/\/adocia.s18854168.onlinehome-server.info\/composants\/themes\/adocia\/inc\/assets\/img\/icon-moins.png\" alt=\"Icone moins\">\n                    <\/button>\n                            <\/div>\n            <\/div>\n\n    \n    <div class=\"cstm-team\">\n                    <div class=\"img\">\n                <img loading=\"lazy\" decoding=\"async\" width=\"400\" height=\"400\" src=\"https:\/\/adocia.s18854168.onlinehome-server.info\/composants\/uploads\/2023\/05\/Ekaterina_Smirnyagina-e1684858133750.jpeg\" class=\"attachment-full size-full\" alt=\"Ekaterina Smirnyagina Adocia\" srcset=\"https:\/\/adocia.s18854168.onlinehome-server.info\/composants\/uploads\/2023\/05\/Ekaterina_Smirnyagina-e1684858133750.jpeg 400w, https:\/\/adocia.s18854168.onlinehome-server.info\/composants\/uploads\/2023\/05\/Ekaterina_Smirnyagina-e1684858133750-300x300.jpeg 300w, https:\/\/adocia.s18854168.onlinehome-server.info\/composants\/uploads\/2023\/05\/Ekaterina_Smirnyagina-e1684858133750-150x150.jpeg 150w\" sizes=\"auto, (max-width: 400px) 100vw, 400px\" \/>            <\/div>\n                <div class=\"name\">\n            Ekaterina (Katya) Smirnyagina, PhD                            <span>Administrateur<\/span>\n                    <\/div>\n                    <div class=\"content\">\n                <div class=\"description\">\n                    Katya Smirnyagina est Associ\u00e9e Principale pour les Sciences de la vie chez Oxford Sciences Entreprises.<\/p>\n<p>Katya a deux d\u00e9cennies d&rsquo;exp\u00e9rience dans l&rsquo;industrie biotechnologique. Elle a commenc\u00e9 sa carri\u00e8re dans le capital-risque en 2002 chez Alta Partners, un fonds am\u00e9ricain ax\u00e9 sur le secteur de la sant\u00e9, puis chez Capricorn Partners en Belgique. Elle a \u00e9t\u00e9 directrice de plusieurs soci\u00e9t\u00e9s publiques et priv\u00e9es en Europe et a \u00e9t\u00e9 vice-pr\u00e9sidente d&rsquo;InvestEurope.<\/p>\n<p>Katya a compl\u00e9t\u00e9 sa formation scientifique par un doctorat en biologie cellulaire et mol\u00e9culaire \u00e0 l&rsquo;universit\u00e9 du Wisconsin-Madison, suivi d&rsquo;un postdoc en microbiologie \u00e0 la Stanford School of Medicine.                <\/div>\n                                    <button>\n                        <img decoding=\"async\" src=\"https:\/\/adocia.s18854168.onlinehome-server.info\/composants\/themes\/adocia\/inc\/assets\/img\/icon-plus.png\" alt=\"Icone plus\">\n                        <img decoding=\"async\" src=\"https:\/\/adocia.s18854168.onlinehome-server.info\/composants\/themes\/adocia\/inc\/assets\/img\/icon-moins.png\" alt=\"Icone moins\">\n                    <\/button>\n                            <\/div>\n            <\/div>\n\n    [\/vc_column_inner][vc_column_inner width=\u00a0\u00bb1\/2&Prime; offset=\u00a0\u00bbvc_col-md-4&Prime;]\n    <div class=\"cstm-team\">\n                    <div class=\"img\">\n                <img loading=\"lazy\" decoding=\"async\" width=\"400\" height=\"400\" src=\"https:\/\/adocia.s18854168.onlinehome-server.info\/composants\/uploads\/2023\/05\/olivier-soula.jpg\" class=\"attachment-full size-full\" alt=\"\" srcset=\"https:\/\/adocia.s18854168.onlinehome-server.info\/composants\/uploads\/2023\/05\/olivier-soula.jpg 400w, https:\/\/adocia.s18854168.onlinehome-server.info\/composants\/uploads\/2023\/05\/olivier-soula-300x300.jpg 300w, https:\/\/adocia.s18854168.onlinehome-server.info\/composants\/uploads\/2023\/05\/olivier-soula-150x150.jpg 150w\" sizes=\"auto, (max-width: 400px) 100vw, 400px\" \/>            <\/div>\n                <div class=\"name\">\n            Olivier Soula, PhD, MBA                            <span>Directeur g\u00e9n\u00e9ral, Co-fondateur<\/span>\n                    <\/div>\n                    <div class=\"content\">\n                <div class=\"description\">\n                    Olivier Soula est titulaire d&rsquo;un doctorat en physico-chimie des polym\u00e8res et d&rsquo;un MBA. Pendant les 8 ann\u00e9es pass\u00e9es chez Flamel Technologies, o\u00f9 il \u00e9tait directeur de la recherche, il a men\u00e9 avec succ\u00e8s le d\u00e9veloppement de Medusa, une plateforme de lib\u00e9ration prolong\u00e9e de prot\u00e9ines th\u00e9rapeutiques qui a fait l&rsquo;objet d&rsquo;un partenariat avec Bristol Myers Squibb.<\/p>\n<p>En 2005, Olivier a fond\u00e9 Adocia avec son p\u00e8re, G\u00e9rard Soula, et son fr\u00e8re, R\u00e9mi Soula. Olivier a occup\u00e9 successivement les fonctions de directeur de la recherche et du d\u00e9veloppement, de directeur g\u00e9n\u00e9ral d\u00e9l\u00e9gu\u00e9 puis de directeur g\u00e9n\u00e9ral depuis 2023. Il a contribu\u00e9 \u00e0 la signature de 4 partenariats majeurs repr\u00e9sentant plus de 150 millions de dollars de revenus avec Eli Lilly et avec Tonghua Dongbao.<br \/>\nOlivier est co-auteur de plus de 40 brevets sur la d\u00e9livrance de prot\u00e9ines et travaille depuis plus de 20 ans dans le domaine des formulations innovantes d&rsquo;insuline.                <\/div>\n                                    <button>\n                        <img decoding=\"async\" src=\"https:\/\/adocia.s18854168.onlinehome-server.info\/composants\/themes\/adocia\/inc\/assets\/img\/icon-plus.png\" alt=\"Icone plus\">\n                        <img decoding=\"async\" src=\"https:\/\/adocia.s18854168.onlinehome-server.info\/composants\/themes\/adocia\/inc\/assets\/img\/icon-moins.png\" alt=\"Icone moins\">\n                    <\/button>\n                            <\/div>\n            <\/div>\n\n    \n    <div class=\"cstm-team\">\n                    <div class=\"img\">\n                <img loading=\"lazy\" decoding=\"async\" width=\"750\" height=\"750\" src=\"https:\/\/adocia.s18854168.onlinehome-server.info\/composants\/uploads\/2023\/05\/mediumWebP_Untitled_991_991_px_520_520_px_24a80a5c49.webp\" class=\"attachment-full size-full\" alt=\"\" srcset=\"https:\/\/adocia.s18854168.onlinehome-server.info\/composants\/uploads\/2023\/05\/mediumWebP_Untitled_991_991_px_520_520_px_24a80a5c49.webp 750w, https:\/\/adocia.s18854168.onlinehome-server.info\/composants\/uploads\/2023\/05\/mediumWebP_Untitled_991_991_px_520_520_px_24a80a5c49-300x300.webp 300w, https:\/\/adocia.s18854168.onlinehome-server.info\/composants\/uploads\/2023\/05\/mediumWebP_Untitled_991_991_px_520_520_px_24a80a5c49-150x150.webp 150w\" sizes=\"auto, (max-width: 750px) 100vw, 750px\" \/>            <\/div>\n                <div class=\"name\">\n            Mads Dall                            <span>Administrateur<\/span>\n                    <\/div>\n                    <div class=\"content\">\n                <div class=\"description\">\n                    Mads Dall est le PDG et fondateur de Dall &amp; Company, soci\u00e9t\u00e9 de Business Development strat\u00e9gique bas\u00e9e \u00e0 Copenhague (Danemark), qui travaille avec des clients du monde entier, principalement dans le domaine des sciences de la vie.<\/p>\n<p>Mads a une exp\u00e9rience internationale de l\u2019industrie du diab\u00e8te. Il a travaill\u00e9 aux \u00c9tats-Unis, en Europe et en Asie avec des entreprises pharmaceutiques, biotechnologiques et MedTechs, \u00e0 des postes de direction, de consultant et de conseil d\u2019administration.<\/p>\n<p>Il a notamment \u00e9t\u00e9 directeur commercial de Beta Bionics, vice-pr\u00e9sident ex\u00e9cutif de CeQur, associ\u00e9 principal d&rsquo;Asia Base et vice-pr\u00e9sident de Novo Nordisk.                <\/div>\n                                    <button>\n                        <img decoding=\"async\" src=\"https:\/\/adocia.s18854168.onlinehome-server.info\/composants\/themes\/adocia\/inc\/assets\/img\/icon-plus.png\" alt=\"Icone plus\">\n                        <img decoding=\"async\" src=\"https:\/\/adocia.s18854168.onlinehome-server.info\/composants\/themes\/adocia\/inc\/assets\/img\/icon-moins.png\" alt=\"Icone moins\">\n                    <\/button>\n                            <\/div>\n            <\/div>\n\n    [\/vc_column_inner][vc_column_inner width=\u00a0\u00bb1\/2&Prime; offset=\u00a0\u00bbvc_col-md-4&Prime;]\n    <div class=\"cstm-team\">\n                    <div class=\"img\">\n                <img loading=\"lazy\" decoding=\"async\" width=\"400\" height=\"400\" src=\"https:\/\/adocia.s18854168.onlinehome-server.info\/composants\/uploads\/2023\/05\/Yu6WX2BY_400x400.jpg\" class=\"attachment-full size-full\" alt=\"\" srcset=\"https:\/\/adocia.s18854168.onlinehome-server.info\/composants\/uploads\/2023\/05\/Yu6WX2BY_400x400.jpg 400w, https:\/\/adocia.s18854168.onlinehome-server.info\/composants\/uploads\/2023\/05\/Yu6WX2BY_400x400-300x300.jpg 300w, https:\/\/adocia.s18854168.onlinehome-server.info\/composants\/uploads\/2023\/05\/Yu6WX2BY_400x400-150x150.jpg 150w\" sizes=\"auto, (max-width: 400px) 100vw, 400px\" \/>            <\/div>\n                <div class=\"name\">\n            St\u00e9phane Boissel, MBA                            <span>Administrateur<\/span>\n                    <\/div>\n                    <div class=\"content\">\n                <div class=\"description\">\n                    St\u00e9phane Boissel est actuellement pr\u00e9sident-directeur g\u00e9n\u00e9ral de SparingVision, une soci\u00e9t\u00e9 de m\u00e9decine g\u00e9nomique dans le domaine de l&rsquo;ophtalmologie. Il \u00e9tait auparavant vice-pr\u00e9sident ex\u00e9cutif de la strat\u00e9gie d&rsquo;entreprise chez Sangamo Therapeutics, bas\u00e9e \u00e0 San Francisco (\u00c9tats-Unis).<\/p>\n<p>Il a rejoint Sangamo Therapeutics \u00e0 la suite de l&rsquo;acquisition par cette derni\u00e8re de TxCell SA, une soci\u00e9t\u00e9 CAR-Treg dont il \u00e9tait le PDG. St\u00e9phane est un professionnel chevronn\u00e9 des biotechnologies, avec plus de 25 ans d&rsquo;exp\u00e9rience en tant que dirigeant dans les domaines de la finance d&rsquo;entreprise, de la strat\u00e9gie et du business development.<\/p>\n<p>St\u00e9phane a termin\u00e9 ses \u00e9tudes de gestion et de finance \u00e0 l&rsquo;Universit\u00e9 de Lyon et de Paris-Dauphine en France et a obtenu son MBA \u00e0 l&rsquo;Universit\u00e9 de Chicago (IL, USA).                 <\/div>\n                                    <button>\n                        <img decoding=\"async\" src=\"https:\/\/adocia.s18854168.onlinehome-server.info\/composants\/themes\/adocia\/inc\/assets\/img\/icon-plus.png\" alt=\"Icone plus\">\n                        <img decoding=\"async\" src=\"https:\/\/adocia.s18854168.onlinehome-server.info\/composants\/themes\/adocia\/inc\/assets\/img\/icon-moins.png\" alt=\"Icone moins\">\n                    <\/button>\n                            <\/div>\n            <\/div>\n\n    \n    <div class=\"cstm-team\">\n                    <div class=\"img\">\n                <img loading=\"lazy\" decoding=\"async\" width=\"399\" height=\"399\" src=\"https:\/\/adocia.s18854168.onlinehome-server.info\/composants\/uploads\/2023\/05\/Claudia-Mitchell-230516-Photo-21-e1684858006581.jpg\" class=\"attachment-full size-full\" alt=\"Claudia Mitchel Adocia\" srcset=\"https:\/\/adocia.s18854168.onlinehome-server.info\/composants\/uploads\/2023\/05\/Claudia-Mitchell-230516-Photo-21-e1684858006581.jpg 399w, https:\/\/adocia.s18854168.onlinehome-server.info\/composants\/uploads\/2023\/05\/Claudia-Mitchell-230516-Photo-21-e1684858006581-300x300.jpg 300w, https:\/\/adocia.s18854168.onlinehome-server.info\/composants\/uploads\/2023\/05\/Claudia-Mitchell-230516-Photo-21-e1684858006581-150x150.jpg 150w\" sizes=\"auto, (max-width: 399px) 100vw, 399px\" \/>            <\/div>\n                <div class=\"name\">\n            Claudia Mitchell, PhD, MBA                            <span>Administrateur<\/span>\n                    <\/div>\n                    <div class=\"content\">\n                <div class=\"description\">\n                    Claudia est vice-pr\u00e9sidente principale, responsable de la strat\u00e9gie de portefeuille chez Astellas Pharma.<\/p>\n<p>Claudia a \u00e9t\u00e9 PDG et cofondatrice d&rsquo;Universal Cells, une soci\u00e9t\u00e9 de biotechnologie bas\u00e9e \u00e0 Seattle, jusqu&rsquo;\u00e0 ce qu&rsquo;elle soit rachet\u00e9e par Astellas. Claudia a auparavant cofond\u00e9 Halo-Bio RNAi Therapeutics et en a \u00e9t\u00e9 la directrice scientifique. Elle a re\u00e7u le prix EY Entrepreneur de l&rsquo;ann\u00e9e dans le domaine des sciences de la vie pour la r\u00e9gion Pacifique Nord-Ouest en 2018.<\/p>\n<p>En plus d&rsquo;\u00eatre entrepreneur en biotechnologie, Claudia a \u00e9galement occup\u00e9 des postes dans le secteur \u00e0 but non lucratif et dans le milieu universitaire. Elle a travaill\u00e9 comme directrice de programme au LGMD2I Research Fund, une fondation familiale \u00e0 but non lucratif, et a occup\u00e9 un poste de chercheur universitaire permanent \u00e0 l&rsquo;Institut national fran\u00e7ais de la recherche m\u00e9dicale (INSERM).<\/p>\n<p>Claudia est titulaire d&rsquo;un doctorat en biologie mol\u00e9culaire de l&rsquo;Universit\u00e9 de Paris et d&rsquo;un MBA en gestion internationale de l&rsquo;\u00c9cole des Ponts, Paris, France.                <\/div>\n                                    <button>\n                        <img decoding=\"async\" src=\"https:\/\/adocia.s18854168.onlinehome-server.info\/composants\/themes\/adocia\/inc\/assets\/img\/icon-plus.png\" alt=\"Icone plus\">\n                        <img decoding=\"async\" src=\"https:\/\/adocia.s18854168.onlinehome-server.info\/composants\/themes\/adocia\/inc\/assets\/img\/icon-moins.png\" alt=\"Icone moins\">\n                    <\/button>\n                            <\/div>\n            <\/div>\n\n    [\/vc_column_inner][vc_column_inner width=\u00a0\u00bb1\/2&Prime; offset=\u00a0\u00bbvc_col-md-4&Prime;][\/vc_column_inner][vc_column_inner width=\u00a0\u00bb1\/2&Prime; offset=\u00a0\u00bbvc_col-md-4&Prime;][\/vc_column_inner][vc_column_inner width=\u00a0\u00bb1\/2&Prime; offset=\u00a0\u00bbvc_col-md-4&Prime;][\/vc_column_inner][vc_column_inner width=\u00a0\u00bb1\/2&Prime; offset=\u00a0\u00bbvc_col-md-4&Prime;][\/vc_column_inner][\/vc_row_inner][\/vc_column][\/vc_row][vc_row][vc_column]\n    <div class=\"line_separator st4\">\n        <svg version=\"1.1\" xmlns=\"http:\/\/www.w3.org\/2000\/svg\" xmlns:xlink=\"http:\/\/www.w3.org\/1999\/xlink\" x=\"0px\" y=\"0px\"\n             viewBox=\"0 0 1920 165\" style=\"enable-background:new 0 0 1920 165;\" xml:space=\"preserve\">\n            <linearGradient id=\"svg_gradient\" gradientUnits=\"userSpaceOnUse\" x1=\"0.995\" y1=\"1082.1384\" x2=\"1.9486\" y2=\"1082.1384\" gradientTransform=\"matrix(2013.24 0 0 -2013.24 -2003.0748 2178686.75)\">\n                <stop  offset=\"0\" style=\"stop-color:#009AA8\"\/>\n                <stop  offset=\"4.545450e-03\" style=\"stop-color:#009AA8\"\/>\n                <stop  offset=\"0.9955\" style=\"stop-color:#9EC41A\"\/>\n                <stop  offset=\"1\" style=\"stop-color:#9EC41A\"\/>\n            <\/linearGradient>\n            <path d=\"M1919.7,104.3c-247.7,37.4-498.5,56.4-745.4,56.4c-164,0-327.7-8.4-486.7-24.9\n        C560.5,122.6,436.1,104.2,317.9,81C116.3,41.6,1.8,1.8,0.6,1.4L0,1.1v3.1c8.1,2.8,119.7,41,317.7,79.7\n        c118.3,23.1,242.7,41.6,369.9,54.8c159,16.5,322.7,24.9,486.7,24.9c247,0,497.9-19,745.7-56.4v-3L1919.7,104.3z\"\/>\n        <\/svg>\n    <\/div>\n\n    [\/vc_column][\/vc_row][vc_row][vc_column][vc_column_text][\/vc_column_text][\/vc_column][\/vc_row]<\/p>\n<\/section>","protected":false},"excerpt":{"rendered":"<p>[vc_row content_placement=\u00a0\u00bbmiddle\u00a0\u00bb el_id=\u00a0\u00bbfirstimg\u00a0\u00bb css=\u00a0\u00bb.vc_custom_1682608103824{background-image: url(https:\/\/adocia.s18854168.onlinehome-server.info\/composants\/uploads\/2023\/04\/firstimg-adocia.jpg?id=98) !important;background-position: center !important;background-repeat: no-repeat !important;background-size: cover !important;}\u00a0\u00bb][vc_column][vc_row_inner el_class=\u00a0\u00bbcontainer\u00a0\u00bb][vc_column_inner el_class=\u00a0\u00bbfadeInLeft\u00a0\u00bb width=\u00a0\u00bb3\/4&Prime; offset=\u00a0\u00bbvc_col-md-5&Prime;][vc_column_text] Conseil d&rsquo;administration [\/vc_column_text][vc_column_text][\/vc_column_text][\/vc_column_inner][\/vc_row_inner][\/vc_column][\/vc_row][vc_row content_placement=\u00a0\u00bbmiddle\u00a0\u00bb el_class=\u00a0\u00bbcontainer block-separator\u00a0\u00bb][vc_column][vc_column_text][\/vc_column_text][\/vc_column][\/vc_row][vc_row el_class=\u00a0\u00bbcontainer mt-5&Prime;][vc_column][vc_column_text][\/vc_column_text][\/vc_column][\/vc_row][vc_row el_class=\u00a0\u00bbcontainer\u00a0\u00bb][vc_column][vc_row_inner [&hellip;]<\/p>\n","protected":false},"author":1,"featured_media":0,"parent":5128,"menu_order":3,"comment_status":"closed","ping_status":"closed","template":"","meta":{"_mi_skip_tracking":false,"_monsterinsights_sitenote_active":false,"_monsterinsights_sitenote_note":"","_monsterinsights_sitenote_category":0,"footnotes":""},"class_list":["post-5166","page","type-page","status-publish","hentry"],"acf":[],"aioseo_notices":[],"_links":{"self":[{"href":"https:\/\/adocia.s18854168.onlinehome-server.info\/fr\/wp-json\/wp\/v2\/pages\/5166","targetHints":{"allow":["GET"]}}],"collection":[{"href":"https:\/\/adocia.s18854168.onlinehome-server.info\/fr\/wp-json\/wp\/v2\/pages"}],"about":[{"href":"https:\/\/adocia.s18854168.onlinehome-server.info\/fr\/wp-json\/wp\/v2\/types\/page"}],"author":[{"embeddable":true,"href":"https:\/\/adocia.s18854168.onlinehome-server.info\/fr\/wp-json\/wp\/v2\/users\/1"}],"replies":[{"embeddable":true,"href":"https:\/\/adocia.s18854168.onlinehome-server.info\/fr\/wp-json\/wp\/v2\/comments?post=5166"}],"version-history":[{"count":11,"href":"https:\/\/adocia.s18854168.onlinehome-server.info\/fr\/wp-json\/wp\/v2\/pages\/5166\/revisions"}],"predecessor-version":[{"id":7566,"href":"https:\/\/adocia.s18854168.onlinehome-server.info\/fr\/wp-json\/wp\/v2\/pages\/5166\/revisions\/7566"}],"up":[{"embeddable":true,"href":"https:\/\/adocia.s18854168.onlinehome-server.info\/fr\/wp-json\/wp\/v2\/pages\/5128"}],"wp:attachment":[{"href":"https:\/\/adocia.s18854168.onlinehome-server.info\/fr\/wp-json\/wp\/v2\/media?parent=5166"}],"curies":[{"name":"wp","href":"https:\/\/api.w.org\/{rel}","templated":true}]}}