{"id":5174,"date":"2023-04-25T12:34:00","date_gmt":"2023-04-25T10:34:00","guid":{"rendered":"https:\/\/adocia.s18854168.onlinehome-server.info\/adocia\/comites-consultatifs\/"},"modified":"2023-09-22T14:56:04","modified_gmt":"2023-09-22T12:56:04","slug":"comite-consultatif","status":"publish","type":"page","link":"https:\/\/adocia.s18854168.onlinehome-server.info\/fr\/adocia\/comite-consultatif\/","title":{"rendered":"Comit\u00e9 consultatif"},"content":{"rendered":"<section class=\"wpb-content-wrapper\"><p>[vc_row content_placement=\u00a0\u00bbmiddle\u00a0\u00bb el_id=\u00a0\u00bbfirstimg\u00a0\u00bb css=\u00a0\u00bb.vc_custom_1682608103824{background-image: url(https:\/\/adocia.s18854168.onlinehome-server.info\/composants\/uploads\/2023\/04\/firstimg-adocia.jpg?id=98) !important;background-position: center !important;background-repeat: no-repeat !important;background-size: cover !important;}\u00a0\u00bb][vc_column][vc_row_inner el_class=\u00a0\u00bbcontainer\u00a0\u00bb][vc_column_inner el_class=\u00a0\u00bbfadeInLeft\u00a0\u00bb width=\u00a0\u00bb3\/4&Prime; offset=\u00a0\u00bbvc_col-md-5&Prime;][vc_column_text]<\/p>\n<h1>Comit\u00e9 consultatif<\/h1>\n<p>[\/vc_column_text][vc_column_text]Les innovations d\u2019Adocia sont soutenues par un comit\u00e9 m\u00e9dical r\u00e9unissant des leaders d\u2019opinion internationaux[\/vc_column_text]\n        <a class=\"theme-btn\" href=\"https:\/\/adocia.s18854168.onlinehome-server.info\/contact\/\" target=\"\" rel=\"\">\n        Nous contacter                    <img decoding=\"async\" src=\"https:\/\/adocia.s18854168.onlinehome-server.info\/composants\/themes\/adocia\/inc\/assets\/img\/icon-arrow_right.svg\" alt=\"Arrow right\">\n            <\/a>\n    \n    [\/vc_column_inner][\/vc_row_inner][\/vc_column][\/vc_row][vc_row content_placement=\u00a0\u00bbmiddle\u00a0\u00bb el_class=\u00a0\u00bbcontainer block-separator\u00a0\u00bb][vc_column][vc_column_text][\/vc_column_text][\/vc_column][\/vc_row][vc_row el_class=\u00a0\u00bbcontainer mt-5&Prime;][vc_column][vc_column_text]\t\t\t<!-- Flexy Breadcrumb -->\r\n\t\t\t<div class=\"fbc fbc-page\">\r\n\r\n\t\t\t\t<!-- Breadcrumb wrapper -->\r\n\t\t\t\t<div class=\"fbc-wrap\">\r\n\r\n\t\t\t\t\t<!-- Ordered list-->\r\n\t\t\t\t\t<ol class=\"fbc-items\" itemscope itemtype=\"https:\/\/schema.org\/BreadcrumbList\">\r\n\t\t\t\t\t\t            <li itemprop=\"itemListElement\" itemscope itemtype=\"https:\/\/schema.org\/ListItem\">\r\n                <span itemprop=\"name\">\r\n                    <!-- Home Link -->\r\n                    <a itemprop=\"item\" href=\"https:\/\/adocia.s18854168.onlinehome-server.info\">\r\n                    \r\n                                                    <i class=\"fa fa-home\" aria-hidden=\"true\"><\/i>Home                    <\/a>\r\n                <\/span>\r\n                <meta itemprop=\"position\" content=\"1\" \/><!-- Meta Position-->\r\n             <\/li><li><span class=\"fbc-separator\">\/<\/span><\/li><li class=\"active\" itemprop=\"itemListElement\" itemscope itemtype=\"https:\/\/schema.org\/ListItem\"><span itemprop=\"name\" title=\"Comit\u00e9 consultatif\">Comit\u00e9 consultatif<\/span><meta itemprop=\"position\" content=\"2\" \/><\/li>\t\t\t\t\t<\/ol>\r\n\t\t\t\t\t<div class=\"clearfix\"><\/div>\r\n\t\t\t\t<\/div>\r\n\t\t\t<\/div>\r\n\t\t\t[\/vc_column_text][\/vc_column][\/vc_row][vc_row el_class=\u00a0\u00bbcontainer\u00a0\u00bb][vc_column][vc_tta_accordion title_tag=\u00a0\u00bbh1&Prime; section_title_tag=\u00a0\u00bbh2&Prime; shape=\u00a0\u00bbsquare\u00a0\u00bb color=\u00a0\u00bbwhite\u00a0\u00bb c_position=\u00a0\u00bbright\u00a0\u00bb active_section=\u00a0\u00bb1&Prime; collapsible_all=\u00a0\u00bbtrue\u00a0\u00bb][vc_tta_section title=\u00a0\u00bbLe Comit\u00e9 M\u00e9dical\u00a0\u00bb tab_id=\u00a0\u00bb1682951774045-a816c0f9-c524&Prime;][vc_column_text el_class=\u00a0\u00bbtext-blue\u00a0\u00bb]Le comit\u00e9 m\u00e9dical est une ressource strat\u00e9gique cl\u00e9 au service d&rsquo;Adocia pour accompagner le d\u00e9veloppement de son portefeuille de produits dans le domaine des maladies m\u00e9taboliques.[\/vc_column_text][vc_row_inner content_placement=\u00a0\u00bbtop\u00a0\u00bb][vc_column_inner width=\u00a0\u00bb1\/3&Prime; offset=\u00a0\u00bbvc_col-md-4&Prime;]\n    <div class=\"cstm-team\">\n                    <div class=\"img\">\n                            <\/div>\n                <div class=\"name\">\n            Dr. Jay Skyler - MD                    <\/div>\n                    <div class=\"content\">\n                <div class=\"description\">\n                    Les membres du conseil m\u00e9dical inaugural d\u2019Adocia sont : Dr. Jay Skyler, MD, Pr\u00e9sident du Conseil M\u00e9dical . Dr. Skyler st Professeur de M\u00e9decine, P\u00e9diatrie et Psychologie \u00e0 l\u2019Universit\u00e9 de Miami (USA), dans la Division Endocrinologie, Diab\u00e8te et M\u00e9tabolisme du D\u00e9partement de M\u00e9decine, dont il fut le Directeur de 2000 \u00e0 2004. Il est \u00e9galement Directeur Associ\u00e9 des Programmes Acad\u00e9miques du Diabetes Research Institute.                <\/div>\n                                    <button>\n                        <img decoding=\"async\" src=\"https:\/\/adocia.s18854168.onlinehome-server.info\/composants\/themes\/adocia\/inc\/assets\/img\/icon-plus.png\" alt=\"Icone plus\">\n                        <img decoding=\"async\" src=\"https:\/\/adocia.s18854168.onlinehome-server.info\/composants\/themes\/adocia\/inc\/assets\/img\/icon-moins.png\" alt=\"Icone moins\">\n                    <\/button>\n                            <\/div>\n            <\/div>\n\n    \n    <div class=\"cstm-team\">\n                    <div class=\"img\">\n                            <\/div>\n                <div class=\"name\">\n            Dr. John Buse - MD, PhD                    <\/div>\n                    <div class=\"content\">\n                <div class=\"description\">\n                    Dr. John Buse, MD, PhD, est Professeur \u00e0 l\u2019Universit\u00e9 de Caroline du Nord, Ecole de M\u00e9decine \u00e0 Chapel Hill (USA), o\u00f9 il occupe le poste de Directeur du Diabetes Care Center, Chef de la Division d\u2019Endocrinologie et Principal Ex\u00e9cutif Associ\u00e9 de la Recherche Clinique.                <\/div>\n                                    <button>\n                        <img decoding=\"async\" src=\"https:\/\/adocia.s18854168.onlinehome-server.info\/composants\/themes\/adocia\/inc\/assets\/img\/icon-plus.png\" alt=\"Icone plus\">\n                        <img decoding=\"async\" src=\"https:\/\/adocia.s18854168.onlinehome-server.info\/composants\/themes\/adocia\/inc\/assets\/img\/icon-moins.png\" alt=\"Icone moins\">\n                    <\/button>\n                            <\/div>\n            <\/div>\n\n    \n    <div class=\"cstm-team\">\n                    <div class=\"img\">\n                            <\/div>\n                <div class=\"name\">\n            Dr. Alexander Zan Fleming - MD                    <\/div>\n                    <div class=\"content\">\n                <div class=\"description\">\n                    Dr. \u00a0Alexander Zan Fleming fait figure de r\u00e9f\u00e9rence dans les domaines du M\u00e9tabolisme et de l&rsquo;Endocrinologie. Il a une grande exp\u00e9rience de la Food and Drug Administration (FDA) des \u00c9tats-Unis, o\u00f9 il a dirig\u00e9 les \u00e9valuations clinique de m\u00e9dicaments contre le diab\u00e8te et d&rsquo;autres indications m\u00e9taboliques de 1986 \u00e0 1998. Il a cofond\u00e9 Kinexum, une soci\u00e9t\u00e9 de services en strat\u00e9gie clinique et r\u00e9glementaire, dont il est le Pr\u00e9sident-Directeur G\u00e9n\u00e9ral.                <\/div>\n                                    <button>\n                        <img decoding=\"async\" src=\"https:\/\/adocia.s18854168.onlinehome-server.info\/composants\/themes\/adocia\/inc\/assets\/img\/icon-plus.png\" alt=\"Icone plus\">\n                        <img decoding=\"async\" src=\"https:\/\/adocia.s18854168.onlinehome-server.info\/composants\/themes\/adocia\/inc\/assets\/img\/icon-moins.png\" alt=\"Icone moins\">\n                    <\/button>\n                            <\/div>\n            <\/div>\n\n    \n    <div class=\"cstm-team\">\n                    <div class=\"img\">\n                            <\/div>\n                <div class=\"name\">\n            Dr. Chantal Mathieu - MD, PhD                    <\/div>\n                    <div class=\"content\">\n                <div class=\"description\">\n                    Dr. Chantal Mathieu MD, PhD, est actuellement Chef du Service d\u2019Endocrinologie de l\u2019H\u00f4pital Universitaire de Louvain (Belgique). Elle est \u00e9galement Professeur d\u2019Endocrinologie \u00e0 l\u2019Universit\u00e9 de Louvain.                <\/div>\n                                    <button>\n                        <img decoding=\"async\" src=\"https:\/\/adocia.s18854168.onlinehome-server.info\/composants\/themes\/adocia\/inc\/assets\/img\/icon-plus.png\" alt=\"Icone plus\">\n                        <img decoding=\"async\" src=\"https:\/\/adocia.s18854168.onlinehome-server.info\/composants\/themes\/adocia\/inc\/assets\/img\/icon-moins.png\" alt=\"Icone moins\">\n                    <\/button>\n                            <\/div>\n            <\/div>\n\n    \n    <div class=\"cstm-team\">\n                    <div class=\"img\">\n                            <\/div>\n                <div class=\"name\">\n            Pr. Matthew Riddle - MD                    <\/div>\n                    <div class=\"content\">\n                <div class=\"description\">\n                    Pr. Matthew Riddle est Professeur de M\u00e9decine et Chef de Service Diab\u00e8te dans le d\u00e9partement Endocrinologie, Diab\u00e8te et Nutrition clinique \u00e0 l&rsquo;Universit\u00e9 des Sciences de la Sant\u00e9 de l&rsquo;Oregon (\u00c9tats-Unis). Il fait partie des comit\u00e9s de r\u00e9daction de Diabetes Care et de Diabetes Technology &amp; Therapeutics, ainsi que du comit\u00e9 de surveillance des r\u00e9unions scientifiques et m\u00e9dicales de l&rsquo;ADA.                <\/div>\n                                    <button>\n                        <img decoding=\"async\" src=\"https:\/\/adocia.s18854168.onlinehome-server.info\/composants\/themes\/adocia\/inc\/assets\/img\/icon-plus.png\" alt=\"Icone plus\">\n                        <img decoding=\"async\" src=\"https:\/\/adocia.s18854168.onlinehome-server.info\/composants\/themes\/adocia\/inc\/assets\/img\/icon-moins.png\" alt=\"Icone moins\">\n                    <\/button>\n                            <\/div>\n            <\/div>\n\n    [\/vc_column_inner][vc_column_inner width=\u00a0\u00bb1\/3&Prime; offset=\u00a0\u00bbvc_col-md-4&Prime;]\n    <div class=\"cstm-team\">\n                    <div class=\"img\">\n                            <\/div>\n                <div class=\"name\">\n            Dr. Vanita Aroda                    <\/div>\n                    <div class=\"content\">\n                <div class=\"description\">\n                    Dr. Vanita Aroda, MD, est M\u00e9decin Investigateur \u00e0 l\u2019Institut de Recherche MedStar Health (MHRI), Hyattsville (USA). Le Dr Aroda est \u00e9galement Directrice Scientifique du MedStar Community Clinical Research Center. &#8211; MD                <\/div>\n                                    <button>\n                        <img decoding=\"async\" src=\"https:\/\/adocia.s18854168.onlinehome-server.info\/composants\/themes\/adocia\/inc\/assets\/img\/icon-plus.png\" alt=\"Icone plus\">\n                        <img decoding=\"async\" src=\"https:\/\/adocia.s18854168.onlinehome-server.info\/composants\/themes\/adocia\/inc\/assets\/img\/icon-moins.png\" alt=\"Icone moins\">\n                    <\/button>\n                            <\/div>\n            <\/div>\n\n    \n    <div class=\"cstm-team\">\n                    <div class=\"img\">\n                            <\/div>\n                <div class=\"name\">\n            Dr. Steve Edelman - MD, PhD                    <\/div>\n                    <div class=\"content\">\n                <div class=\"description\">\n                    Dr. Steve Edelman, MD, PhD, est Professeur de M\u00e9decine au sein de la Division d\u2019Endocrinologie, Diab\u00e8te et M\u00e9tabolisme \u00e0 l\u2019Universit\u00e9 de Californie \u00e0 San Diego (UCSD) et du syst\u00e8me de sant\u00e9 \u00ab Veterans Affairs \u00bb (VA) de San Diego. De plus, Dr. Edelman est Fondateur et Directeur de \u00ab Taking Control of Your Diabetes (TCOYD) \u00bb, organisation \u00e0 but non lucratif ayant comme objectif d\u2019enseigner et d\u2019encourager les patients dans les soins li\u00e9s au diab\u00e8te.                <\/div>\n                                    <button>\n                        <img decoding=\"async\" src=\"https:\/\/adocia.s18854168.onlinehome-server.info\/composants\/themes\/adocia\/inc\/assets\/img\/icon-plus.png\" alt=\"Icone plus\">\n                        <img decoding=\"async\" src=\"https:\/\/adocia.s18854168.onlinehome-server.info\/composants\/themes\/adocia\/inc\/assets\/img\/icon-moins.png\" alt=\"Icone moins\">\n                    <\/button>\n                            <\/div>\n            <\/div>\n\n    \n    <div class=\"cstm-team\">\n                    <div class=\"img\">\n                            <\/div>\n                <div class=\"name\">\n            Dr. Vivian Fonseca - MD                    <\/div>\n                    <div class=\"content\">\n                <div class=\"description\">\n                    Dr. Vivian Fonseca, MD, est Professeur de M\u00e9decine au sein de la Chaire Diab\u00e8te des Alumni Tullis\u2013Tulane, Section Endocrinologie, du Centre des Sciences de la Sant\u00e9 de l\u2019Universit\u00e9 de Tulane.                <\/div>\n                                    <button>\n                        <img decoding=\"async\" src=\"https:\/\/adocia.s18854168.onlinehome-server.info\/composants\/themes\/adocia\/inc\/assets\/img\/icon-plus.png\" alt=\"Icone plus\">\n                        <img decoding=\"async\" src=\"https:\/\/adocia.s18854168.onlinehome-server.info\/composants\/themes\/adocia\/inc\/assets\/img\/icon-moins.png\" alt=\"Icone moins\">\n                    <\/button>\n                            <\/div>\n            <\/div>\n\n    \n    <div class=\"cstm-team\">\n                    <div class=\"img\">\n                            <\/div>\n                <div class=\"name\">\n            Pr. Thomas Pieber - MD                    <\/div>\n                    <div class=\"content\">\n                <div class=\"description\">\n                    Pr. Thomas Pieber est Professeur de M\u00e9decine, Chef de la Division Endocrinologie et M\u00e9tabolisme et Pr\u00e9sident du D\u00e9partement de m\u00e9decine interne de l&rsquo;Universit\u00e9 M\u00e9dicale de Graz (Autriche). Il est sp\u00e9cialiste clinique de renom\u00e9e mondiale dans les domaines de l&rsquo;endocrinologie et du diab\u00e8te.                <\/div>\n                                    <button>\n                        <img decoding=\"async\" src=\"https:\/\/adocia.s18854168.onlinehome-server.info\/composants\/themes\/adocia\/inc\/assets\/img\/icon-plus.png\" alt=\"Icone plus\">\n                        <img decoding=\"async\" src=\"https:\/\/adocia.s18854168.onlinehome-server.info\/composants\/themes\/adocia\/inc\/assets\/img\/icon-moins.png\" alt=\"Icone moins\">\n                    <\/button>\n                            <\/div>\n            <\/div>\n\n    \n    <div class=\"cstm-team\">\n                    <div class=\"img\">\n                            <\/div>\n                <div class=\"name\">\n            Dr. Carol Wysham - MD, PhD                    <\/div>\n                    <div class=\"content\">\n                <div class=\"description\">\n                    Dr. Carol Wysham, MD, PhD, est Physicienne \u00e0 la clinique Rockwood (WA), Directrice de Section au centre Rockwood d\u00e9di\u00e9 au Diab\u00e8te et \u00e0 l\u2019Endocrinologie. Dr. Wysham est par ailleurs Pr\u00e9sidente de la Fondation Rockwood pour la recherche et l\u2019\u00e9ducation.                <\/div>\n                                    <button>\n                        <img decoding=\"async\" src=\"https:\/\/adocia.s18854168.onlinehome-server.info\/composants\/themes\/adocia\/inc\/assets\/img\/icon-plus.png\" alt=\"Icone plus\">\n                        <img decoding=\"async\" src=\"https:\/\/adocia.s18854168.onlinehome-server.info\/composants\/themes\/adocia\/inc\/assets\/img\/icon-moins.png\" alt=\"Icone moins\">\n                    <\/button>\n                            <\/div>\n            <\/div>\n\n    [\/vc_column_inner][vc_column_inner width=\u00a0\u00bb1\/3&Prime; offset=\u00a0\u00bbvc_col-md-4&Prime;]\n    <div class=\"cstm-team\">\n                    <div class=\"img\">\n                            <\/div>\n                <div class=\"name\">\n            Dr. Bruce Bode - MD                    <\/div>\n                    <div class=\"content\">\n                <div class=\"description\">\n                    Dr. Bruce Bode, MD, est Professeur Clinicien Associ\u00e9 au D\u00e9partement de M\u00e9decine de l\u2019Universit\u00e9 Emory, Atlanta (USA). Il exerce \u00e9galement en tant que sp\u00e9cialiste du diab\u00e8te au sein d\u2019Atlanta Diabetes Associates.                <\/div>\n                                    <button>\n                        <img decoding=\"async\" src=\"https:\/\/adocia.s18854168.onlinehome-server.info\/composants\/themes\/adocia\/inc\/assets\/img\/icon-plus.png\" alt=\"Icone plus\">\n                        <img decoding=\"async\" src=\"https:\/\/adocia.s18854168.onlinehome-server.info\/composants\/themes\/adocia\/inc\/assets\/img\/icon-moins.png\" alt=\"Icone moins\">\n                    <\/button>\n                            <\/div>\n            <\/div>\n\n    \n    <div class=\"cstm-team\">\n                    <div class=\"img\">\n                            <\/div>\n                <div class=\"name\">\n            Dr. Dan Einhorn - MD                    <\/div>\n                    <div class=\"content\">\n                <div class=\"description\">\n                    Dr. Dan Einhorn, MD, est le Pr\u00e9sident de Diabetes and Endocrine Associates, ainsi que Professeur Clinicien de M\u00e9decine \u00e0 l\u2019Universit\u00e9 de Californie, San Diego (UCSD). Il occupe \u00e9galement le poste de Directeur M\u00e9dical du Scripps Whittier Diabetes Institute.                <\/div>\n                                    <button>\n                        <img decoding=\"async\" src=\"https:\/\/adocia.s18854168.onlinehome-server.info\/composants\/themes\/adocia\/inc\/assets\/img\/icon-plus.png\" alt=\"Icone plus\">\n                        <img decoding=\"async\" src=\"https:\/\/adocia.s18854168.onlinehome-server.info\/composants\/themes\/adocia\/inc\/assets\/img\/icon-moins.png\" alt=\"Icone moins\">\n                    <\/button>\n                            <\/div>\n            <\/div>\n\n    \n    <div class=\"cstm-team\">\n                    <div class=\"img\">\n                            <\/div>\n                <div class=\"name\">\n            Dr. Tim Heise - MD                    <\/div>\n                    <div class=\"content\">\n                <div class=\"description\">\n                    Dr. Tim Heise est scientifique en chef, Pr\u00e9sident du conseil d&rsquo;administration et cofondateur de l&rsquo;institut de recherche priv\u00e9 Profil \u00e0 Neuss, en Allemagne. Profil a acquis une r\u00e9putation internationale dans la r\u00e9alisation d&rsquo;\u00e9tudes de phase pr\u00e9coce, en particulier d&rsquo;\u00e9tudes de clampage du glucose, portant sur des traitements exp\u00e9rimentaux du diab\u00e8te et des dispositifs m\u00e9dicaux.                <\/div>\n                                    <button>\n                        <img decoding=\"async\" src=\"https:\/\/adocia.s18854168.onlinehome-server.info\/composants\/themes\/adocia\/inc\/assets\/img\/icon-plus.png\" alt=\"Icone plus\">\n                        <img decoding=\"async\" src=\"https:\/\/adocia.s18854168.onlinehome-server.info\/composants\/themes\/adocia\/inc\/assets\/img\/icon-moins.png\" alt=\"Icone moins\">\n                    <\/button>\n                            <\/div>\n            <\/div>\n\n    \n    <div class=\"cstm-team\">\n                    <div class=\"img\">\n                            <\/div>\n                <div class=\"name\">\n            Dr. Denis Raccah - MD, PhD                    <\/div>\n                    <div class=\"content\">\n                <div class=\"description\">\n                    Dr. Denis Raccah, MD, PhD, est actuellement Professeur Universitaire et Praticien Hospitalier (PUPH) \u00e0 l\u2019Assistance Publique des H\u00f4pitaux de Marseille (APHM) et Chef du Service de Nutrition, Maladies M\u00e9taboliques, Endocrinologie de l\u2019H\u00f4pital Sainte Marguerite et de l\u2019H\u00f4pital Conception (Marseille, France).                <\/div>\n                                    <button>\n                        <img decoding=\"async\" src=\"https:\/\/adocia.s18854168.onlinehome-server.info\/composants\/themes\/adocia\/inc\/assets\/img\/icon-plus.png\" alt=\"Icone plus\">\n                        <img decoding=\"async\" src=\"https:\/\/adocia.s18854168.onlinehome-server.info\/composants\/themes\/adocia\/inc\/assets\/img\/icon-moins.png\" alt=\"Icone moins\">\n                    <\/button>\n                            <\/div>\n            <\/div>\n\n    [\/vc_column_inner][\/vc_row_inner][\/vc_tta_section][\/vc_tta_accordion][\/vc_column][\/vc_row][vc_row][vc_column]\n    <div class=\"line_separator st4\">\n        <svg version=\"1.1\" xmlns=\"http:\/\/www.w3.org\/2000\/svg\" xmlns:xlink=\"http:\/\/www.w3.org\/1999\/xlink\" x=\"0px\" y=\"0px\"\n             viewBox=\"0 0 1920 165\" style=\"enable-background:new 0 0 1920 165;\" xml:space=\"preserve\">\n            <linearGradient id=\"svg_gradient\" gradientUnits=\"userSpaceOnUse\" x1=\"0.995\" y1=\"1082.1384\" x2=\"1.9486\" y2=\"1082.1384\" gradientTransform=\"matrix(2013.24 0 0 -2013.24 -2003.0748 2178686.75)\">\n                <stop  offset=\"0\" style=\"stop-color:#009AA8\"\/>\n                <stop  offset=\"4.545450e-03\" style=\"stop-color:#009AA8\"\/>\n                <stop  offset=\"0.9955\" style=\"stop-color:#9EC41A\"\/>\n                <stop  offset=\"1\" style=\"stop-color:#9EC41A\"\/>\n            <\/linearGradient>\n            <path d=\"M1919.7,104.3c-247.7,37.4-498.5,56.4-745.4,56.4c-164,0-327.7-8.4-486.7-24.9\n        C560.5,122.6,436.1,104.2,317.9,81C116.3,41.6,1.8,1.8,0.6,1.4L0,1.1v3.1c8.1,2.8,119.7,41,317.7,79.7\n        c118.3,23.1,242.7,41.6,369.9,54.8c159,16.5,322.7,24.9,486.7,24.9c247,0,497.9-19,745.7-56.4v-3L1919.7,104.3z\"\/>\n        <\/svg>\n    <\/div>\n\n    [\/vc_column][\/vc_row][vc_row][vc_column][vc_column_text][\/vc_column_text][\/vc_column][\/vc_row]<\/p>\n<\/section>","protected":false},"excerpt":{"rendered":"<p>[vc_row content_placement=\u00a0\u00bbmiddle\u00a0\u00bb el_id=\u00a0\u00bbfirstimg\u00a0\u00bb css=\u00a0\u00bb.vc_custom_1682608103824{background-image: url(https:\/\/adocia.s18854168.onlinehome-server.info\/composants\/uploads\/2023\/04\/firstimg-adocia.jpg?id=98) !important;background-position: center !important;background-repeat: no-repeat !important;background-size: cover !important;}\u00a0\u00bb][vc_column][vc_row_inner el_class=\u00a0\u00bbcontainer\u00a0\u00bb][vc_column_inner el_class=\u00a0\u00bbfadeInLeft\u00a0\u00bb width=\u00a0\u00bb3\/4&Prime; offset=\u00a0\u00bbvc_col-md-5&Prime;][vc_column_text] Comit\u00e9 consultatif [\/vc_column_text][vc_column_text]Les innovations d\u2019Adocia sont soutenues par un [&hellip;]<\/p>\n","protected":false},"author":1,"featured_media":0,"parent":5128,"menu_order":4,"comment_status":"closed","ping_status":"closed","template":"","meta":{"_mi_skip_tracking":false,"_monsterinsights_sitenote_active":false,"_monsterinsights_sitenote_note":"","_monsterinsights_sitenote_category":0,"footnotes":""},"class_list":["post-5174","page","type-page","status-publish","hentry"],"acf":[],"aioseo_notices":[],"_links":{"self":[{"href":"https:\/\/adocia.s18854168.onlinehome-server.info\/fr\/wp-json\/wp\/v2\/pages\/5174","targetHints":{"allow":["GET"]}}],"collection":[{"href":"https:\/\/adocia.s18854168.onlinehome-server.info\/fr\/wp-json\/wp\/v2\/pages"}],"about":[{"href":"https:\/\/adocia.s18854168.onlinehome-server.info\/fr\/wp-json\/wp\/v2\/types\/page"}],"author":[{"embeddable":true,"href":"https:\/\/adocia.s18854168.onlinehome-server.info\/fr\/wp-json\/wp\/v2\/users\/1"}],"replies":[{"embeddable":true,"href":"https:\/\/adocia.s18854168.onlinehome-server.info\/fr\/wp-json\/wp\/v2\/comments?post=5174"}],"version-history":[{"count":20,"href":"https:\/\/adocia.s18854168.onlinehome-server.info\/fr\/wp-json\/wp\/v2\/pages\/5174\/revisions"}],"predecessor-version":[{"id":7344,"href":"https:\/\/adocia.s18854168.onlinehome-server.info\/fr\/wp-json\/wp\/v2\/pages\/5174\/revisions\/7344"}],"up":[{"embeddable":true,"href":"https:\/\/adocia.s18854168.onlinehome-server.info\/fr\/wp-json\/wp\/v2\/pages\/5128"}],"wp:attachment":[{"href":"https:\/\/adocia.s18854168.onlinehome-server.info\/fr\/wp-json\/wp\/v2\/media?parent=5174"}],"curies":[{"name":"wp","href":"https:\/\/api.w.org\/{rel}","templated":true}]}}