{"id":5185,"date":"2023-06-06T16:52:42","date_gmt":"2023-06-06T14:52:42","guid":{"rendered":"https:\/\/adocia.s18854168.onlinehome-server.info\/careers\/hr-policy\/"},"modified":"2023-06-29T16:36:01","modified_gmt":"2023-06-29T14:36:01","slug":"politique-rh","status":"publish","type":"page","link":"https:\/\/adocia.s18854168.onlinehome-server.info\/fr\/carriere\/politique-rh\/","title":{"rendered":"Politique RH"},"content":{"rendered":"<section class=\"wpb-content-wrapper\"><p>[vc_row content_placement=\u00a0\u00bbmiddle\u00a0\u00bb el_id=\u00a0\u00bbfirstimg\u00a0\u00bb css=\u00a0\u00bb.vc_custom_1686065396857{background-image: url(https:\/\/adocia.s18854168.onlinehome-server.info\/composants\/uploads\/2023\/06\/firstimg-workingatadocia.jpg?id=2294) !important;background-position: center !important;background-repeat: no-repeat !important;background-size: cover !important;}\u00a0\u00bb][vc_column][vc_row_inner el_class=\u00a0\u00bbcontainer\u00a0\u00bb][vc_column_inner el_class=\u00a0\u00bbfadeInLeft\u00a0\u00bb width=\u00a0\u00bb3\/4&Prime; offset=\u00a0\u00bbvc_col-md-5&Prime;][vc_column_text]<\/p>\n<p class=\"h1\">Travailler<br \/>\nchez Adocia<\/p>\n<p>[\/vc_column_text][vc_column_text][\/vc_column_text][\/vc_column_inner][\/vc_row_inner][\/vc_column][\/vc_row][vc_row content_placement=\u00a0\u00bbmiddle\u00a0\u00bb el_class=\u00a0\u00bbcontainer block-separator\u00a0\u00bb][vc_column][vc_column_text][\/vc_column_text][\/vc_column][\/vc_row][vc_row el_class=\u00a0\u00bbcontainer pt-3 mt-5&Prime;][vc_column][vc_column_text]\t\t\t<!-- Flexy Breadcrumb -->\r\n\t\t\t<div class=\"fbc fbc-page\">\r\n\r\n\t\t\t\t<!-- Breadcrumb wrapper -->\r\n\t\t\t\t<div class=\"fbc-wrap\">\r\n\r\n\t\t\t\t\t<!-- Ordered list-->\r\n\t\t\t\t\t<ol class=\"fbc-items\" itemscope itemtype=\"https:\/\/schema.org\/BreadcrumbList\">\r\n\t\t\t\t\t\t            <li itemprop=\"itemListElement\" itemscope itemtype=\"https:\/\/schema.org\/ListItem\">\r\n                <span itemprop=\"name\">\r\n                    <!-- Home Link -->\r\n                    <a itemprop=\"item\" href=\"https:\/\/adocia.s18854168.onlinehome-server.info\">\r\n                    \r\n                                                    <i class=\"fa fa-home\" aria-hidden=\"true\"><\/i>Home                    <\/a>\r\n                <\/span>\r\n                <meta itemprop=\"position\" content=\"1\" \/><!-- Meta Position-->\r\n             <\/li><li><span class=\"fbc-separator\">\/<\/span><\/li><li class=\"active\" itemprop=\"itemListElement\" itemscope itemtype=\"https:\/\/schema.org\/ListItem\"><span itemprop=\"name\" title=\"Politique RH\">Politique RH<\/span><meta itemprop=\"position\" content=\"2\" \/><\/li>\t\t\t\t\t<\/ol>\r\n\t\t\t\t\t<div class=\"clearfix\"><\/div>\r\n\t\t\t\t<\/div>\r\n\t\t\t<\/div>\r\n\t\t\t[\/vc_column_text][\/vc_column][\/vc_row][vc_row el_class=\u00a0\u00bbcontainer\u00a0\u00bb][vc_column][vc_row_inner][vc_column_inner el_class=\u00a0\u00bbpr-xl-5 fadeInLeft\u00a0\u00bb offset=\u00a0\u00bbvc_col-lg-8&Prime;][vc_column_text]<\/p>\n<h1 class=\"h2\">Politique des<br \/>\nressources humaines<\/h1>\n<p>[\/vc_column_text][vc_column_text el_class=\u00a0\u00bbcheck-list\u00a0\u00bb]<\/p>\n<h2 class=\"h3\">Le d\u00e9veloppement de carri\u00e8re gr\u00e2ce \u00e0 la formation professionnelle et \u00e0 la mobilit\u00e9 interne<\/h2>\n<p>La politique Ressources Humaines mise en \u0153uvre \u00e0 Adocia vise \u00e0 b\u00e2tir et \u00e0 d\u00e9velopper une \u00e9quipe d\u2019excellence, pluridisciplinaire, internationale et hautement qualifi\u00e9e, pour r\u00e9pondre \u00e0 des objectifs scientifiques et technologiques complexes afin d\u2019am\u00e9liorer la sant\u00e9 des patients.<\/p>\n<p>La politique Ressources Humaines s\u2019attache \u00e0 :<\/p>\n<ul>\n<li>Attirer, retenir et motiver les meilleurs talents pour soutenir le d\u00e9veloppement des projets ambitieux et innovants de la soci\u00e9t\u00e9\u202f;<\/li>\n<li>Proposer des opportunit\u00e9s de formation aux employ\u00e9s\u202f;<\/li>\n<li>Promouvoir la mobilit\u00e9 interne et les promotions, afin d\u2019\u00e9largir le domaine d\u2019activit\u00e9 des employ\u00e9s et de leur permettre d\u2019obtenir une expertise diversifi\u00e9e.<\/li>\n<\/ul>\n<p>La formation et le d\u00e9veloppement des employ\u00e9s est un axe central de la politique Ressources Humaines d\u2019Adocia : ceci implique d\u2019encourager les salari\u00e9s \u00e0 participer \u00e0 des congr\u00e8s scientifiques, \u00e0 des s\u00e9minaires, \u00e0 des formations professionnelles ainsi qu\u2019\u00e0 des activit\u00e9s de team building et autres sessions de coaching pour d\u00e9velopper et \u00e9largir leurs comp\u00e9tences. [\/vc_column_text][vc_column_text]<\/p>\n<h2 class=\"h3\">Un environnement de travail inspirant et apprenant<\/h2>\n<p>R\u00e9guli\u00e8rement, l\u2019ensemble des employ\u00e9s est invit\u00e9 \u00e0 une conf\u00e9rence de culture g\u00e9n\u00e9rale anim\u00e9e par un intervenant de renom, tel qu\u2019un philosophe, un \u00e9crivain, un m\u00e9decin, un scientifique\u2026 Le leitmotiv est ainsi depuis plusieurs ann\u00e9es : \u00ab Une meilleure connaissance de soi, une meilleure connaissance de l\u2019autre\u00a0\u00bb.<\/p>\n<p><strong>\u201cPr\u00e9sente ton job !\u201d<\/strong> Un service d\u2019Adocia est invit\u00e9 \u00e0 pr\u00e9senter ses activit\u00e9s, ses r\u00e9ussites et ses projets \u00e0 l\u2019ensemble des collaborateurs. Le partage de connaissances entre les \u00e9quipes est vivement encourag\u00e9.<\/p>\n<p>En fonction de l\u2019expertise et des souhaits de chacun, des sessions internes de formation peuvent \u00e9galement \u00eatre organis\u00e9es.<\/p>\n<p><strong>\u00ab\u202fLe d\u00e9veloppement de chacun et la coh\u00e9sion de tous sont primordiaux pour le succ\u00e8s de nos projets multidisciplinaires et de haute technologie, qui s&rsquo;\u00e9chelonnent sur plusieurs ann\u00e9es \u00bb d\u00e9clare G\u00e9raldine Favre Soula, Directrice des Ressources Humaines.<\/strong>[\/vc_column_text][\/vc_column_inner][vc_column_inner offset=\u00a0\u00bbvc_col-lg-4&Prime;]\n    <div class=\"cstm-blockquote fadeIn t3\">\n        <span>Une meilleure connaissance de soi, g\u00e9n\u00e8re une meilleure connaissance des autres<\/span>\n    <\/div>\n\n    [vc_single_image image=\u00a0\u00bb2884&Prime; img_size=\u00a0\u00bbfull\u00a0\u00bb add_caption=\u00a0\u00bbyes\u00a0\u00bb alignment=\u00a0\u00bbcenter\u00a0\u00bb el_class=\u00a0\u00bbfadeInBottom\u00a0\u00bb][vc_single_image image=\u00a0\u00bb2886&Prime; img_size=\u00a0\u00bbfull\u00a0\u00bb add_caption=\u00a0\u00bbyes\u00a0\u00bb alignment=\u00a0\u00bbcenter\u00a0\u00bb el_class=\u00a0\u00bbfadeInBottom\u00a0\u00bb][\/vc_column_inner][\/vc_row_inner][\/vc_column][\/vc_row][vc_section el_class=\u00a0\u00bbbg-grey\u00a0\u00bb][vc_row content_placement=\u00a0\u00bbmiddle\u00a0\u00bb el_class=\u00a0\u00bbcontainer\u00a0\u00bb][vc_column el_class=\u00a0\u00bbfadeInRight\u00a0\u00bb offset=\u00a0\u00bbvc_col-lg-6&Prime;][vc_column_text]<\/p>\n<h2>Transmission et parrainage<\/h2>\n<p>Adocia cherche \u00e0 \u00eatre attractive aupr\u00e8s de jeunes scientifiques, docteurs et techniciens dans le domaine des sciences de la vie.<\/p>\n<p>Ainsi, Adocia recrute et forme en permanence des \u00e9tudiants, en accueillant stagiaires et alternants dans le cadre de stages de fin d\u2019\u00e9tudes et de contrats d\u2019apprentissage, au sein de diff\u00e9rents d\u00e9partements, tant en laboratoires que dans les d\u00e9partements supports.<\/p>\n<p>L\u2019entreprise entretient \u00e9galement des liens \u00e9troits avec certaines \u00e9coles. Adocia a parrain\u00e9 la 135\u00e8me promotion de l\u2019\u00c9cole Sup\u00e9rieure de Physique et de Chimie Industrielles de la Ville de Paris (ESPCI) et a accompagn\u00e9 les \u00e9tudiants vers leur entr\u00e9e dans le monde du travail durant leurs 4 ann\u00e9es d\u2019\u00e9tudes. Depuis, Adocia accueille chaque ann\u00e9e des \u00e9tudiants de cette \u00e9cole pour leur stage de fin d\u2019\u00e9tudes. [\/vc_column_text][vc_single_image image=\u00a0\u00bb2324&Prime; img_size=\u00a0\u00bbfull\u00a0\u00bb][vc_column_text]<\/p>\n<blockquote><p><em><strong>\u00c9MILE, \u00c9L\u00c8VE ING\u00c9NIEUR EN TROISI\u00c8ME ANN\u00c9E \u00c0 L&rsquo;ESPCI PARIS<\/strong><\/em><\/p>\n<p><em>\u00ab\u00a0Durant mes six mois de stage au sein du d\u00e9partement biologie d&rsquo;Adocia, j&rsquo;ai beaucoup progress\u00e9 ! J&rsquo;ai appris \u00e0 \u00eatre autonome dans la r\u00e9alisation d\u2019un projet int\u00e9ressant et innovant. <\/em><\/p>\n<p><em>J&rsquo;ai d\u00e9velopp\u00e9 des comp\u00e9tences en communication avec mon mentor et mon tuteur, ainsi qu&rsquo;avec les techniciens qui m&rsquo;ont aid\u00e9. J&rsquo;ai acquis une multitude de connaissances th\u00e9oriques et techniques, comme la mani\u00e8re d&rsquo;utiliser des cellules pour tester des prot\u00e9ines th\u00e9rapeutiques. J&rsquo;ai d\u00e9couvert un environnement de travail formidable et j&rsquo;ai rencontr\u00e9 les plus sympathiques des coll\u00e8gues. Quelle exp\u00e9rience passionnante !\u00a0\u00bb<\/em><\/p><\/blockquote>\n<p>[\/vc_column_text][\/vc_column][vc_column el_class=\u00a0\u00bbfadeInRight\u00a0\u00bb offset=\u00a0\u00bbvc_col-lg-6&Prime;][vc_single_image image=\u00a0\u00bb2326&Prime; img_size=\u00a0\u00bbfull\u00a0\u00bb alignment=\u00a0\u00bbcenter\u00a0\u00bb][\/vc_column][\/vc_row][\/vc_section][vc_section][vc_row content_placement=\u00a0\u00bbmiddle\u00a0\u00bb el_class=\u00a0\u00bbcontainer\u00a0\u00bb][vc_column el_class=\u00a0\u00bbfadeInLeft\u00a0\u00bb offset=\u00a0\u00bbvc_col-md-6&Prime;][vc_column_text]<\/p>\n<h2>Index d&rsquo;\u00e9galit\u00e9 homme\/femme<\/h2>\n<p>Adocia respecte et d\u00e9fend le principe \u201d\u00e0 travail \u00e9gal, salaire \u00e9gal\u201d et embauche des hommes et des femmes aux m\u00eames niveaux de salaire pour un poste de m\u00eame niveau. Le salaire \u00e0 l\u2019embauche et l\u2019\u00e9volution de carri\u00e8re d\u00e9pendent du type de m\u00e9tier exerc\u00e9, des responsabilit\u00e9s accord\u00e9es et des projets g\u00e9r\u00e9s. Cette politique ne d\u00e9pend en aucun cas du genre de la personne embauch\u00e9e.<\/p>\n<p>Adocia s\u2019engage \u00e0 maintenir une politique active de lutte contre les in\u00e9galit\u00e9s de salaire entre les hommes et les femmes[\/vc_column_text]\n        <a class=\"theme-btn mb-5\" href=\"https:\/\/adocia.s18854168.onlinehome-server.info\/composants\/uploads\/2023\/06\/230222-ENG-Publication-Index-Egalite-H-F-Site-internet-Adocia-vf-FEM.pdf\" target=\"_blank\" rel=\"\">\n        INDEX EGALITE HOMME\/FEMME                    <img decoding=\"async\" src=\"https:\/\/adocia.s18854168.onlinehome-server.info\/composants\/themes\/adocia\/inc\/assets\/img\/icon-arrow_right.svg\" alt=\"Arrow right\">\n            <\/a>\n    \n    [\/vc_column][vc_column el_class=\u00a0\u00bbfadeInLeft\u00a0\u00bb offset=\u00a0\u00bbvc_col-md-6&Prime;][vc_single_image image=\u00a0\u00bb2348&Prime; img_size=\u00a0\u00bbfull\u00a0\u00bb alignment=\u00a0\u00bbcenter\u00a0\u00bb][\/vc_column][\/vc_row][\/vc_section][vc_section el_class=\u00a0\u00bbbg-grey\u00a0\u00bb][vc_row content_placement=\u00a0\u00bbmiddle\u00a0\u00bb el_class=\u00a0\u00bbcontainer\u00a0\u00bb][vc_column el_class=\u00a0\u00bbfadeInRight\u00a0\u00bb offset=\u00a0\u00bbvc_col-md-6&Prime;][vc_column_text]<\/p>\n<h2>Politique salariale<\/h2>\n<p><strong>Adocia \u0153uvre dans un secteur tr\u00e8s concurrentiel. Ainsi une \u00e9tude de r\u00e9mun\u00e9ration est conduite chaque ann\u00e9e afin de s\u2019assurer que notre politique salariale est comp\u00e9titive sur le march\u00e9 de l\u2019industrie pharmaceutique et celui des biotechnologies. De plus, le service Ressources Humaines veille \u00e0 l\u2019\u00e9quit\u00e9 interne en mati\u00e8re salariale.<\/strong><\/p>\n<p>Des plans d\u2019attributions gratuites d\u2019actions sont r\u00e9guli\u00e8rement men\u00e9s au profit des employ\u00e9s, quelle que soit leur position au sein de l\u2019organisation, leur permettant ainsi de prendre part au capital de la soci\u00e9t\u00e9.<\/p>\n<p>Tous nos employ\u00e9s peuvent b\u00e9n\u00e9ficier d\u2019une part variable de r\u00e9mun\u00e9ration, qui sera fonction des r\u00e9sultats de l\u2019ann\u00e9e. Parmi les autres avantages, les employ\u00e9s d\u2019Adocia b\u00e9n\u00e9ficient d\u2019une excellente couverture mutuelle, d\u2019un contrat de pr\u00e9voyance, et de nombreuses activit\u00e9s sociales et culturelles financ\u00e9es par le CSE.[\/vc_column_text][\/vc_column][vc_column el_class=\u00a0\u00bbfadeInRight\u00a0\u00bb offset=\u00a0\u00bbvc_col-md-6&Prime;][vc_single_image image=\u00a0\u00bb2350&Prime; img_size=\u00a0\u00bbfull\u00a0\u00bb alignment=\u00a0\u00bbcenter\u00a0\u00bb][\/vc_column][\/vc_row][\/vc_section][vc_row content_placement=\u00a0\u00bbmiddle\u00a0\u00bb el_class=\u00a0\u00bbcontainer my-5&Prime;][vc_column][vc_column_text][\/vc_column_text][\/vc_column][\/vc_row]<\/p>\n<\/section>","protected":false},"excerpt":{"rendered":"<p>[vc_row content_placement=\u00a0\u00bbmiddle\u00a0\u00bb el_id=\u00a0\u00bbfirstimg\u00a0\u00bb css=\u00a0\u00bb.vc_custom_1686065396857{background-image: url(https:\/\/adocia.s18854168.onlinehome-server.info\/composants\/uploads\/2023\/06\/firstimg-workingatadocia.jpg?id=2294) !important;background-position: center !important;background-repeat: no-repeat !important;background-size: cover !important;}\u00a0\u00bb][vc_column][vc_row_inner el_class=\u00a0\u00bbcontainer\u00a0\u00bb][vc_column_inner el_class=\u00a0\u00bbfadeInLeft\u00a0\u00bb width=\u00a0\u00bb3\/4&Prime; offset=\u00a0\u00bbvc_col-md-5&Prime;][vc_column_text] Travailler chez Adocia [\/vc_column_text][vc_column_text][\/vc_column_text][\/vc_column_inner][\/vc_row_inner][\/vc_column][\/vc_row][vc_row content_placement=\u00a0\u00bbmiddle\u00a0\u00bb el_class=\u00a0\u00bbcontainer block-separator\u00a0\u00bb][vc_column][vc_column_text][\/vc_column_text][\/vc_column][\/vc_row][vc_row el_class=\u00a0\u00bbcontainer pt-3 [&hellip;]<\/p>\n","protected":false},"author":1,"featured_media":0,"parent":5182,"menu_order":1,"comment_status":"closed","ping_status":"closed","template":"","meta":{"_mi_skip_tracking":false,"_monsterinsights_sitenote_active":false,"_monsterinsights_sitenote_note":"","_monsterinsights_sitenote_category":0,"footnotes":""},"class_list":["post-5185","page","type-page","status-publish","hentry"],"acf":[],"aioseo_notices":[],"_links":{"self":[{"href":"https:\/\/adocia.s18854168.onlinehome-server.info\/fr\/wp-json\/wp\/v2\/pages\/5185","targetHints":{"allow":["GET"]}}],"collection":[{"href":"https:\/\/adocia.s18854168.onlinehome-server.info\/fr\/wp-json\/wp\/v2\/pages"}],"about":[{"href":"https:\/\/adocia.s18854168.onlinehome-server.info\/fr\/wp-json\/wp\/v2\/types\/page"}],"author":[{"embeddable":true,"href":"https:\/\/adocia.s18854168.onlinehome-server.info\/fr\/wp-json\/wp\/v2\/users\/1"}],"replies":[{"embeddable":true,"href":"https:\/\/adocia.s18854168.onlinehome-server.info\/fr\/wp-json\/wp\/v2\/comments?post=5185"}],"version-history":[{"count":9,"href":"https:\/\/adocia.s18854168.onlinehome-server.info\/fr\/wp-json\/wp\/v2\/pages\/5185\/revisions"}],"predecessor-version":[{"id":5910,"href":"https:\/\/adocia.s18854168.onlinehome-server.info\/fr\/wp-json\/wp\/v2\/pages\/5185\/revisions\/5910"}],"up":[{"embeddable":true,"href":"https:\/\/adocia.s18854168.onlinehome-server.info\/fr\/wp-json\/wp\/v2\/pages\/5182"}],"wp:attachment":[{"href":"https:\/\/adocia.s18854168.onlinehome-server.info\/fr\/wp-json\/wp\/v2\/media?parent=5185"}],"curies":[{"name":"wp","href":"https:\/\/api.w.org\/{rel}","templated":true}]}}