{"id":5212,"date":"2023-04-20T18:37:57","date_gmt":"2023-04-20T16:37:57","guid":{"rendered":"https:\/\/adocia.s18854168.onlinehome-server.info\/accueil\/"},"modified":"2023-09-28T11:57:17","modified_gmt":"2023-09-28T09:57:17","slug":"accueil","status":"publish","type":"page","link":"https:\/\/adocia.s18854168.onlinehome-server.info\/fr\/","title":{"rendered":"Accueil"},"content":{"rendered":"<section class=\"wpb-content-wrapper\"><p>[vc_row content_placement=\u00a0\u00bbmiddle\u00a0\u00bb el_id=\u00a0\u00bbfirstimg\u00a0\u00bb css=\u00a0\u00bb.vc_custom_1695382472997{background-image: url(https:\/\/adocia.s18854168.onlinehome-server.info\/composants\/uploads\/2023\/09\/firstimg-home-2.jpg?id=7338) !important;background-position: center !important;background-repeat: no-repeat !important;background-size: cover !important;}\u00a0\u00bb][vc_column][vc_row_inner el_class=\u00a0\u00bbcontainer\u00a0\u00bb][vc_column_inner el_class=\u00a0\u00bbfadeInLeft\u00a0\u00bb width=\u00a0\u00bb3\/4&Prime; offset=\u00a0\u00bbvc_col-lg-7 vc_col-md-8&Prime;][vc_column_text el_class=\u00a0\u00bbmw-500&Prime;]<\/p>\n<h1>Innovative medicine for everyone everywhere<\/h1>\n<p>[\/vc_column_text][vc_column_text]Adocia est une soci\u00e9t\u00e9 fran\u00e7aise de biotechnologie au stade clinique sp\u00e9cialis\u00e9e dans le d\u00e9veloppement de traitements innovants contre le diab\u00e8te et l\u2019ob\u00e9sit\u00e9.[\/vc_column_text]\n        <a class=\"theme-btn\" href=\"https:\/\/adocia.s18854168.onlinehome-server.info\/fr\/adocia\/\" target=\"\" rel=\"\">\n        D\u00e9couvrir                    <img decoding=\"async\" src=\"https:\/\/adocia.s18854168.onlinehome-server.info\/composants\/themes\/adocia\/inc\/assets\/img\/icon-arrow_right.svg\" alt=\"Arrow right\">\n            <\/a>\n    \n    [\/vc_column_inner][\/vc_row_inner][\/vc_column][\/vc_row][vc_section css=\u00a0\u00bb.vc_custom_1682343604200{background-image: url(https:\/\/adocia.s18854168.onlinehome-server.info\/composants\/uploads\/2023\/04\/bg-related_point.jpg?id=36) !important;background-position: center !important;background-repeat: no-repeat !important;background-size: cover !important;}\u00a0\u00bb][vc_row content_placement=\u00a0\u00bbmiddle\u00a0\u00bb el_class=\u00a0\u00bbcontainer\u00a0\u00bb][vc_column width=\u00a0\u00bb1\/2&Prime;][vc_column_text el_class=\u00a0\u00bbfadeInLeft\u00a0\u00bb]<\/p>\n<h2>Produits<br \/>\n&amp; plateformes<\/h2>\n<p>S&rsquo;appuyant sur des technologies de rupture et de solides strat\u00e9gies de propri\u00e9t\u00e9 intellectuelle, les produits et plateformes d&rsquo;Adocia vont des formulations innovantes de peptides et de prot\u00e9ines d\u00e9j\u00e0 approuv\u00e9s aux implants immunoprotecteurs pour la th\u00e9rapie cellulaire.[\/vc_column_text][\/vc_column][vc_column width=\u00a0\u00bb1\/2&Prime;]\n            <div class=\"text-right\">\n        <a class=\"theme-btn fadeInLeft\" href=\"https:\/\/adocia.s18854168.onlinehome-server.info\/fr\/contact\/\" target=\"\" rel=\"\">\n        Nous contacter                    <img decoding=\"async\" src=\"https:\/\/adocia.s18854168.onlinehome-server.info\/composants\/themes\/adocia\/inc\/assets\/img\/icon-arrow_right.svg\" alt=\"Arrow right\">\n            <\/a>\n            <\/div>\n    \n    [\/vc_column][\/vc_row][\/vc_section][vc_row el_class=\u00a0\u00bbcontainer block-separator\u00a0\u00bb][vc_column][vc_row_inner][vc_column_inner el_class=\u00a0\u00bbblock_link_container three-column\u00a0\u00bb]\n    <div class=\"block_link fadeInBottom\">\n        <a href=\"https:\/\/adocia.s18854168.onlinehome-server.info\/fr\/produits-et-plateformes\/pipeline\/\" target=\"\">\n            <img loading=\"lazy\" decoding=\"async\" width=\"110\" height=\"110\" src=\"https:\/\/adocia.s18854168.onlinehome-server.info\/composants\/uploads\/2023\/04\/icon-pipeline.png\" class=\"attachment-full size-full\" alt=\"\" \/>            <div class=\"content\">\n                <span class=\"title\">Pipeline<\/span>\n                                    <span class=\"seemore\">voir plus<\/span>\n                            <\/div>\n        <\/a>\n    <\/div>\n\n    \n    <div class=\"block_link fadeInBottom\">\n        <a href=\"https:\/\/adocia.s18854168.onlinehome-server.info\/fr\/produits-et-plateformes\/plateformes-technologiques\/\" target=\"\">\n            <img loading=\"lazy\" decoding=\"async\" width=\"110\" height=\"110\" src=\"https:\/\/adocia.s18854168.onlinehome-server.info\/composants\/uploads\/2023\/04\/icon-microscope.png\" class=\"attachment-full size-full\" alt=\"\" \/>            <div class=\"content\">\n                <span class=\"title\">Plateformes technologiques<\/span>\n                                    <span class=\"seemore\">voir plus<\/span>\n                            <\/div>\n        <\/a>\n    <\/div>\n\n    [\/vc_column_inner][\/vc_row_inner][\/vc_column][\/vc_row][vc_section content_placement=\u00a0\u00bbmiddle\u00a0\u00bb css=\u00a0\u00bb.vc_custom_1682342825505{background-image: url(https:\/\/adocia.s18854168.onlinehome-server.info\/composants\/uploads\/2023\/04\/bg-drawing-1.jpg?id=41) !important;background-position: center !important;background-repeat: no-repeat !important;background-size: cover !important;}\u00a0\u00bb el_class=\u00a0\u00bbmh-700&Prime;][vc_row el_class=\u00a0\u00bbcontainer\u00a0\u00bb][vc_column width=\u00a0\u00bb7\/12&Prime; offset=\u00a0\u00bbvc_col-md-offset-6 vc_col-md-6 vc_col-sm-offset-5 vc_col-xs-offset-3 vc_col-xs-9&Prime; el_class=\u00a0\u00bbfadeInRight text-right text-sm-left\u00a0\u00bb][vc_column_text]<\/p>\n<h2>Pr\u00e9sentation<br \/>\nd&rsquo;Adocia<\/h2>\n<p>Depuis sa cr\u00e9ation par la famille Soula en 2005, Adocia a d\u00e9velopp\u00e9 une expertise unique dans le domaine du diab\u00e8te et de l&rsquo;ob\u00e9sit\u00e9. La priorit\u00e9 d&rsquo;Adocia est de d\u00e9velopper des formulations innovantes d&rsquo;insulines et d&rsquo;autres hormones m\u00e9taboliques. Avec la volont\u00e9 de devenir un acteur incontournable des traitements hormonaux, Adocia a mis en place un pipeline diversifi\u00e9 de produits de sp\u00e9cialit\u00e9 destin\u00e9s au traitement du diab\u00e8te de type 1 et de type 2 ainsi qu&rsquo;\u00e0 celui de l&rsquo;ob\u00e9sit\u00e9.[\/vc_column_text]\n        <a class=\"theme-btn\" href=\"https:\/\/adocia.s18854168.onlinehome-server.info\/fr\/adocia\/\" target=\"\" rel=\"\">\n        D\u00e9couvrir                    <img decoding=\"async\" src=\"https:\/\/adocia.s18854168.onlinehome-server.info\/composants\/themes\/adocia\/inc\/assets\/img\/icon-arrow_right.svg\" alt=\"Arrow right\">\n            <\/a>\n    \n    [\/vc_column][\/vc_row][\/vc_section][vc_section content_placement=\u00a0\u00bbmiddle\u00a0\u00bb css=\u00a0\u00bb.vc_custom_1682439595837{background-image: url(https:\/\/adocia.s18854168.onlinehome-server.info\/composants\/uploads\/2023\/04\/bg-drawing-2.jpg?id=43) !important;background-position: center !important;background-repeat: no-repeat !important;background-size: cover !important;}\u00a0\u00bb el_class=\u00a0\u00bbmh-xl-700&Prime;][vc_row el_class=\u00a0\u00bbcontainer\u00a0\u00bb][vc_column width=\u00a0\u00bb2\/3&Prime; offset=\u00a0\u00bbvc_col-md-6 vc_col-xs-10&Prime; el_class=\u00a0\u00bbfadeInLeft\u00a0\u00bb][vc_column_text]<\/p>\n<h2>Partenariat<\/h2>\n<p>Adocia octroie des licences pour ses produits et technologies apr\u00e8s en avoir \u00e9tabli la preuve de concept chez l&rsquo;homme. Int\u00e9ress\u00e9 par un partenariat avec nous ? N&rsquo;h\u00e9sitez pas \u00e0 nous contacter ![\/vc_column_text]\n        <a class=\"theme-btn\" href=\"https:\/\/adocia.s18854168.onlinehome-server.info\/fr\/partenariat\/\" target=\"\" rel=\"\">\n        Voir plus                    <img decoding=\"async\" src=\"https:\/\/adocia.s18854168.onlinehome-server.info\/composants\/themes\/adocia\/inc\/assets\/img\/icon-arrow_right.svg\" alt=\"Arrow right\">\n            <\/a>\n    \n    [\/vc_column][\/vc_row][\/vc_section][vc_section el_class=\u00a0\u00bbbg-grey\u00a0\u00bb][vc_row el_class=\u00a0\u00bbcontainer\u00a0\u00bb][vc_column][vc_column_text el_class=\u00a0\u00bbfadeInBottom\u00a0\u00bb]<\/p>\n<h2>M\u00e9dias<\/h2>\n<div class=\"last-medias\">\n            <div class=\"owl-carousel\">\n                                                        <a class=\"item\" href=\"https:\/\/adocia.s18854168.onlinehome-server.info\/composants\/uploads\/2023\/09\/CP-ADOCIA-Presentations-orales-EASD-et-IPITA.pdf\" target=\"_blank\">\n                        <div>\n                            <div class=\"date\">25\/09\/2023<\/div>\n                            <img decoding=\"async\" src=\"https:\/\/adocia.s18854168.onlinehome-server.info\/composants\/themes\/adocia\/inc\/assets\/img\/icon-download-blue.png\" alt=\"Icon download\">\n                        <\/div>\n                        <div class=\"title\">ADOCIA annonce des pr\u00e9sentations orales sur AdoShell\u00ae Islets \u00e0 l\u2019occasion des congr\u00e8s de l\u2019EASD et de l\u2019IPITA-IXA-CTRMS<\/div>\n                    <\/a>\n                                                        <a class=\"item\" href=\"https:\/\/adocia.s18854168.onlinehome-server.info\/composants\/uploads\/2023\/09\/CP-ADOCIA-Resultats-Financiers-S1-2023.pdf\" target=\"_blank\">\n                        <div>\n                            <div class=\"date\">18\/09\/2023<\/div>\n                            <img decoding=\"async\" src=\"https:\/\/adocia.s18854168.onlinehome-server.info\/composants\/themes\/adocia\/inc\/assets\/img\/icon-download-blue.png\" alt=\"Icon download\">\n                        <\/div>\n                        <div class=\"title\">ADOCIA publie ses r\u00e9sultats financiers du premier semestre 2023 et dresse un bilan de ses activit\u00e9s<\/div>\n                    <\/a>\n                                                        <a class=\"item\" href=\"https:\/\/adocia.s18854168.onlinehome-server.info\/composants\/uploads\/2023\/09\/CP-ADOCIA-BSA-IPF-Partners.pdf\" target=\"_blank\">\n                        <div>\n                            <div class=\"date\">31\/08\/2023<\/div>\n                            <img decoding=\"async\" src=\"https:\/\/adocia.s18854168.onlinehome-server.info\/composants\/themes\/adocia\/inc\/assets\/img\/icon-download-blue.png\" alt=\"Icon download\">\n                        <\/div>\n                        <div class=\"title\">ADOCIA annonce l\u2019encaissement de 500 000 euros au titre de l\u2019exercice par IPF Partners d\u2019une partie de ses Bons de Souscription d\u2019Actions<\/div>\n                    <\/a>\n                                                        <a class=\"item\" href=\"https:\/\/adocia.s18854168.onlinehome-server.info\/composants\/uploads\/2023\/09\/CP-ADOCIA-Q2-2023-et-Operation-de-financement.pdf\" target=\"_blank\">\n                        <div>\n                            <div class=\"date\">25\/07\/2023<\/div>\n                            <img decoding=\"async\" src=\"https:\/\/adocia.s18854168.onlinehome-server.info\/composants\/themes\/adocia\/inc\/assets\/img\/icon-download-blue.png\" alt=\"Icon download\">\n                        <\/div>\n                        <div class=\"title\">ADOCIA annonce ses r\u00e9sultats financiers du 2\u00e8me trimestre 2023 et un financement de 10 millions d\u2019euros<\/div>\n                    <\/a>\n                                                        <a class=\"item\" href=\"https:\/\/adocia.s18854168.onlinehome-server.info\/composants\/uploads\/2023\/07\/ADOCIA-CP-Accord-avec-Sanofi-sur-M1Pram.pdf\" target=\"_blank\">\n                        <div>\n                            <div class=\"date\">05\/07\/2023<\/div>\n                            <img decoding=\"async\" src=\"https:\/\/adocia.s18854168.onlinehome-server.info\/composants\/themes\/adocia\/inc\/assets\/img\/icon-download-blue.png\" alt=\"Icon download\">\n                        <\/div>\n                        <div class=\"title\">ADOCIA accorde \u00e0 Sanofi un droit exclusif de n\u00e9gociation d\u2019un partenariat sur M1Pram pour 10 millions d&rsquo;euros et obtient l\u2019engagement d\u2019investisseurs pour une lev\u00e9e de fonds de 10 millions d\u2019euros<\/div>\n                    <\/a>\n                                                        <a class=\"item\" href=\"https:\/\/adocia.s18854168.onlinehome-server.info\/composants\/uploads\/2023\/06\/CP-Adocia-Suspension-de-cours-de-bourse-1.pdf\" target=\"_blank\">\n                        <div>\n                            <div class=\"date\">01\/06\/2023<\/div>\n                            <img decoding=\"async\" src=\"https:\/\/adocia.s18854168.onlinehome-server.info\/composants\/themes\/adocia\/inc\/assets\/img\/icon-download-blue.png\" alt=\"Icon download\">\n                        <\/div>\n                        <div class=\"title\">Suspension de la cotation de l\u2019action Adocia<\/div>\n                    <\/a>\n                            <\/div>\n            <div class=\"text-center\">\n                <a href=\"https:\/\/adocia.s18854168.onlinehome-server.info\/fr\/medias-publications\/\" class=\"theme-btn\">Voir tout<\/a>\n            <\/div>\n        <\/div>\n\n    [\/vc_column_text][\/vc_column][\/vc_row][\/vc_section]<\/p>\n<\/section>","protected":false},"excerpt":{"rendered":"<p>[vc_row content_placement=\u00a0\u00bbmiddle\u00a0\u00bb el_id=\u00a0\u00bbfirstimg\u00a0\u00bb css=\u00a0\u00bb.vc_custom_1695382472997{background-image: url(https:\/\/adocia.s18854168.onlinehome-server.info\/composants\/uploads\/2023\/09\/firstimg-home-2.jpg?id=7338) !important;background-position: center !important;background-repeat: no-repeat !important;background-size: cover !important;}\u00a0\u00bb][vc_column][vc_row_inner el_class=\u00a0\u00bbcontainer\u00a0\u00bb][vc_column_inner el_class=\u00a0\u00bbfadeInLeft\u00a0\u00bb width=\u00a0\u00bb3\/4&Prime; offset=\u00a0\u00bbvc_col-lg-7 vc_col-md-8&Prime;][vc_column_text el_class=\u00a0\u00bbmw-500&Prime;] Innovative medicine for everyone everywhere [\/vc_column_text][vc_column_text]Adocia est [&hellip;]<\/p>\n","protected":false},"author":1,"featured_media":0,"parent":0,"menu_order":0,"comment_status":"closed","ping_status":"closed","template":"","meta":{"_mi_skip_tracking":false,"_monsterinsights_sitenote_active":false,"_monsterinsights_sitenote_note":"","_monsterinsights_sitenote_category":0,"footnotes":""},"class_list":["post-5212","page","type-page","status-publish","hentry"],"acf":[],"aioseo_notices":[],"_links":{"self":[{"href":"https:\/\/adocia.s18854168.onlinehome-server.info\/fr\/wp-json\/wp\/v2\/pages\/5212","targetHints":{"allow":["GET"]}}],"collection":[{"href":"https:\/\/adocia.s18854168.onlinehome-server.info\/fr\/wp-json\/wp\/v2\/pages"}],"about":[{"href":"https:\/\/adocia.s18854168.onlinehome-server.info\/fr\/wp-json\/wp\/v2\/types\/page"}],"author":[{"embeddable":true,"href":"https:\/\/adocia.s18854168.onlinehome-server.info\/fr\/wp-json\/wp\/v2\/users\/1"}],"replies":[{"embeddable":true,"href":"https:\/\/adocia.s18854168.onlinehome-server.info\/fr\/wp-json\/wp\/v2\/comments?post=5212"}],"version-history":[{"count":15,"href":"https:\/\/adocia.s18854168.onlinehome-server.info\/fr\/wp-json\/wp\/v2\/pages\/5212\/revisions"}],"predecessor-version":[{"id":7559,"href":"https:\/\/adocia.s18854168.onlinehome-server.info\/fr\/wp-json\/wp\/v2\/pages\/5212\/revisions\/7559"}],"wp:attachment":[{"href":"https:\/\/adocia.s18854168.onlinehome-server.info\/fr\/wp-json\/wp\/v2\/media?parent=5212"}],"curies":[{"name":"wp","href":"https:\/\/api.w.org\/{rel}","templated":true}]}}