{"id":5447,"date":"2023-06-21T11:24:40","date_gmt":"2023-06-21T09:24:40","guid":{"rendered":"https:\/\/adocia.s18854168.onlinehome-server.info\/?page_id=5447"},"modified":"2023-09-29T17:33:05","modified_gmt":"2023-09-29T15:33:05","slug":"acces-et-contact","status":"publish","type":"page","link":"https:\/\/adocia.s18854168.onlinehome-server.info\/fr\/acces-et-contact\/","title":{"rendered":"Acc\u00e8s et contact"},"content":{"rendered":"<section class=\"wpb-content-wrapper\"><p>[vc_row css=\u00a0\u00bb.vc_custom_1687339850263{background-image: url(https:\/\/adocia.s18854168.onlinehome-server.info\/composants\/uploads\/2023\/06\/20210701_184536.jpg?id=5460) !important;background-position: center !important;background-repeat: no-repeat !important;background-size: cover !important;}\u00a0\u00bb el_id=\u00a0\u00bbfirstimg\u00a0\u00bb][vc_column][vc_row_inner el_class=\u00a0\u00bbcontainer\u00a0\u00bb][vc_column_inner el_class=\u00a0\u00bbfadeInLeft\u00a0\u00bb width=\u00a0\u00bb3\/4&Prime;][vc_column_text]<\/p>\n<h1>Venez nous rencontrer<\/h1>\n<p>[\/vc_column_text][\/vc_column_inner][\/vc_row_inner][\/vc_column][\/vc_row][vc_row el_class=\u00a0\u00bbcontainer\u00a0\u00bb][vc_column width=\u00a0\u00bb1\/2&Prime;][vc_column_text]<iframe loading=\"lazy\" style=\"border: 0;\" src=\"https:\/\/www.google.com\/maps\/embed?pb=!1m18!1m12!1m3!1d2784.0424799970506!2d4.873551477921366!3d45.75029431430225!2m3!1f0!2f0!3f0!3m2!1i1024!2i768!4f13.1!3m3!1m2!1s0x47f4c1da2d57421b%3A0xee4f10c1e497cfaa!2s115%20Av.%20Lacassagne%2C%2069003%20Lyon!5e0!3m2!1sfr!2sfr!4v1688119445836!5m2!1sfr!2sfr\" width=\"600\" height=\"450\" allowfullscreen=\"allowfullscreen\"><\/iframe>[\/vc_column_text][\/vc_column][vc_column width=\u00a0\u00bb1\/2&Prime;][vc_column_text]<strong>Adresse:<\/strong><br \/>\n115 avenue Lacassagne<br \/>\n69003 Lyon<br \/>\nFrance<br \/>\nT\u00e9l: +33 (0)4 72 610 610<br \/>\nFax: +33 (0)4 72 36 39 67[\/vc_column_text][vc_row_inner][vc_column_inner]\n        <a class=\"theme-btn\" href=\"https:\/\/adocia.s18854168.onlinehome-server.info\/fr\/contact\/\" target=\"\" rel=\"\">\n        Nous contacter                    <img decoding=\"async\" src=\"https:\/\/adocia.s18854168.onlinehome-server.info\/composants\/themes\/adocia\/inc\/assets\/img\/icon-arrow_right.svg\" alt=\"Arrow right\">\n            <\/a>\n    \n    [\/vc_column_inner][\/vc_row_inner][vc_row_inner content_placement=\u00a0\u00bbmiddle\u00a0\u00bb][vc_column_inner][vc_separator][\/vc_column_inner][\/vc_row_inner][vc_row_inner][vc_column_inner][vc_column_text]<strong>Transport et accessibilit\u00e9<\/strong>[\/vc_column_text][vc_column_text]M\u00e9tro D : arr\u00eat Monplaisir Lumi\u00e8re<br \/>\nTramway T3 : arr\u00eat Dauphine &#8211; Lacassagne[\/vc_column_text][vc_separator][vc_column_text]Bus C13 et 25 :\u00a0 arr\u00eat Feuillat-Lacassagne<br \/>\nBus C9 : arr\u00eat Cyrano<br \/>\nBus C11 : arr\u00eat Maisons Neuves<br \/>\nBus C16 : arr\u00eat Docteur Rebatel<br \/>\nBus 69 : arr\u00eat Villebois Mareuil[\/vc_column_text][vc_separator][vc_column_text]Station Velo&rsquo;v (v\u00e9lo en libre service) au pied des locaux[\/vc_column_text][vc_separator][vc_column_text]<a title=\"PLan TCL\" href=\"https:\/\/www.tcl.fr\/se-deplacer\/plan-interactif\" target=\"_blank\" rel=\"noopener\">D\u00e9tails des transports sur le site TCL\u00a0<\/a>[\/vc_column_text][\/vc_column_inner][\/vc_row_inner][vc_row_inner][vc_column_inner][vc_separator][\/vc_column_inner][\/vc_row_inner][\/vc_column][\/vc_row][vc_row][vc_column]\n    <div class=\"line_separator `{`object Object`}`\">\n        <svg version=\"1.1\" xmlns=\"http:\/\/www.w3.org\/2000\/svg\" xmlns:xlink=\"http:\/\/www.w3.org\/1999\/xlink\" x=\"0px\" y=\"0px\"\n             viewBox=\"0 0 1920 165\" style=\"enable-background:new 0 0 1920 165;\" xml:space=\"preserve\">\n            <linearGradient id=\"svg_gradient\" gradientUnits=\"userSpaceOnUse\" x1=\"0.995\" y1=\"1082.1384\" x2=\"1.9486\" y2=\"1082.1384\" gradientTransform=\"matrix(2013.24 0 0 -2013.24 -2003.0748 2178686.75)\">\n                <stop  offset=\"0\" style=\"stop-color:#009AA8\"\/>\n                <stop  offset=\"4.545450e-03\" style=\"stop-color:#009AA8\"\/>\n                <stop  offset=\"0.9955\" style=\"stop-color:#9EC41A\"\/>\n                <stop  offset=\"1\" style=\"stop-color:#9EC41A\"\/>\n            <\/linearGradient>\n            <path d=\"M1919.7,104.3c-247.7,37.4-498.5,56.4-745.4,56.4c-164,0-327.7-8.4-486.7-24.9\n        C560.5,122.6,436.1,104.2,317.9,81C116.3,41.6,1.8,1.8,0.6,1.4L0,1.1v3.1c8.1,2.8,119.7,41,317.7,79.7\n        c118.3,23.1,242.7,41.6,369.9,54.8c159,16.5,322.7,24.9,486.7,24.9c247,0,497.9-19,745.7-56.4v-3L1919.7,104.3z\"\/>\n        <\/svg>\n    <\/div>\n\n    [\/vc_column][\/vc_row]<\/p>\n<\/section>","protected":false},"excerpt":{"rendered":"<p>[vc_row css=\u00a0\u00bb.vc_custom_1687339850263{background-image: url(https:\/\/adocia.s18854168.onlinehome-server.info\/composants\/uploads\/2023\/06\/20210701_184536.jpg?id=5460) !important;background-position: center !important;background-repeat: no-repeat !important;background-size: cover !important;}\u00a0\u00bb el_id=\u00a0\u00bbfirstimg\u00a0\u00bb][vc_column][vc_row_inner el_class=\u00a0\u00bbcontainer\u00a0\u00bb][vc_column_inner el_class=\u00a0\u00bbfadeInLeft\u00a0\u00bb width=\u00a0\u00bb3\/4&Prime;][vc_column_text] Venez nous rencontrer [\/vc_column_text][\/vc_column_inner][\/vc_row_inner][\/vc_column][\/vc_row][vc_row el_class=\u00a0\u00bbcontainer\u00a0\u00bb][vc_column width=\u00a0\u00bb1\/2&Prime;][vc_column_text][\/vc_column_text][\/vc_column][vc_column width=\u00a0\u00bb1\/2&Prime;][vc_column_text]Adresse: 115 avenue Lacassagne 69003 [&hellip;]<\/p>\n","protected":false},"author":2,"featured_media":0,"parent":0,"menu_order":7,"comment_status":"closed","ping_status":"closed","template":"","meta":{"_mi_skip_tracking":false,"_monsterinsights_sitenote_active":false,"_monsterinsights_sitenote_note":"","_monsterinsights_sitenote_category":0,"footnotes":""},"class_list":["post-5447","page","type-page","status-publish","hentry"],"acf":[],"aioseo_notices":[],"_links":{"self":[{"href":"https:\/\/adocia.s18854168.onlinehome-server.info\/fr\/wp-json\/wp\/v2\/pages\/5447","targetHints":{"allow":["GET"]}}],"collection":[{"href":"https:\/\/adocia.s18854168.onlinehome-server.info\/fr\/wp-json\/wp\/v2\/pages"}],"about":[{"href":"https:\/\/adocia.s18854168.onlinehome-server.info\/fr\/wp-json\/wp\/v2\/types\/page"}],"author":[{"embeddable":true,"href":"https:\/\/adocia.s18854168.onlinehome-server.info\/fr\/wp-json\/wp\/v2\/users\/2"}],"replies":[{"embeddable":true,"href":"https:\/\/adocia.s18854168.onlinehome-server.info\/fr\/wp-json\/wp\/v2\/comments?post=5447"}],"version-history":[{"count":25,"href":"https:\/\/adocia.s18854168.onlinehome-server.info\/fr\/wp-json\/wp\/v2\/pages\/5447\/revisions"}],"predecessor-version":[{"id":7608,"href":"https:\/\/adocia.s18854168.onlinehome-server.info\/fr\/wp-json\/wp\/v2\/pages\/5447\/revisions\/7608"}],"wp:attachment":[{"href":"https:\/\/adocia.s18854168.onlinehome-server.info\/fr\/wp-json\/wp\/v2\/media?parent=5447"}],"curies":[{"name":"wp","href":"https:\/\/api.w.org\/{rel}","templated":true}]}}