{"id":5564,"date":"2023-04-25T15:13:32","date_gmt":"2023-04-25T13:13:32","guid":{"rendered":"https:\/\/adocia.s18854168.onlinehome-server.info\/investors\/"},"modified":"2023-09-21T17:45:25","modified_gmt":"2023-09-21T15:45:25","slug":"investisseurs","status":"publish","type":"page","link":"https:\/\/adocia.s18854168.onlinehome-server.info\/fr\/investisseurs\/","title":{"rendered":"Investisseurs"},"content":{"rendered":"<section class=\"wpb-content-wrapper\"><p>[vc_row content_placement=\u00a0\u00bbmiddle\u00a0\u00bb el_id=\u00a0\u00bbfirstimg\u00a0\u00bb css=\u00a0\u00bb.vc_custom_1683040456513{background-image: url(https:\/\/adocia.s18854168.onlinehome-server.info\/composants\/uploads\/2023\/05\/firstimg-financials.jpg?id=217) !important;background-position: center !important;background-repeat: no-repeat !important;background-size: cover !important;}\u00a0\u00bb el_class=\u00a0\u00bbbg-dark\u00a0\u00bb][vc_column][vc_row_inner el_class=\u00a0\u00bbcontainer\u00a0\u00bb][vc_column_inner el_class=\u00a0\u00bbfadeInLeft\u00a0\u00bb width=\u00a0\u00bb3\/4&Prime; offset=\u00a0\u00bbvc_col-lg-7 vc_col-md-8&Prime;][vc_column_text]<\/p>\n<h1>Relation Investisseurs<\/h1>\n<p>[\/vc_column_text][vc_column_text el_class=\u00a0\u00bbh4&Prime;]<strong>BIENVENUE SUR LA PAGE<\/strong><br \/>\n<strong>DEDIEE <\/strong><strong>AUX INVESTISSEURS<\/strong>[\/vc_column_text]\n        <a class=\"theme-btn\" href=\"https:\/\/adocia.s18854168.onlinehome-server.info\/contact\/?subject=Investor+Relations\" target=\"\" rel=\"\">\n        NOUS CONTACTER                    <img decoding=\"async\" src=\"https:\/\/adocia.s18854168.onlinehome-server.info\/composants\/themes\/adocia\/inc\/assets\/img\/icon-arrow_right.svg\" alt=\"Arrow right\">\n            <\/a>\n    \n    [\/vc_column_inner][\/vc_row_inner][\/vc_column][\/vc_row][vc_row css=\u00a0\u00bb.vc_custom_1683040644631{background-position: center !important;background-repeat: no-repeat !important;background-size: cover !important;}\u00a0\u00bb el_class=\u00a0\u00bbcontainer\u00a0\u00bb][vc_column][vc_column_text]\t\t\t<!-- Flexy Breadcrumb -->\r\n\t\t\t<div class=\"fbc fbc-page\">\r\n\r\n\t\t\t\t<!-- Breadcrumb wrapper -->\r\n\t\t\t\t<div class=\"fbc-wrap\">\r\n\r\n\t\t\t\t\t<!-- Ordered list-->\r\n\t\t\t\t\t<ol class=\"fbc-items\" itemscope itemtype=\"https:\/\/schema.org\/BreadcrumbList\">\r\n\t\t\t\t\t\t            <li itemprop=\"itemListElement\" itemscope itemtype=\"https:\/\/schema.org\/ListItem\">\r\n                <span itemprop=\"name\">\r\n                    <!-- Home Link -->\r\n                    <a itemprop=\"item\" href=\"https:\/\/adocia.s18854168.onlinehome-server.info\">\r\n                    \r\n                                                    <i class=\"fa fa-home\" aria-hidden=\"true\"><\/i>Home                    <\/a>\r\n                <\/span>\r\n                <meta itemprop=\"position\" content=\"1\" \/><!-- Meta Position-->\r\n             <\/li><li><span class=\"fbc-separator\">\/<\/span><\/li><li class=\"active\" itemprop=\"itemListElement\" itemscope itemtype=\"https:\/\/schema.org\/ListItem\"><span itemprop=\"name\" title=\"Investisseurs\">Investisseurs<\/span><meta itemprop=\"position\" content=\"2\" \/><\/li>\t\t\t\t\t<\/ol>\r\n\t\t\t\t\t<div class=\"clearfix\"><\/div>\r\n\t\t\t\t<\/div>\r\n\t\t\t<\/div>\r\n\t\t\t[\/vc_column_text][\/vc_column][\/vc_row][vc_section css=\u00a0\u00bb.vc_custom_1686646834453{background-image: url(https:\/\/adocia.s18854168.onlinehome-server.info\/composants\/uploads\/2023\/04\/bg-related_point.jpg?id=36) !important;background-position: center !important;background-repeat: no-repeat !important;background-size: cover !important;}\u00a0\u00bb el_class=\u00a0\u00bbpt-0&Prime;][vc_row content_placement=\u00a0\u00bbmiddle\u00a0\u00bb el_class=\u00a0\u00bbcontainer\u00a0\u00bb][vc_column][vc_column_text el_class=\u00a0\u00bbfadeInLeft\u00a0\u00bb]<\/p>\n<h2>Pr\u00e9sentation<\/h2>\n<p>[\/vc_column_text][\/vc_column][\/vc_row][vc_row el_class=\u00a0\u00bbcontainer\u00a0\u00bb][vc_column width=\u00a0\u00bb2\/3&Prime; offset=\u00a0\u00bbvc_col-lg-6&Prime;][vc_column_text el_class=\u00a0\u00bbfadeInLeft\u00a0\u00bb]<strong>Adocia est une soci\u00e9t\u00e9 de biotechnologie au stade clinique sp\u00e9cialis\u00e9e dans l&rsquo;innovation et le d\u00e9veloppement de solutions th\u00e9rapeutiques pour les maladies m\u00e9taboliques<\/strong><\/p>\n<p>Adocia est une soci\u00e9t\u00e9 fran\u00e7aise de biotechnologie au stade clinique. Les principales activit\u00e9s de la soci\u00e9t\u00e9 sont l&rsquo;innovation, la recherche et le d\u00e9veloppement de nouvelles solutions th\u00e9rapeutiques pour am\u00e9liorer la vie des personnes souffrant de maladies m\u00e9taboliques chroniques, telles que le diab\u00e8te et l&rsquo;ob\u00e9sit\u00e9.[\/vc_column_text][\/vc_column][vc_column width=\u00a0\u00bb1\/3&Prime; offset=\u00a0\u00bbvc_col-lg-offset-3 vc_col-md-offset-1 vc_col-md-3&Prime; el_class=\u00a0\u00bbfadeInLeft\u00a0\u00bb][vc_column_text el_class=\u00a0\u00bbmb-0&Prime;]<div class=\"msw-box\" id=\"msw-2097\"><div class=\"msw-label msw-light-theme msw-label-4\"><div class=\"d-flex justify-between\"><div class=\"msw-label-col d-flex align-center flex-truncate\"><div class=\"msw-name\"><b>ADOCIA<\/b><small class=\"text-light d-block\">ADOC.PA<\/small><\/div><\/div><div class=\"msw-label-col d-flex align-center\"><div class=\"msw-price text-danger\"><img decoding=\"async\" src=\"https:\/\/adocia.s18854168.onlinehome-server.info\/composants\/plugins\/massive-stock-widgets\/assets\/public\/img\/icons\/down-arrow.svg\" alt=\"\" class=\"msw-arrow\">2,09%<\/div><\/div><div class=\"msw-label-col d-flex align-center\"><div class=\"msw-price text-light\">4,50 \u20ac<\/div><\/div><\/div><\/div><\/div>[\/vc_column_text][vc_column_text]<\/p>\n<p style=\"text-align: left;\">Source : Forex<\/p>\n<p>[\/vc_column_text][\/vc_column][\/vc_row][\/vc_section][vc_row el_class=\u00a0\u00bbcontainer block-separator\u00a0\u00bb][vc_column][vc_row_inner][vc_column_inner el_class=\u00a0\u00bbblock_link_container three-column\u00a0\u00bb]\n    <div class=\"block_link fadeInBottom\">\n        <a href=\"https:\/\/adocia.s18854168.onlinehome-server.info\/composants\/uploads\/2023\/09\/ADOCIA-Presentation-Corporate-AUG-2023-FR-1.pdf\" target=\"_blank\">\n            <img loading=\"lazy\" decoding=\"async\" width=\"110\" height=\"110\" src=\"https:\/\/adocia.s18854168.onlinehome-server.info\/composants\/uploads\/2023\/05\/icon-corporate.png\" class=\"attachment-full size-full\" alt=\"\" \/>            <div class=\"content\">\n                <span class=\"title\">PRESENTATION CORPORATE<\/span>\n                                    <span class=\"seemore\">voir plus<\/span>\n                            <\/div>\n        <\/a>\n    <\/div>\n\n    \n    <div class=\"block_link fadeInBottom\">\n        <a href=\"https:\/\/adocia.s18854168.onlinehome-server.info\/composants\/uploads\/2023\/06\/3.-221215-URD-2022-FR-VF-PDF.pdf\" target=\"_blank\">\n            <img loading=\"lazy\" decoding=\"async\" width=\"110\" height=\"110\" src=\"https:\/\/adocia.s18854168.onlinehome-server.info\/composants\/uploads\/2023\/05\/icon-webinar.png\" class=\"attachment-full size-full\" alt=\"\" \/>            <div class=\"content\">\n                <span class=\"title\">DOCUMENT D'ENREGISTREMENT UNIVERSEL<\/span>\n                                    <span class=\"seemore\">voir plus<\/span>\n                            <\/div>\n        <\/a>\n    <\/div>\n\n    \n    <div class=\"block_link fadeInBottom\">\n        <a href=\"https:\/\/adocia.s18854168.onlinehome-server.info\/composants\/uploads\/2023\/09\/ADOCIA-Lettre-aux-actionnaires-Janvier-2023.pdf\" target=\"_blank\">\n            <img loading=\"lazy\" decoding=\"async\" width=\"110\" height=\"110\" src=\"https:\/\/adocia.s18854168.onlinehome-server.info\/composants\/uploads\/2023\/05\/icon-letter.png\" class=\"attachment-full size-full\" alt=\"\" \/>            <div class=\"content\">\n                <span class=\"title\">LETTRE AUX ACTIONNAIRES<\/span>\n                                    <span class=\"seemore\">voir plus<\/span>\n                            <\/div>\n        <\/a>\n    <\/div>\n\n    [\/vc_column_inner][\/vc_row_inner][\/vc_column][\/vc_row][vc_section content_placement=\u00a0\u00bbmiddle\u00a0\u00bb css=\u00a0\u00bb.vc_custom_1684943191402{background-position: center !important;background-repeat: no-repeat !important;background-size: cover !important;}\u00a0\u00bb el_class=\u00a0\u00bbbg-grey\u00a0\u00bb][vc_row el_class=\u00a0\u00bbcontainer\u00a0\u00bb][vc_column el_class=\u00a0\u00bbfadeInRight\u00a0\u00bb][vc_column_text el_class=\u00a0\u00bbmt-sm-5&Prime;]<\/p>\n<h2>Derniers communiqu\u00e9s de presse<\/h2>\n<div class=\"last-news\">\n                                            <a class=\"item\" href=\"https:\/\/adocia.s18854168.onlinehome-server.info\/composants\/uploads\/2023\/11\/ADOCIA-PR-DDV-OCT-2023-1.pdf\" target=\"_blank\">\n                    <img decoding=\"async\" src=\"https:\/\/adocia.s18854168.onlinehome-server.info\/composants\/themes\/adocia\/inc\/assets\/img\/icon-check.png\" alt=\"Plus\">\n                    <span class=\"title\">ADOCIA : Information relative au nombre d&rsquo;actions et de droits de vote en date du 31 octobre 2023<\/span>\n                    <span class=\"date\">15\/11\/2023<\/span>\n                <\/a>\n                                            <a class=\"item\" href=\"https:\/\/adocia.s18854168.onlinehome-server.info\/composants\/uploads\/2023\/09\/CP-ADOCIA-Resultats-Financiers-S1-2023.pdf\" target=\"_blank\">\n                    <img decoding=\"async\" src=\"https:\/\/adocia.s18854168.onlinehome-server.info\/composants\/themes\/adocia\/inc\/assets\/img\/icon-check.png\" alt=\"Plus\">\n                    <span class=\"title\">ADOCIA publie ses r\u00e9sultats financiers du premier semestre 2023 et dresse un bilan de ses activit\u00e9s<\/span>\n                    <span class=\"date\">18\/09\/2023<\/span>\n                <\/a>\n                                            <a class=\"item\" href=\"https:\/\/adocia.s18854168.onlinehome-server.info\/composants\/uploads\/2023\/09\/ADOCIA-CP-DDV-AOUT-2023.pdf\" target=\"_blank\">\n                    <img decoding=\"async\" src=\"https:\/\/adocia.s18854168.onlinehome-server.info\/composants\/themes\/adocia\/inc\/assets\/img\/icon-check.png\" alt=\"Plus\">\n                    <span class=\"title\">ADOCIA : Information relative au nombre d\u2019actions et de droits de vote en date du 31 ao\u00fbt 2023<\/span>\n                    <span class=\"date\">14\/09\/2023<\/span>\n                <\/a>\n                    <\/div>\n\n    [\/vc_column_text]\n            <div class=\"text-center\">\n        <a class=\"theme-btn\" href=\"https:\/\/adocia.s18854168.onlinehome-server.info\/medias-publications\/\" target=\"\" rel=\"\">\n        TOUS LES COMMUNIQUES DE PRESSE                    <img decoding=\"async\" src=\"https:\/\/adocia.s18854168.onlinehome-server.info\/composants\/themes\/adocia\/inc\/assets\/img\/icon-arrow_right.svg\" alt=\"Arrow right\">\n            <\/a>\n            <\/div>\n    \n    [\/vc_column][\/vc_row][vc_row el_class=\u00a0\u00bbcontainer mt-md-5 pt-5&Prime;][vc_column el_class=\u00a0\u00bbfadeInRight text-right text-sm-left\u00a0\u00bb][vc_row_inner equal_height=\u00a0\u00bbyes\u00a0\u00bb][vc_column_inner width=\u00a0\u00bb1\/2&Prime; offset=\u00a0\u00bbvc_col-xs-6&Prime;]\n    <div class=\"block_link_2\">\n        <div class=\"img\">\n            <img loading=\"lazy\" decoding=\"async\" width=\"110\" height=\"110\" src=\"https:\/\/adocia.s18854168.onlinehome-server.info\/composants\/uploads\/2023\/05\/icon-loop.png\" class=\"attachment-full size-full\" alt=\"\" \/>        <\/div>\n        <div class=\"content\">\n            <h2 class=\"title\">Informations r\u00e9glement\u00e9es<\/h2>\n                                        <a href=\"https:\/\/adocia.s18854168.onlinehome-server.info\/fr\/investisseurs\/informations-reglementees\/\">Voir plus<\/a>\n                    <\/div>\n    <\/div>\n\n    [\/vc_column_inner][vc_column_inner width=\u00a0\u00bb1\/2&Prime; offset=\u00a0\u00bbvc_col-xs-6&Prime;]\n    <div class=\"block_link_2\">\n        <div class=\"img\">\n            <img loading=\"lazy\" decoding=\"async\" width=\"110\" height=\"110\" src=\"https:\/\/adocia.s18854168.onlinehome-server.info\/composants\/uploads\/2023\/05\/icon-shareholders.png\" class=\"attachment-full size-full\" alt=\"\" \/>        <\/div>\n        <div class=\"content\">\n            <h2 class=\"title\">Informations boursi\u00e8res<\/h2>\n                                        <a href=\"https:\/\/adocia.s18854168.onlinehome-server.info\/fr\/investisseurs\/informations-boursieres\/\">Voir plus<\/a>\n                    <\/div>\n    <\/div>\n\n    [\/vc_column_inner][\/vc_row_inner][vc_row_inner equal_height=\u00a0\u00bbyes\u00a0\u00bb][vc_column_inner width=\u00a0\u00bb1\/2&Prime; offset=\u00a0\u00bbvc_col-xs-6&Prime;]\n    <div class=\"block_link_2\">\n        <div class=\"img\">\n            <img loading=\"lazy\" decoding=\"async\" width=\"110\" height=\"110\" src=\"https:\/\/adocia.s18854168.onlinehome-server.info\/composants\/uploads\/2023\/05\/icon-governance.png\" class=\"attachment-full size-full\" alt=\"\" \/>        <\/div>\n        <div class=\"content\">\n            <h2 class=\"title\">Management<\/h2>\n                                        <a href=\"https:\/\/adocia.s18854168.onlinehome-server.info\/fr\/investisseurs\/management\/\">Voir plus<\/a>\n                    <\/div>\n    <\/div>\n\n    [\/vc_column_inner][vc_column_inner width=\u00a0\u00bb1\/2&Prime; offset=\u00a0\u00bbvc_col-xs-6&Prime;]\n    <div class=\"block_link_2\">\n        <div class=\"img\">\n            <img loading=\"lazy\" decoding=\"async\" width=\"110\" height=\"110\" src=\"https:\/\/adocia.s18854168.onlinehome-server.info\/composants\/uploads\/2023\/05\/icon-meeting.png\" class=\"attachment-full size-full\" alt=\"\" \/>        <\/div>\n        <div class=\"content\">\n            <h2 class=\"title\">Assembl\u00e9e g\u00e9n\u00e9rale<\/h2>\n                                        <a href=\"https:\/\/adocia.s18854168.onlinehome-server.info\/fr\/investisseurs\/assemblee-generale\/\">Voir plus<\/a>\n                    <\/div>\n    <\/div>\n\n    [\/vc_column_inner][\/vc_row_inner][\/vc_column][\/vc_row][\/vc_section][vc_row el_class=\u00a0\u00bbbg-gradient py-5&Prime;][vc_column]\n            <div class=\"text-center\">\n        <a class=\"theme-btn\" href=\"https:\/\/adocia.s18854168.onlinehome-server.info\/investors\/contact\/\" target=\"\" rel=\"\">\n        NOUS CONTACTER                    <img decoding=\"async\" src=\"https:\/\/adocia.s18854168.onlinehome-server.info\/composants\/themes\/adocia\/inc\/assets\/img\/icon-arrow_right.svg\" alt=\"Arrow right\">\n            <\/a>\n            <\/div>\n    \n    [\/vc_column][\/vc_row]<\/p>\n<\/section>","protected":false},"excerpt":{"rendered":"<p>[vc_row content_placement=\u00a0\u00bbmiddle\u00a0\u00bb el_id=\u00a0\u00bbfirstimg\u00a0\u00bb css=\u00a0\u00bb.vc_custom_1683040456513{background-image: url(https:\/\/adocia.s18854168.onlinehome-server.info\/composants\/uploads\/2023\/05\/firstimg-financials.jpg?id=217) !important;background-position: center !important;background-repeat: no-repeat !important;background-size: cover !important;}\u00a0\u00bb el_class=\u00a0\u00bbbg-dark\u00a0\u00bb][vc_column][vc_row_inner el_class=\u00a0\u00bbcontainer\u00a0\u00bb][vc_column_inner el_class=\u00a0\u00bbfadeInLeft\u00a0\u00bb width=\u00a0\u00bb3\/4&Prime; offset=\u00a0\u00bbvc_col-lg-7 vc_col-md-8&Prime;][vc_column_text] Relation Investisseurs [\/vc_column_text][vc_column_text el_class=\u00a0\u00bbh4&Prime;]BIENVENUE SUR LA PAGE [&hellip;]<\/p>\n","protected":false},"author":1,"featured_media":0,"parent":0,"menu_order":5,"comment_status":"closed","ping_status":"closed","template":"","meta":{"_mi_skip_tracking":false,"_monsterinsights_sitenote_active":false,"_monsterinsights_sitenote_note":"","_monsterinsights_sitenote_category":0,"footnotes":""},"class_list":["post-5564","page","type-page","status-publish","hentry"],"acf":[],"aioseo_notices":[],"_links":{"self":[{"href":"https:\/\/adocia.s18854168.onlinehome-server.info\/fr\/wp-json\/wp\/v2\/pages\/5564","targetHints":{"allow":["GET"]}}],"collection":[{"href":"https:\/\/adocia.s18854168.onlinehome-server.info\/fr\/wp-json\/wp\/v2\/pages"}],"about":[{"href":"https:\/\/adocia.s18854168.onlinehome-server.info\/fr\/wp-json\/wp\/v2\/types\/page"}],"author":[{"embeddable":true,"href":"https:\/\/adocia.s18854168.onlinehome-server.info\/fr\/wp-json\/wp\/v2\/users\/1"}],"replies":[{"embeddable":true,"href":"https:\/\/adocia.s18854168.onlinehome-server.info\/fr\/wp-json\/wp\/v2\/comments?post=5564"}],"version-history":[{"count":30,"href":"https:\/\/adocia.s18854168.onlinehome-server.info\/fr\/wp-json\/wp\/v2\/pages\/5564\/revisions"}],"predecessor-version":[{"id":7310,"href":"https:\/\/adocia.s18854168.onlinehome-server.info\/fr\/wp-json\/wp\/v2\/pages\/5564\/revisions\/7310"}],"wp:attachment":[{"href":"https:\/\/adocia.s18854168.onlinehome-server.info\/fr\/wp-json\/wp\/v2\/media?parent=5564"}],"curies":[{"name":"wp","href":"https:\/\/api.w.org\/{rel}","templated":true}]}}