{"id":5981,"date":"2023-05-02T16:21:42","date_gmt":"2023-05-02T14:21:42","guid":{"rendered":"https:\/\/adocia.s18854168.onlinehome-server.info\/investisseurs\/governance\/"},"modified":"2023-10-06T15:57:19","modified_gmt":"2023-10-06T13:57:19","slug":"management","status":"publish","type":"page","link":"https:\/\/adocia.s18854168.onlinehome-server.info\/fr\/investisseurs\/management\/","title":{"rendered":"Management"},"content":{"rendered":"<section class=\"wpb-content-wrapper\"><p>[vc_row content_placement=\u00a0\u00bbmiddle\u00a0\u00bb el_id=\u00a0\u00bbfirstimg\u00a0\u00bb css=\u00a0\u00bb.vc_custom_1683040456513{background-image: url(https:\/\/adocia.s18854168.onlinehome-server.info\/composants\/uploads\/2023\/05\/firstimg-financials.jpg?id=217) !important;background-position: center !important;background-repeat: no-repeat !important;background-size: cover !important;}\u00a0\u00bb el_class=\u00a0\u00bbbg-dark\u00a0\u00bb][vc_column][vc_row_inner el_class=\u00a0\u00bbcontainer\u00a0\u00bb][vc_column_inner el_class=\u00a0\u00bbfadeInLeft\u00a0\u00bb width=\u00a0\u00bb3\/4&Prime; offset=\u00a0\u00bbvc_col-lg-7 vc_col-md-8&Prime;][vc_column_text]<\/p>\n<p class=\"h1\">Relation<br \/>\nInvestisseurs<\/p>\n<p>[\/vc_column_text][vc_column_text el_class=\u00a0\u00bbh4&Prime;]<strong>BIENVENUE<br \/>\nDANS L&rsquo;ESPACE D\u00c9DI\u00c9<br \/>\nAUX INVESTISSEURS<\/strong>[\/vc_column_text]\n        <a class=\"theme-btn\" href=\"https:\/\/adocia.s18854168.onlinehome-server.info\/fr\/contact\/\" target=\"\" rel=\"\">\n        Nous contacter                    <img decoding=\"async\" src=\"https:\/\/adocia.s18854168.onlinehome-server.info\/composants\/themes\/adocia\/inc\/assets\/img\/icon-arrow_right.svg\" alt=\"Arrow right\">\n            <\/a>\n    \n    [\/vc_column_inner][\/vc_row_inner][\/vc_column][\/vc_row][vc_row content_placement=\u00a0\u00bbmiddle\u00a0\u00bb el_class=\u00a0\u00bbcontainer block-separator\u00a0\u00bb][vc_column][vc_column_text][\/vc_column_text][\/vc_column][\/vc_row][vc_row el_class=\u00a0\u00bbcontainer mt-5&Prime;][vc_column][vc_column_text]\t\t\t<!-- Flexy Breadcrumb -->\r\n\t\t\t<div class=\"fbc fbc-page\">\r\n\r\n\t\t\t\t<!-- Breadcrumb wrapper -->\r\n\t\t\t\t<div class=\"fbc-wrap\">\r\n\r\n\t\t\t\t\t<!-- Ordered list-->\r\n\t\t\t\t\t<ol class=\"fbc-items\" itemscope itemtype=\"https:\/\/schema.org\/BreadcrumbList\">\r\n\t\t\t\t\t\t            <li itemprop=\"itemListElement\" itemscope itemtype=\"https:\/\/schema.org\/ListItem\">\r\n                <span itemprop=\"name\">\r\n                    <!-- Home Link -->\r\n                    <a itemprop=\"item\" href=\"https:\/\/adocia.s18854168.onlinehome-server.info\">\r\n                    \r\n                                                    <i class=\"fa fa-home\" aria-hidden=\"true\"><\/i>Home                    <\/a>\r\n                <\/span>\r\n                <meta itemprop=\"position\" content=\"1\" \/><!-- Meta Position-->\r\n             <\/li><li><span class=\"fbc-separator\">\/<\/span><\/li><li class=\"active\" itemprop=\"itemListElement\" itemscope itemtype=\"https:\/\/schema.org\/ListItem\"><span itemprop=\"name\" title=\"Management\">Management<\/span><meta itemprop=\"position\" content=\"2\" \/><\/li>\t\t\t\t\t<\/ol>\r\n\t\t\t\t\t<div class=\"clearfix\"><\/div>\r\n\t\t\t\t<\/div>\r\n\t\t\t<\/div>\r\n\t\t\t[\/vc_column_text][\/vc_column][\/vc_row][vc_row el_class=\u00a0\u00bbcontainer\u00a0\u00bb][vc_column][vc_column_text]<\/p>\n<h2>Management<\/h2>\n<p>[\/vc_column_text][vc_row_inner el_class=\u00a0\u00bbd-flex flex-wrap\u00a0\u00bb][vc_column_inner width=\u00a0\u00bb1\/3&Prime; offset=\u00a0\u00bbvc_col-md-4&Prime;]\n    <div class=\"cstm-team\">\n                    <div class=\"img withline\">\n                <img loading=\"lazy\" decoding=\"async\" width=\"400\" height=\"400\" src=\"https:\/\/adocia.s18854168.onlinehome-server.info\/composants\/uploads\/2023\/05\/olivier-soula.jpg\" class=\"attachment-full size-full\" alt=\"\" srcset=\"https:\/\/adocia.s18854168.onlinehome-server.info\/composants\/uploads\/2023\/05\/olivier-soula.jpg 400w, https:\/\/adocia.s18854168.onlinehome-server.info\/composants\/uploads\/2023\/05\/olivier-soula-300x300.jpg 300w, https:\/\/adocia.s18854168.onlinehome-server.info\/composants\/uploads\/2023\/05\/olivier-soula-150x150.jpg 150w\" sizes=\"auto, (max-width: 400px) 100vw, 400px\" \/>            <\/div>\n                <div class=\"name\">\n            Olivier Soula, PhD, MBA                            <span>Directeur G\u00e9n\u00e9ral, Co-fondateur<\/span>\n                    <\/div>\n                    <div class=\"content\">\n                <div class=\"description\">\n                    Olivier Soula est titulaire d&rsquo;un doctorat en physico-chimie des polym\u00e8res et d&rsquo;un MBA. Pendant les 8 ann\u00e9es pass\u00e9es chez Flamel Technologies, o\u00f9 il \u00e9tait directeur de la recherche, il a men\u00e9 avec succ\u00e8s le d\u00e9veloppement de Medusa, une plateforme de lib\u00e9ration prolong\u00e9e de prot\u00e9ines th\u00e9rapeutiques qui a fait l&rsquo;objet d&rsquo;un partenariat avec Bristol Myers Squibb.<\/p>\n<p>En 2005, Olivier a fond\u00e9 Adocia avec son p\u00e8re, G\u00e9rard Soula, et son fr\u00e8re, R\u00e9mi Soula. Olivier a occup\u00e9 successivement les fonctions de directeur de la recherche et du d\u00e9veloppement, de directeur g\u00e9n\u00e9ral d\u00e9l\u00e9gu\u00e9 puis de directeur g\u00e9n\u00e9ral depuis 2023. Il a contribu\u00e9 \u00e0 la signature de 4 partenariats majeurs repr\u00e9sentant plus de 150 millions de dollars de revenus avec Eli Lilly et avec Tonghua Dongbao.<\/p>\n<p>Olivier est co-auteur de plus de 40 brevets sur la d\u00e9livrance de prot\u00e9ines et travaille depuis plus de 20 ans dans le domaine des formulations innovantes d&rsquo;insuline.                <\/div>\n                                    <button>\n                        <img decoding=\"async\" src=\"https:\/\/adocia.s18854168.onlinehome-server.info\/composants\/themes\/adocia\/inc\/assets\/img\/icon-plus.png\" alt=\"Icone plus\">\n                        <img decoding=\"async\" src=\"https:\/\/adocia.s18854168.onlinehome-server.info\/composants\/themes\/adocia\/inc\/assets\/img\/icon-moins.png\" alt=\"Icone moins\">\n                    <\/button>\n                            <\/div>\n            <\/div>\n\n    [\/vc_column_inner][vc_column_inner width=\u00a0\u00bb1\/3&Prime; offset=\u00a0\u00bbvc_col-md-4&Prime;]\n    <div class=\"cstm-team\">\n                    <div class=\"img withline\">\n                <img loading=\"lazy\" decoding=\"async\" width=\"400\" height=\"400\" src=\"https:\/\/adocia.s18854168.onlinehome-server.info\/composants\/uploads\/2023\/05\/valerie-danaguezian.jpg\" class=\"attachment-full size-full\" alt=\"\" srcset=\"https:\/\/adocia.s18854168.onlinehome-server.info\/composants\/uploads\/2023\/05\/valerie-danaguezian.jpg 400w, https:\/\/adocia.s18854168.onlinehome-server.info\/composants\/uploads\/2023\/05\/valerie-danaguezian-300x300.jpg 300w, https:\/\/adocia.s18854168.onlinehome-server.info\/composants\/uploads\/2023\/05\/valerie-danaguezian-150x150.jpg 150w\" sizes=\"auto, (max-width: 400px) 100vw, 400px\" \/>            <\/div>\n                <div class=\"name\">\n            Val\u00e9rie Danaguezian                            <span>Directrice Administrative &amp; Financi\u00e8re<\/span>\n                    <\/div>\n                    <div class=\"content\">\n                <div class=\"description\">\n                    Val\u00e9rie Danaguezian a travaill\u00e9 pendant 4 ans en tant qu&rsquo;auditeur externe chez Calan Ramolino &amp; Associ\u00e9s (Deloitte &amp; Touche).<\/p>\n<p>En 1991, elle a rejoint Sanofi Pasteur o\u00f9 elle \u00e9tait en charge de la consolidation financi\u00e8re du groupe ; elle a est ensuite promue directrice du contr\u00f4le financier de la R&amp;D.<\/p>\n<p>En 2003, elle a rejoint Flamel Technologies en tant que directrice financi\u00e8re, poste qu&rsquo;elle occupe pendant 3 ans. C&rsquo;est en 2006 qu&rsquo;elle rejoint Adocia aux c\u00f4t\u00e9s de la famille Soula en tant que directrice administrative et financi\u00e8re.                <\/div>\n                                    <button>\n                        <img decoding=\"async\" src=\"https:\/\/adocia.s18854168.onlinehome-server.info\/composants\/themes\/adocia\/inc\/assets\/img\/icon-plus.png\" alt=\"Icone plus\">\n                        <img decoding=\"async\" src=\"https:\/\/adocia.s18854168.onlinehome-server.info\/composants\/themes\/adocia\/inc\/assets\/img\/icon-moins.png\" alt=\"Icone moins\">\n                    <\/button>\n                            <\/div>\n            <\/div>\n\n    [\/vc_column_inner][vc_column_inner width=\u00a0\u00bb1\/3&Prime;]\n    <div class=\"cstm-team\">\n                    <div class=\"img\">\n                <img loading=\"lazy\" decoding=\"async\" width=\"400\" height=\"400\" src=\"https:\/\/adocia.s18854168.onlinehome-server.info\/composants\/uploads\/2023\/09\/rosy-eloy.jpg\" class=\"attachment-full size-full\" alt=\"Rosy Eloy\" srcset=\"https:\/\/adocia.s18854168.onlinehome-server.info\/composants\/uploads\/2023\/09\/rosy-eloy.jpg 400w, https:\/\/adocia.s18854168.onlinehome-server.info\/composants\/uploads\/2023\/09\/rosy-eloy-300x300.jpg 300w, https:\/\/adocia.s18854168.onlinehome-server.info\/composants\/uploads\/2023\/09\/rosy-eloy-150x150.jpg 150w\" sizes=\"auto, (max-width: 400px) 100vw, 400px\" \/>            <\/div>\n                <div class=\"name\">\n            Rosy Eloy, MD                            <span>Directrice M\u00e9dical<\/span>\n                    <\/div>\n            <\/div>\n\n    [\/vc_column_inner][\/vc_row_inner][vc_row_inner el_class=\u00a0\u00bbd-flex flex-wrap\u00a0\u00bb][vc_column_inner width=\u00a0\u00bb1\/2&Prime; offset=\u00a0\u00bbvc_col-md-4&Prime;]\n    <div class=\"cstm-team\">\n                    <div class=\"img\">\n                <img loading=\"lazy\" decoding=\"async\" width=\"400\" height=\"401\" src=\"https:\/\/adocia.s18854168.onlinehome-server.info\/composants\/uploads\/2023\/06\/YPC_0007_Jeremy-Benattar.jpg\" class=\"attachment-full size-full\" alt=\"\" srcset=\"https:\/\/adocia.s18854168.onlinehome-server.info\/composants\/uploads\/2023\/06\/YPC_0007_Jeremy-Benattar.jpg 400w, https:\/\/adocia.s18854168.onlinehome-server.info\/composants\/uploads\/2023\/06\/YPC_0007_Jeremy-Benattar-300x300.jpg 300w, https:\/\/adocia.s18854168.onlinehome-server.info\/composants\/uploads\/2023\/06\/YPC_0007_Jeremy-Benattar-150x150.jpg 150w\" sizes=\"auto, (max-width: 400px) 100vw, 400px\" \/>            <\/div>\n                <div class=\"name\">\n            J\u00e9r\u00e9my Benattar, PharmD, Eng                            <span>Directeur Marketing &amp; Strat\u00e9gie<\/span>\n                    <\/div>\n            <\/div>\n\n    [\/vc_column_inner][vc_column_inner width=\u00a0\u00bb1\/2&Prime; offset=\u00a0\u00bbvc_col-md-4&Prime;]\n    <div class=\"cstm-team\">\n                    <div class=\"img withline\">\n                <img loading=\"lazy\" decoding=\"async\" width=\"400\" height=\"401\" src=\"https:\/\/adocia.s18854168.onlinehome-server.info\/composants\/uploads\/2023\/06\/YPC_0004_Emmanuel-Dauty.jpg\" class=\"attachment-full size-full\" alt=\"\" srcset=\"https:\/\/adocia.s18854168.onlinehome-server.info\/composants\/uploads\/2023\/06\/YPC_0004_Emmanuel-Dauty.jpg 400w, https:\/\/adocia.s18854168.onlinehome-server.info\/composants\/uploads\/2023\/06\/YPC_0004_Emmanuel-Dauty-300x300.jpg 300w, https:\/\/adocia.s18854168.onlinehome-server.info\/composants\/uploads\/2023\/06\/YPC_0004_Emmanuel-Dauty-150x150.jpg 150w\" sizes=\"auto, (max-width: 400px) 100vw, 400px\" \/>            <\/div>\n                <div class=\"name\">\n            Emmanuel Dauty, PhD                            <span>Directeur Innovation &amp; D\u00e9partement Physico-Chimie<\/span>\n                    <\/div>\n            <\/div>\n\n    [\/vc_column_inner][vc_column_inner width=\u00a0\u00bb1\/2&Prime; offset=\u00a0\u00bbvc_col-md-4&Prime;]\n    <div class=\"cstm-team\">\n                    <div class=\"img withline\">\n                <img loading=\"lazy\" decoding=\"async\" width=\"400\" height=\"400\" src=\"https:\/\/adocia.s18854168.onlinehome-server.info\/composants\/uploads\/2023\/06\/Martin-GAUDIER.png\" class=\"attachment-full size-full\" alt=\"\" srcset=\"https:\/\/adocia.s18854168.onlinehome-server.info\/composants\/uploads\/2023\/06\/Martin-GAUDIER.png 400w, https:\/\/adocia.s18854168.onlinehome-server.info\/composants\/uploads\/2023\/06\/Martin-GAUDIER-300x300.png 300w, https:\/\/adocia.s18854168.onlinehome-server.info\/composants\/uploads\/2023\/06\/Martin-GAUDIER-150x150.png 150w\" sizes=\"auto, (max-width: 400px) 100vw, 400px\" \/>            <\/div>\n                <div class=\"name\">\n            Martin Gaudier, PhD                            <span>Directeur Recherche &amp; Development<\/span>\n                    <\/div>\n            <\/div>\n\n    [\/vc_column_inner][vc_column_inner width=\u00a0\u00bb1\/2&Prime; offset=\u00a0\u00bbvc_col-md-4&Prime;]\n    <div class=\"cstm-team\">\n                    <div class=\"img withline\">\n                <img loading=\"lazy\" decoding=\"async\" width=\"400\" height=\"401\" src=\"https:\/\/adocia.s18854168.onlinehome-server.info\/composants\/uploads\/2023\/06\/YPC_0008_Arriere-plan.jpg\" class=\"attachment-full size-full\" alt=\"\" srcset=\"https:\/\/adocia.s18854168.onlinehome-server.info\/composants\/uploads\/2023\/06\/YPC_0008_Arriere-plan.jpg 400w, https:\/\/adocia.s18854168.onlinehome-server.info\/composants\/uploads\/2023\/06\/YPC_0008_Arriere-plan-300x300.jpg 300w, https:\/\/adocia.s18854168.onlinehome-server.info\/composants\/uploads\/2023\/06\/YPC_0008_Arriere-plan-150x150.jpg 150w\" sizes=\"auto, (max-width: 400px) 100vw, 400px\" \/>            <\/div>\n                <div class=\"name\">\n            You Ping Chan, PhD, MBA                            <span>Directeur Recherche &amp; Development<\/span>\n                    <\/div>\n            <\/div>\n\n    [\/vc_column_inner][vc_column_inner width=\u00a0\u00bb1\/2&Prime; offset=\u00a0\u00bbvc_col-md-4&Prime;]\n    <div class=\"cstm-team\">\n                    <div class=\"img withline\">\n                <img loading=\"lazy\" decoding=\"async\" width=\"400\" height=\"401\" src=\"https:\/\/adocia.s18854168.onlinehome-server.info\/composants\/uploads\/2023\/06\/YPC_0003_David-Rigal-2.jpg\" class=\"attachment-full size-full\" alt=\"\" srcset=\"https:\/\/adocia.s18854168.onlinehome-server.info\/composants\/uploads\/2023\/06\/YPC_0003_David-Rigal-2.jpg 400w, https:\/\/adocia.s18854168.onlinehome-server.info\/composants\/uploads\/2023\/06\/YPC_0003_David-Rigal-2-300x300.jpg 300w, https:\/\/adocia.s18854168.onlinehome-server.info\/composants\/uploads\/2023\/06\/YPC_0003_David-Rigal-2-150x150.jpg 150w\" sizes=\"auto, (max-width: 400px) 100vw, 400px\" \/>            <\/div>\n                <div class=\"name\">\n            David Rigal, Eng                            <span>Directeur Op\u00e9rations Pharmaceutiques<\/span>\n                    <\/div>\n            <\/div>\n\n    [\/vc_column_inner][vc_column_inner width=\u00a0\u00bb1\/2&Prime; offset=\u00a0\u00bbvc_col-md-4&Prime;]\n    <div class=\"cstm-team\">\n                    <div class=\"img withline\">\n                <img loading=\"lazy\" decoding=\"async\" width=\"400\" height=\"401\" src=\"https:\/\/adocia.s18854168.onlinehome-server.info\/composants\/uploads\/2023\/06\/YPC_0005_Geraldine-1.jpg\" class=\"attachment-full size-full\" alt=\"\" srcset=\"https:\/\/adocia.s18854168.onlinehome-server.info\/composants\/uploads\/2023\/06\/YPC_0005_Geraldine-1.jpg 400w, https:\/\/adocia.s18854168.onlinehome-server.info\/composants\/uploads\/2023\/06\/YPC_0005_Geraldine-1-300x300.jpg 300w, https:\/\/adocia.s18854168.onlinehome-server.info\/composants\/uploads\/2023\/06\/YPC_0005_Geraldine-1-150x150.jpg 150w\" sizes=\"auto, (max-width: 400px) 100vw, 400px\" \/>            <\/div>\n                <div class=\"name\">\n            G\u00e9raldine Favre Soula                            <span>Directrice Ressources Humaines<\/span>\n                    <\/div>\n            <\/div>\n\n    [\/vc_column_inner][vc_column_inner width=\u00a0\u00bb1\/2&Prime; offset=\u00a0\u00bbvc_col-md-4&Prime;][\/vc_column_inner][vc_column_inner width=\u00a0\u00bb1\/2&Prime; offset=\u00a0\u00bbvc_col-md-4&Prime;][\/vc_column_inner][vc_column_inner width=\u00a0\u00bb1\/2&Prime; offset=\u00a0\u00bbvc_col-md-4&Prime;][\/vc_column_inner][vc_column_inner width=\u00a0\u00bb1\/2&Prime; offset=\u00a0\u00bbvc_col-md-4&Prime;][\/vc_column_inner][vc_column_inner width=\u00a0\u00bb1\/2&Prime; offset=\u00a0\u00bbvc_col-md-4&Prime;][\/vc_column_inner][vc_column_inner width=\u00a0\u00bb1\/2&Prime; offset=\u00a0\u00bbvc_col-md-4&Prime;][\/vc_column_inner][\/vc_row_inner][\/vc_column][\/vc_row][vc_row][vc_column]\n    <div class=\"line_separator st4\">\n        <svg version=\"1.1\" xmlns=\"http:\/\/www.w3.org\/2000\/svg\" xmlns:xlink=\"http:\/\/www.w3.org\/1999\/xlink\" x=\"0px\" y=\"0px\"\n             viewBox=\"0 0 1920 165\" style=\"enable-background:new 0 0 1920 165;\" xml:space=\"preserve\">\n            <linearGradient id=\"svg_gradient\" gradientUnits=\"userSpaceOnUse\" x1=\"0.995\" y1=\"1082.1384\" x2=\"1.9486\" y2=\"1082.1384\" gradientTransform=\"matrix(2013.24 0 0 -2013.24 -2003.0748 2178686.75)\">\n                <stop  offset=\"0\" style=\"stop-color:#009AA8\"\/>\n                <stop  offset=\"4.545450e-03\" style=\"stop-color:#009AA8\"\/>\n                <stop  offset=\"0.9955\" style=\"stop-color:#9EC41A\"\/>\n                <stop  offset=\"1\" style=\"stop-color:#9EC41A\"\/>\n            <\/linearGradient>\n            <path d=\"M1919.7,104.3c-247.7,37.4-498.5,56.4-745.4,56.4c-164,0-327.7-8.4-486.7-24.9\n        C560.5,122.6,436.1,104.2,317.9,81C116.3,41.6,1.8,1.8,0.6,1.4L0,1.1v3.1c8.1,2.8,119.7,41,317.7,79.7\n        c118.3,23.1,242.7,41.6,369.9,54.8c159,16.5,322.7,24.9,486.7,24.9c247,0,497.9-19,745.7-56.4v-3L1919.7,104.3z\"\/>\n        <\/svg>\n    <\/div>\n\n    [vc_column_text][\/vc_column_text][\/vc_column][\/vc_row]<\/p>\n<\/section>","protected":false},"excerpt":{"rendered":"<p>[vc_row content_placement=\u00a0\u00bbmiddle\u00a0\u00bb el_id=\u00a0\u00bbfirstimg\u00a0\u00bb css=\u00a0\u00bb.vc_custom_1683040456513{background-image: url(https:\/\/adocia.s18854168.onlinehome-server.info\/composants\/uploads\/2023\/05\/firstimg-financials.jpg?id=217) !important;background-position: center !important;background-repeat: no-repeat !important;background-size: cover !important;}\u00a0\u00bb el_class=\u00a0\u00bbbg-dark\u00a0\u00bb][vc_column][vc_row_inner el_class=\u00a0\u00bbcontainer\u00a0\u00bb][vc_column_inner el_class=\u00a0\u00bbfadeInLeft\u00a0\u00bb width=\u00a0\u00bb3\/4&Prime; offset=\u00a0\u00bbvc_col-lg-7 vc_col-md-8&Prime;][vc_column_text] Relation Investisseurs [\/vc_column_text][vc_column_text el_class=\u00a0\u00bbh4&Prime;]BIENVENUE DANS L&rsquo;ESPACE D\u00c9DI\u00c9 [&hellip;]<\/p>\n","protected":false},"author":1,"featured_media":0,"parent":5564,"menu_order":3,"comment_status":"closed","ping_status":"closed","template":"","meta":{"_mi_skip_tracking":false,"_monsterinsights_sitenote_active":false,"_monsterinsights_sitenote_note":"","_monsterinsights_sitenote_category":0,"footnotes":""},"class_list":["post-5981","page","type-page","status-publish","hentry"],"acf":[],"aioseo_notices":[],"_links":{"self":[{"href":"https:\/\/adocia.s18854168.onlinehome-server.info\/fr\/wp-json\/wp\/v2\/pages\/5981","targetHints":{"allow":["GET"]}}],"collection":[{"href":"https:\/\/adocia.s18854168.onlinehome-server.info\/fr\/wp-json\/wp\/v2\/pages"}],"about":[{"href":"https:\/\/adocia.s18854168.onlinehome-server.info\/fr\/wp-json\/wp\/v2\/types\/page"}],"author":[{"embeddable":true,"href":"https:\/\/adocia.s18854168.onlinehome-server.info\/fr\/wp-json\/wp\/v2\/users\/1"}],"replies":[{"embeddable":true,"href":"https:\/\/adocia.s18854168.onlinehome-server.info\/fr\/wp-json\/wp\/v2\/comments?post=5981"}],"version-history":[{"count":9,"href":"https:\/\/adocia.s18854168.onlinehome-server.info\/fr\/wp-json\/wp\/v2\/pages\/5981\/revisions"}],"predecessor-version":[{"id":7643,"href":"https:\/\/adocia.s18854168.onlinehome-server.info\/fr\/wp-json\/wp\/v2\/pages\/5981\/revisions\/7643"}],"up":[{"embeddable":true,"href":"https:\/\/adocia.s18854168.onlinehome-server.info\/fr\/wp-json\/wp\/v2\/pages\/5564"}],"wp:attachment":[{"href":"https:\/\/adocia.s18854168.onlinehome-server.info\/fr\/wp-json\/wp\/v2\/media?parent=5981"}],"curies":[{"name":"wp","href":"https:\/\/api.w.org\/{rel}","templated":true}]}}