{"id":6148,"date":"2023-04-24T17:32:30","date_gmt":"2023-04-24T15:32:30","guid":{"rendered":"https:\/\/adocia.s18854168.onlinehome-server.info\/personal-data\/"},"modified":"2023-10-09T11:31:55","modified_gmt":"2023-10-09T09:31:55","slug":"politique-confidentialite","status":"publish","type":"page","link":"https:\/\/adocia.s18854168.onlinehome-server.info\/fr\/politique-confidentialite\/","title":{"rendered":"Politique de confidentialit\u00e9"},"content":{"rendered":"<section class=\"wpb-content-wrapper\"><p>[vc_row el_id=\u00a0\u00bbfirstimg\u00a0\u00bb css=\u00a0\u00bb.vc_custom_1686146068441{background-image: url(https:\/\/adocia.s18854168.onlinehome-server.info\/composants\/uploads\/2023\/04\/firstimg-home.jpg?id=34) !important;}\u00a0\u00bb][vc_column el_class=\u00a0\u00bbcontainer\u00a0\u00bb][vc_column_text]<\/p>\n<h1>Politique de confidentialit\u00e9 et des cookies<\/h1>\n<p>[\/vc_column_text][\/vc_column][\/vc_row][vc_section el_id=\u00a0\u00bbnotice-page\u00a0\u00bb][vc_row el_class=\u00a0\u00bbcontainer\u00a0\u00bb][vc_column][vc_column_text]ADOCIA, soci\u00e9t\u00e9 anonyme \u00e0 conseil d\u2019administration, immatricul\u00e9e au Registre du Commerce et des Soci\u00e9t\u00e9s de Lyon sous le num\u00e9ro 487 647 737, dont le si\u00e8ge social est sis 115 avenue Lacassagne, 69003 Lyon (France), est soucieuse de la protection des donn\u00e9es personnelles des visiteurs (ci-apr\u00e8s \u00ab Vous \u00bb) de son site internet www.adocia.com (ci-apr\u00e8s le \u00ab Site \u00bb) et s\u2019engage \u00e0 les prot\u00e9ger en conformit\u00e9 avec la r\u00e9glementation applicable et notamment le R\u00e8glement (UE) n\u00b02016\/679 du 27 avril 2016 dit \u00ab R\u00e8glement G\u00e9n\u00e9ral sur la Protection des Donn\u00e9es \u00bb ou \u00ab RGPD \u00bb et la loi n\u00b0 78-17 du 6 janvier 1978 dite \u00ab Loi Informatique et Libert\u00e9s \u00bb modifi\u00e9e.<\/p>\n<p>Lorsqu\u2019elle collecte vos donn\u00e9es personnelles, ADOCIA met en \u0153uvre des traitements de celles-ci pour lesquels elle est qualifi\u00e9e de \u00ab responsable de traitement \u00bb, au sens des textes pr\u00e9cit\u00e9s. A ce titre, ADOCIA s\u2019engage \u00e0 respecter \u00e0 tout moment les exigences de la r\u00e9glementation applicable \u00e0 la protection des donn\u00e9es personnelles et \u00e0 n\u2019op\u00e9rer de traitements de vos donn\u00e9es personnelles que dans les conditions pr\u00e9vues ci-apr\u00e8s.<\/p>\n<p>ADOCIA a d\u00e9sign\u00e9 DPO CONSULTING SUD-EST comme d\u00e9l\u00e9gu\u00e9 \u00e0 la protection des donn\u00e9es (DPD).<\/p>\n<h2>Bases l\u00e9gales et Finalit\u00e9s du traitement de vos donn\u00e9es personnelles<\/h2>\n<p>Les traitements de donn\u00e9es \u00e0 caract\u00e8re personnel mis en \u0153uvre par ADOCIA (ou le Site) ont pour base juridique :<br \/>\nL\u2019int\u00e9r\u00eat l\u00e9gitime poursuivi par ADOCIA lorsqu\u2019ADOCIA poursuit les finalit\u00e9s suivantes :<\/p>\n<ul>\n<li>g\u00e9rer les recrutements lorsque vous adressez votre candidature par l\u2019interm\u00e9diaire du Site ;<\/li>\n<li>communiquer avec vous lorsque vous sollicitez toutes informations par l\u2019interm\u00e9diaire des formulaires de contact disponibles sur le Site :<\/li>\n<li>contact g\u00e9n\u00e9ral : vous informer sur les produits et services propos\u00e9s par ADOCIA ;<\/li>\n<li>contact investisseurs : pour dialoguer sur la gouvernance et l\u2019actionnariat de l\u2019entreprise ;<\/li>\n<li>contact partenaires : pour dialoguer sur les opportunit\u00e9s de licence propos\u00e9es par ADOCIA.<\/li>\n<li>suivre et analyser le trafic du Site et \u00e0 des fins statistiques.<\/li>\n<\/ul>\n<h2>Donn\u00e9es personnelles collect\u00e9es<\/h2>\n<p>ADOCIA collecte les donn\u00e9es suivantes vous concernant :<\/p>\n<ul>\n<li>Formulaire de candidature :<\/li>\n<li>votre \u00e9tat civil : pr\u00e9nom, nom, adresse email personnelle ;<\/li>\n<li>votre vie professionnelle : curriculum vitae, lettre de motivation ;<\/li>\n<li>toute information que vous indiqueriez dans la zone de message libre.<\/li>\n<li>Formulaires de contact g\u00e9n\u00e9ral, partenaires et investisseurs :<\/li>\n<li>Votre \u00e9tat civil : nom, adresse email<\/li>\n<li>toute information que vous indiqueriez dans la zone de message libre.<\/li>\n<\/ul>\n<p>Le caract\u00e8re obligatoire ou facultatif de la saisine des donn\u00e9es est pr\u00e9cis\u00e9 lors de la collecte, par la mention \u00ab obligatoire \u00bb appos\u00e9e \u00e0 c\u00f4t\u00e9 des donn\u00e9es \u00e0 renseigner obligatoirement. La communication obligatoire de certaines de vos donn\u00e9es personnelles est n\u00e9cessaire \u00e0 ADOCIA pour mettre en \u0153uvre les finalit\u00e9s ci-avant pr\u00e9cis\u00e9es. Les donn\u00e9es facultatives permettent \u00e0 ADOCIA de mieux vous connaitre.<\/p>\n<h2>Dur\u00e9e de conservation de vos donn\u00e9es personnelles<\/h2>\n<p>Vos donn\u00e9es personnelles collect\u00e9es dans le cadre d\u2019une candidature seront conserv\u00e9es pendant le temps n\u00e9cessaire au recrutement. En cas d\u2019issue n\u00e9gative d\u2019une candidature, vos donn\u00e9es seront archiv\u00e9es pendant une dur\u00e9e de deux ans afin de permettre, le cas \u00e9ch\u00e9ant, de vous recontacter.<\/p>\n<p>Vos donn\u00e9es personnelles collect\u00e9es par le biais des formulaires de contact seront conserv\u00e9es pendant un d\u00e9lai de trois (3) ans. Dans l\u2019hypoth\u00e8se o\u00f9 ADOCIA et vous entreriez dans une relation contractuelle, vos donn\u00e9es seront conserv\u00e9es pendant la dur\u00e9e n\u00e9cessaire \u00e0 la bonne gestion de notre relation contractuelle puis archiv\u00e9es pendant la dur\u00e9e l\u00e9gale de prescription aux fins de preuve pour la constatation, l\u2019exercice ou la d\u00e9fense d\u2019un droit en justice.<\/p>\n<h2>Destinataires de vos donn\u00e9es personnelles<\/h2>\n<p>Vos donn\u00e9es personnelles sont strictement confidentielles et destin\u00e9es exclusivement \u00e0 ADOCIA.<\/p>\n<p>Sauf obligation l\u00e9gale ou judiciaire lui enjoignant de le faire, ADOCIA ne divulguera, c\u00e9dera, louera ou transmettra jamais vos donn\u00e9es personnelles \u00e0 des tiers autres que l\u2019h\u00e9bergeur du Site, tel que mentionn\u00e9 dans les mentions l\u00e9gales du Site, disponibles \u00e0 l\u2019adresse suivante : Mentions l\u00e9gales , aux fins d\u2019ex\u00e9cution des prestations techniques d\u2019h\u00e9bergement et de gestion des bases de donn\u00e9es et uniquement dans les conditions contractuelles sign\u00e9es entre l\u2019h\u00e9bergeur et ADOCIA qui ne sauraient d\u00e9roger au pr\u00e9sent article.<\/p>\n<h2>Mesures de s\u00e9curit\u00e9 mises en \u0153uvre<\/h2>\n<p>ADOCIA s\u2019engage \u00e0 assurer la s\u00e9curit\u00e9 et l\u2019int\u00e9grit\u00e9 de vos donn\u00e9es personnelles. A ce titre, ADOCIA met en \u0153uvre et maintient des mesures techniques et organisationnelles de s\u00e9curit\u00e9 du Site et de son syst\u00e8me d\u2019information adapt\u00e9es au regard de la nature de vos donn\u00e9es personnelles et des risques pr\u00e9sent\u00e9s par leur traitement. Ces mesures visent \u00e0 (i) prot\u00e9ger vos donn\u00e9es personnelles contre leur destruction, perte, alt\u00e9ration, divulgation \u00e0 des tiers non autoris\u00e9s, (ii) assurer le r\u00e9tablissement de la disponibilit\u00e9 de vos donn\u00e9es personnelles et l\u2019acc\u00e8s \u00e0 celles-ci dans des d\u00e9lais appropri\u00e9s en cas d\u2019incident physique ou technique.<\/p>\n<h2>Les droits que vous d\u00e9tenez sur vos donn\u00e9es personnelles<\/h2>\n<p>Vous disposez, \u00e0 tout moment, des droits suivants sur vos donn\u00e9es personnelles :<\/p>\n<ul>\n<li>Droit \u00e0 l\u2019information : le droit d\u2019avoir une information claire, pr\u00e9cise et compl\u00e8te sur l\u2019utilisation des Donn\u00e9es personnelles par ADOCIA ;<\/li>\n<li>Droit d\u2019acc\u00e8s : le droit d\u2019obtenir une copie des Donn\u00e9es personnelles que le Responsable de Traitement d\u00e9tient sur Vous ;<\/li>\n<li>Droit de rectification : le droit de faire rectifier vos Donn\u00e9es personnelles si elles sont inexactes ou obsol\u00e8tes et\/ou de les compl\u00e9ter si elles sont incompl\u00e8tes ;<\/li>\n<li>Droit \u00e0 l\u2019effacement (\u00ab droit \u00e0 l\u2019oubli \u00bb) : le droit, dans certaines conditions, de faire effacer ou supprimer vos Donn\u00e9es, \u00e0 moins qu\u2019ADOCIA ait un int\u00e9r\u00eat l\u00e9gitime \u00e0 les conserver ;<\/li>\n<li>Droit \u00e0 la limitation du traitement : le droit, dans certaines conditions, de demander \u00e0 ce que le Traitement des Donn\u00e9es personnelles soit momentan\u00e9ment suspendu ;<\/li>\n<li>Droit \u00e0 la portabilit\u00e9 : le droit de demander \u00e0 ce que vos Donn\u00e9es personnelles soient transmises dans un format r\u00e9exploitable permettant de les utiliser dans une autre base de Donn\u00e9es ;<\/li>\n<li>Droit d\u2019opposition : le droit de vous opposer au Traitement de vos Donn\u00e9es Personnelles par ADOCIA pour des raisons tenant votre situation particuli\u00e8re (sous conditions). ;<\/li>\n<li>Retrait du consentement : retirer votre consentement au traitement futur de vos donn\u00e9es personnelles par ADOCIA, lorsque que le traitement est fond\u00e9 sur le consentement ;<\/li>\n<li>Droit d\u2019introduire une r\u00e9clamation : introduire une r\u00e9clamation aupr\u00e8s de la Commission Nationale de l\u2019Informatique et des Libert\u00e9s si vous consid\u00e9rez que le traitement op\u00e9r\u00e9 par ADOCIA constitue une violation de vos donn\u00e9es personnelles.<\/li>\n<li>Vous pouvez exercer vos droits \u00e0 tout moment aupr\u00e8s du d\u00e9l\u00e9gu\u00e9 \u00e0 la protection des donn\u00e9es d\u2019ADOCIA, par email \u00e0 l\u2019adresse suivante : dpo@adocia.com.<\/li>\n<\/ul>\n<h2>Gestion des cookies<\/h2>\n<p>ADOCIA a recours \u00e0 l\u2019utilisation de cookies pour les bonnes fins du fonctionnement du Site et pour suivre et analyser le trafic sur le Site. Un \u00ab cookie \u00bb est un petit fichier de donn\u00e9es envoy\u00e9 \u00e0 votre navigateur par un serveur web et stock\u00e9 sur le disque dur de votre ordinateur. Ils ne risquent en aucun cas d\u2019endommager votre ordinateur.<br \/>\nLes informations collect\u00e9es par le biais des cookies sont uniquement et strictement destin\u00e9es \u00e0 ADOCIA, dans le respect de la r\u00e9glementation applicable \u00e0 la protection des donn\u00e9es personnelles. Elles ne sont jamais transmises \u00e0 des tiers.<\/p>\n<p>Les cookies de fonctionnement du Site sont strictement n\u00e9cessaires au bon fonctionnement du Site. A partir de l\u2019onglet \u00ab personnalisation des cookies \u00bb pr\u00e9sent dans le bandeau cookies, vous pouvez bloquer l\u2019utilisation de certains cookies, tout en sachant que certaines fonctionnalit\u00e9s du Site ne seront plus accessibles. Ces cookies ne conservent pas d\u2019informations permettant de vous identifier personnellement.<\/p>\n<p>Aux fins de suivre et analyser le trafic sur le Site ADOCIA utilise le cookie Google Analytics. Ce cookie permet de diff\u00e9rencier les visiteurs et r\u00e9aliser des statistiques d\u2019utilisation du Site par les visiteurs, telles que, le nombre de pages visit\u00e9es, la fr\u00e9quence, la dur\u00e9e et la r\u00e9currence des visites. Ces donn\u00e9es dont conserv\u00e9es pendant treize (13) mois, en accord avec les recommandations de la CNIL.<\/p>\n<p>Le Site utilise un plug-in du r\u00e9seau social LinkedIn\u00ae, exploit\u00e9 par la soci\u00e9t\u00e9 Microsoft Corporation, dont le si\u00e8ge social est sis One Microsoft Way, Microsoft Redmond Campus, Redmond, Etats-Unis (ci-apr\u00e8s \u00ab LinkedIn \u00bb).<\/p>\n<p>Lorsque vous cliquez sur ce plug-in, vous \u00eates renvoy\u00e9 \u00e0 la page d\u2019ADOCIA sur ce r\u00e9seau social. En cliquant sur ce plug-in, votre navigateur \u00e9tablit une connexion directe avec les serveurs de LinkedIn. Le contenu du plug-in est aussit\u00f4t transmis par votre navigateur \u00e0 LinkedIn et enregistr\u00e9 sur ses serveurs. Par l\u2019int\u00e9gration de ce plug-in, LinkedIn est inform\u00e9e que vous avez consult\u00e9 notre Site. LinkedIn peut ainsi associer votre navigation sur le Site \u00e0 votre compte utilisateur LinkedIn. Si vous ne souhaitez pas que LinkedIn collecte des donn\u00e9es vous concernant par l\u2019interm\u00e9diaire du Site et les relie \u00e0 votre compte utilisateur LinkedIn, vous devez vous d\u00e9connecter de LinkedIn avant de visiter le Site. Si vous n\u2019\u00eates pas membre de LinkedIn, il est n\u00e9anmoins possible que Linkedin r\u00e9cup\u00e8re et enregistre votre adresse IP.<\/p>\n<p>En tout \u00e9tat de cause, ADOCIA n\u2019a aucun contr\u00f4le sur le contenu exact des donn\u00e9es ainsi collect\u00e9es. L\u2019utilisation de ce plug-in est exclusivement op\u00e9r\u00e9e par LinkedIn et r\u00e9gie par les conditions g\u00e9n\u00e9rales d\u2019utilisation de Linkedin, disponibles \u00e0 l\u2019adresse suivante : LinkedIn cookie policy.<\/p>\n<p>Linkedin \u00ae est une marque d\u00e9pos\u00e9e et appartient exclusivement \u00e0 la soci\u00e9t\u00e9 Microsoft Corporation.<\/p>\n<p>Conform\u00e9ment \u00e0 la r\u00e9glementation applicable sur la protection des donn\u00e9es personnelles, vous pouvez, \u00e0 tout moment, vous opposer \u00e0 l\u2019enregistrement des cookies. Vous pouvez exercer ce droit en vous adressant au d\u00e9l\u00e9gu\u00e9 \u00e0 la protection des donn\u00e9es d\u2019ADOCIA par email \u00e0 l\u2019adresse suivante : dpo@adocia.com<\/p>\n<h2>ANNEXE \u2013 GLOSSAIRE<\/h2>\n<p>Les mots et expressions utilis\u00e9s dans la pr\u00e9sente Politique de protection des donn\u00e9es ont le sens qui leur est donn\u00e9 par le RGPD et la Loi Informatique et Libert\u00e9s :<\/p>\n<ul>\n<li>Destinataire : d\u00e9signe la personne physique ou morale, l\u2019autorit\u00e9 publique, le service ou tout autre organisme qui re\u00e7oit communication de donn\u00e9es \u00e0 caract\u00e8re personnel, qu\u2019il s\u2019agisse ou non d\u2019un tiers (\u2026)<\/li>\n<li>Donn\u00e9e personnelle : d\u00e9signe toute information se rapportant \u00e0 une personne physique directement ou indirectement identifi\u00e9e ou identifiable, notamment par r\u00e9f\u00e9rence \u00e0 un identifiant, tel qu\u2019un nom, un num\u00e9ro d\u2019identification, des donn\u00e9es de localisation, un identifiant en ligne, ou \u00e0 un ou plusieurs \u00e9l\u00e9ments sp\u00e9cifiques propres \u00e0 son identit\u00e9 physique, physiologique, g\u00e9n\u00e9tique, psychique, \u00e9conomique, culturelle ou sociale.<\/li>\n<li>Responsable du traitement : d\u00e9signe la personne physique ou morale, l\u2019autorit\u00e9 publique, le service ou un autre organisme qui, seul ou conjointement avec d\u2019autres, d\u00e9termine les finalit\u00e9s et les moyens du traitement.<\/li>\n<li>Sous-traitant : d\u00e9signe la personne physique ou morale, l\u2019autorit\u00e9 publique, le service ou un autre organisme qui traite des donn\u00e9es personnelles pour le compte du responsable du traitement ou du sous-traitant initial.<\/li>\n<li>Traitement : d\u00e9signe toute op\u00e9ration ou tout ensemble d\u2019op\u00e9rations effectu\u00e9es ou non \u00e0 l\u2019aide de proc\u00e9d\u00e9s automatis\u00e9s et appliqu\u00e9es \u00e0 des donn\u00e9es ou des ensembles de donn\u00e9es personnelles, tels que la collecte, l\u2019enregistrement, l\u2019organisation, la structuration, la conservation, l\u2019adaptation ou la modification, l\u2019extraction, la consultation, l\u2019utilisation, la communication par transmission, la diffusion ou toute autre forme de mise \u00e0 disposition, le rapprochement ou l\u2019interconnexion, la limitation, l\u2019effacement ou la destruction.<\/li>\n<\/ul>\n<p>[\/vc_column_text][\/vc_column][\/vc_row][\/vc_section]<\/p>\n<\/section>","protected":false},"excerpt":{"rendered":"<p>[vc_row el_id=\u00a0\u00bbfirstimg\u00a0\u00bb css=\u00a0\u00bb.vc_custom_1686146068441{background-image: url(https:\/\/adocia.s18854168.onlinehome-server.info\/composants\/uploads\/2023\/04\/firstimg-home.jpg?id=34) !important;}\u00a0\u00bb][vc_column el_class=\u00a0\u00bbcontainer\u00a0\u00bb][vc_column_text] Politique de confidentialit\u00e9 et des cookies [\/vc_column_text][\/vc_column][\/vc_row][vc_section el_id=\u00a0\u00bbnotice-page\u00a0\u00bb][vc_row el_class=\u00a0\u00bbcontainer\u00a0\u00bb][vc_column][vc_column_text]ADOCIA, soci\u00e9t\u00e9 anonyme \u00e0 conseil d\u2019administration, immatricul\u00e9e au Registre du Commerce [&hellip;]<\/p>\n","protected":false},"author":1,"featured_media":0,"parent":0,"menu_order":9,"comment_status":"closed","ping_status":"closed","template":"","meta":{"_mi_skip_tracking":false,"_monsterinsights_sitenote_active":false,"_monsterinsights_sitenote_note":"","_monsterinsights_sitenote_category":0,"footnotes":""},"class_list":["post-6148","page","type-page","status-publish","hentry"],"acf":[],"aioseo_notices":[],"_links":{"self":[{"href":"https:\/\/adocia.s18854168.onlinehome-server.info\/fr\/wp-json\/wp\/v2\/pages\/6148","targetHints":{"allow":["GET"]}}],"collection":[{"href":"https:\/\/adocia.s18854168.onlinehome-server.info\/fr\/wp-json\/wp\/v2\/pages"}],"about":[{"href":"https:\/\/adocia.s18854168.onlinehome-server.info\/fr\/wp-json\/wp\/v2\/types\/page"}],"author":[{"embeddable":true,"href":"https:\/\/adocia.s18854168.onlinehome-server.info\/fr\/wp-json\/wp\/v2\/users\/1"}],"replies":[{"embeddable":true,"href":"https:\/\/adocia.s18854168.onlinehome-server.info\/fr\/wp-json\/wp\/v2\/comments?post=6148"}],"version-history":[{"count":10,"href":"https:\/\/adocia.s18854168.onlinehome-server.info\/fr\/wp-json\/wp\/v2\/pages\/6148\/revisions"}],"predecessor-version":[{"id":7659,"href":"https:\/\/adocia.s18854168.onlinehome-server.info\/fr\/wp-json\/wp\/v2\/pages\/6148\/revisions\/7659"}],"wp:attachment":[{"href":"https:\/\/adocia.s18854168.onlinehome-server.info\/fr\/wp-json\/wp\/v2\/media?parent=6148"}],"curies":[{"name":"wp","href":"https:\/\/api.w.org\/{rel}","templated":true}]}}